{"id":13888,"date":"2018-12-14T05:40:36","date_gmt":"2018-12-14T13:40:36","guid":{"rendered":"https:\/\/sd-memory-cards.net\/?page_id=13888"},"modified":"2020-06-21T04:50:12","modified_gmt":"2020-06-21T12:50:12","slug":"terms-and-conditions","status":"publish","type":"page","link":"https:\/\/sd-memory-cards.net\/de\/bedingungen-und-konditionen\/","title":{"rendered":"Bedingungen und Konditionen"},"content":{"rendered":"[et_pb_section bb_built=&#8221;1&#8243;][et_pb_row][et_pb_column type=&#8221;4_4&#8243;][et_pb_text _builder_version=&#8221;3.19.18&#8243;]\n<p>Diese Bedingungen und Konditionen umrei\u00dfen die Regeln und Vorschriften f\u00fcr die Nutzung der SD Memory Cards Website. Durch den Zugriff auf diese Website gehen wir davon aus, dass Sie diese Bedingungen und Konditionen vollst\u00e4ndig akzeptieren. Fahren Sie nicht fort, die sd-memory-cards.net-Website zu nutzen, wenn Sie nicht alle auf dieser Seite aufgef\u00fchrten Bedingungen und Konditionen akzeptieren.<\/p>\n<p>Die folgende Terminologie gilt f\u00fcr diese Bedingungen, die Datenschutzerkl\u00e4rung und den Haftungsausschluss sowie f\u00fcr alle Vereinbarungen: \"Kunde\", \"Sie\" und \"Ihr\" bezieht sich auf Sie, die Person, die auf diese Website zugreift und die Gesch\u00e4ftsbedingungen des Unternehmens akzeptiert. \"Das Unternehmen\", \"Wir\", \"Wir\", \"Unser\" und \"Uns\" bezieht sich auf unser Unternehmen. \"Partei\", \"Parteien\" oder \"uns\" bezieht sich sowohl auf den Kunden als auch auf uns selbst, oder entweder auf den Kunden oder auf uns selbst.<\/p>\n<p>Alle Begriffe beziehen sich auf das Angebot, die Annahme und die Ber\u00fccksichtigung der Zahlung, die notwendig ist, um den Prozess unserer Unterst\u00fctzung f\u00fcr den Kunden in der am besten geeigneten Art und Weise durchzuf\u00fchren, sei es durch formelle Treffen von fester Dauer oder durch jedes andere Mittel, mit dem ausdr\u00fccklichen Zweck, die Bed\u00fcrfnisse des Kunden in Bezug auf die Bereitstellung der angegebenen Dienstleistungen\/Produkte des Unternehmens zu erf\u00fcllen, in \u00dcbereinstimmung mit und vorbehaltlich des geltenden Rechts der Vereinigten Staaten. Jegliche Verwendung der obigen Terminologie oder anderer W\u00f6rter in der Einzahl, Mehrzahl, Gro\u00dfschreibung und\/oder er\/sie oder sie, werden als austauschbar angesehen und beziehen sich daher auf dasselbe.<\/p>\n<h2><strong>Cookies<\/strong><\/h2>\n<p>Wir verwenden die Verwendung von Cookies. Durch die Nutzung der sd-memory-cards.net Website stimmen Sie der Verwendung von Cookies in \u00dcbereinstimmung mit sd-memory-cards.net's <a href=\"\/privacy-policy\/\">Datenschutzbestimmungen<\/a>. Die meisten modernen interaktiven Websites verwenden Cookies, um die Benutzerdaten f\u00fcr jeden Besuch abrufen zu k\u00f6nnen. In einigen Bereichen unserer Website werden Cookies verwendet, um die Funktionalit\u00e4t dieses Bereichs und die Benutzerfreundlichkeit f\u00fcr die Besucher zu gew\u00e4hrleisten. Einige unserer Tochtergesellschaften\/Werbepartner k\u00f6nnen ebenfalls Cookies verwenden.<\/p>\n<h2><strong>Lizenz<\/strong><\/h2>\n<p>Soweit nicht anders angegeben, sind sd-memory-cards.net und\/oder seine Lizenzgeber Inhaber der Rechte am geistigen Eigentum f\u00fcr das gesamte Material auf sd-memory-cards.net. Alle geistigen Eigentumsrechte sind vorbehalten. Sie k\u00f6nnen die Seiten von https:\/\/sd-memory-cards.net f\u00fcr Ihren pers\u00f6nlichen Gebrauch ansehen und\/oder ausdrucken, vorbehaltlich der in diesen Bedingungen und Konditionen festgelegten Einschr\u00e4nkungen.<\/p>\n<h2><strong>Das d\u00fcrfen Sie nicht:<\/strong><\/h2>\n<ul>\n<li>Wiederver\u00f6ffentlichung von Material von https:\/\/sd-memory-cards.net<\/li>\n<li>Verkauf, Vermietung oder Unterlizenzierung von Material von https:\/\/sd-memory-cards.net<\/li>\n<li>Reproduzieren, vervielf\u00e4ltigen oder kopieren Sie Material von https:\/\/sd-memory-cards.net<\/li>\n<li>Inhalte von sd-memory-cards.net weiter zu verbreiten (es sei denn, der Inhalt ist speziell f\u00fcr die Weiterverbreitung bestimmt).<\/li>\n<\/ul>\n<h2><strong>Benutzer-Kommentare<\/strong><\/h2>\n<p>Dieses Abkommen beginnt mit dem Datum dieses Abkommens.<\/p>\n<ul>\n<li>Bestimmte Bereiche dieser Website bieten den Nutzern die M\u00f6glichkeit, Meinungen, Informationen, Materialien und Daten (\"Kommentare\") in Bereichen der Website zu ver\u00f6ffentlichen und auszutauschen. Sd-memory-cards.net pr\u00fcft, bearbeitet, ver\u00f6ffentlicht oder \u00fcberpr\u00fcft die Kommentare nicht, bevor sie auf der Website erscheinen, und die Kommentare spiegeln nicht die Ansichten oder Meinungen von sd-memory-cards.net, seinen Vertretern oder verbundenen Unternehmen wider. Kommentare spiegeln die Ansichten und Meinungen der Person wider, die diese Ansichten oder Meinungen ver\u00f6ffentlicht. Soweit gesetzlich zul\u00e4ssig, ist sd-memory-cards.net nicht verantwortlich oder haftbar f\u00fcr die Kommentare oder f\u00fcr jegliche Verluste, Kosten, Haftungen, Sch\u00e4den oder Ausgaben, die durch die Nutzung und\/oder Ver\u00f6ffentlichung und\/oder das Erscheinen der Kommentare auf dieser Website verursacht oder erlitten werden.<\/li>\n<li>Sd-memory-cards.net'so beh\u00e4lt sich das Recht vor, alle Kommentare zu \u00fcberwachen und alle Kommentare zu entfernen, die nach eigenem Ermessen als unangemessen, beleidigend oder anderweitig als Versto\u00df gegen diese Bedingungen angesehen werden.<\/li>\n<li>Sie garantieren und sichern zu, dass:<\/li>\n<li>Sie sind berechtigt, die Kommentare auf unserer Website zu ver\u00f6ffentlichen, und verf\u00fcgen \u00fcber alle erforderlichen Lizenzen und Genehmigungen, um dies zu tun;<\/li>\n<li>Die Kommentare verletzen keine Rechte an geistigem Eigentum, insbesondere keine Urheber-, Patent- oder Markenrechte oder andere Eigentumsrechte Dritter;<\/li>\n<li>Die Kommentare enthalten kein verleumderisches, beleidigendes, anst\u00f6\u00dfiges, unanst\u00e4ndiges oder anderweitig rechtswidriges Material oder Material, das eine Verletzung der Privatsph\u00e4re darstellt<\/li>\n<li>Die Kommentare werden nicht verwendet, um f\u00fcr Gesch\u00e4fte oder Gewohnheiten zu werben oder kommerzielle Aktivit\u00e4ten oder ungesetzliche Aktivit\u00e4ten darzustellen.<\/li>\n<li>Sie gew\u00e4hren hiermit sd-memory-cards.net eine nicht-exklusive, geb\u00fchrenfreie Lizenz zur Nutzung, Vervielf\u00e4ltigung, Bearbeitung und Autorisierung anderer zur Nutzung, Vervielf\u00e4ltigung und Bearbeitung Ihrer Kommentare in allen Formen, Formaten oder Medien.<\/li>\n<\/ul>\n<h2><strong>Verlinkung zu unserem Inhalt<\/strong><\/h2>\n<p>Die folgenden Organisationen d\u00fcrfen ohne vorherige schriftliche Genehmigung auf unsere Website verlinken - diese Organisationen d\u00fcrfen auf unsere Homepage, auf Ver\u00f6ffentlichungen oder auf andere Website-Informationen verlinken, solange der Link: (a) in keiner Weise irref\u00fchrend ist; (b) nicht f\u00e4lschlicherweise eine F\u00f6rderung, Bef\u00fcrwortung oder Genehmigung der verlinkenden Partei und ihrer Produkte oder Dienstleistungen impliziert; und (c) in den Kontext der Website der verlinkenden Partei passt:<\/p>\n<ul>\n<li>Staatliche Stellen;<\/li>\n<li>Suchmaschinen;<\/li>\n<li>Nachrichtenorganisationen;<\/li>\n<li>Online-Verzeichnisverteiler, die uns in ihr Verzeichnis aufnehmen, k\u00f6nnen einen Link zu unserer Website in derselben<br \/>Art und Weise, wie sie Hyperlinks zu den Websites anderer gelisteter Unternehmen setzen; und<\/li>\n<li>Systemweit zugelassene Unternehmen mit Ausnahme von gemeinn\u00fctzigen Organisationen und Einkaufszentren f\u00fcr wohlt\u00e4tige Zwecke, die um Spenden werben,<br \/>und Wohlt\u00e4tigkeitsgruppen, die keine Hyperlinks zu unserer Website herstellen d\u00fcrfen.<\/li>\n<\/ul>\n<p>Wir k\u00f6nnen nach eigenem Ermessen andere Linkanfragen von den folgenden Arten von Organisationen pr\u00fcfen und genehmigen - Wir werden Linkanfragen von diesen Organisationen genehmigen, wenn wir feststellen, dass: (a) der Link kein schlechtes Licht auf uns oder unsere akkreditierten Unternehmen wirft (z. B. d\u00fcrfen Handelsverb\u00e4nde oder andere Organisationen, die von Natur aus verd\u00e4chtige Gesch\u00e4ftsarten vertreten, wie z. B. Heimarbeit, nicht verlinkt werden); (b) die Organisation keine unbefriedigenden Erfahrungen mit uns gemacht hat; (c) der Nutzen, den wir aus der mit dem Hyperlink verbundenen Sichtbarkeit ziehen, \u00fcberwiegt das Fehlen von <!--?=$companyName?-->und (d) wenn der Link im Zusammenhang mit allgemeinen Ressourceninformationen steht oder anderweitig mit dem redaktionellen Inhalt eines Newsletters oder eines \u00e4hnlichen Produkts, das den Auftrag der Organisation f\u00f6rdert, \u00fcbereinstimmt:<\/p>\n<ul>\n<li>allgemein bekannte Informationsquellen f\u00fcr Verbraucher und\/oder Unternehmen wie Handelskammern, American Automobile Association, AARP und Consumers Union;<\/li>\n<li>dot.com-Gemeinschaftsseiten;<\/li>\n<li>Verb\u00e4nde oder andere Gruppen, die Wohlt\u00e4tigkeitsorganisationen vertreten, einschlie\u00dflich Websites f\u00fcr wohlt\u00e4tige Zwecke,<\/li>\n<li>Online-Verzeichnisse f\u00fcr H\u00e4ndler;<\/li>\n<li>Internetportale;<\/li>\n<li>Wirtschaftspr\u00fcfungs-, Rechts- und Beratungsunternehmen, deren Hauptkunden Unternehmen sind; und<\/li>\n<li>Bildungseinrichtungen und Berufsverb\u00e4nde.<\/li>\n<\/ul>\n<p>Diese Organisationen k\u00f6nnen einen Link zu unserer Homepage, zu Ver\u00f6ffentlichungen oder zu anderen Website-Informationen setzen, solange der Link: (a) in keiner Weise irref\u00fchrend ist; (b) nicht f\u00e4lschlicherweise eine F\u00f6rderung, Bef\u00fcrwortung oder Genehmigung der verlinkenden Partei und ihrer Produkte oder Dienstleistungen impliziert; und (c) in den Kontext der Website der verlinkenden Partei passt. Wenn Sie zu den in Absatz 2 aufgef\u00fchrten Organisationen geh\u00f6ren und an einer Verlinkung zu unserer Website interessiert sind, m\u00fcssen Sie uns dies per E-Mail an sdmemorycardsworld@gmail.com mitteilen.<\/p>\n<p>Bitte geben Sie Ihren Namen, den Namen Ihrer Organisation, Kontaktinformationen (z. B. Telefonnummer und\/oder E-Mail-Adresse) sowie die URL Ihrer Website, eine Liste aller URLs, von denen aus Sie auf unsere Website verlinken m\u00f6chten, und eine Liste der URL(s) auf unserer Website an, auf die Sie verlinken m\u00f6chten. Warten Sie bitte 2-3 Wochen auf eine Antwort. Zugelassene Organisationen k\u00f6nnen Hyperlinks zu unserer Website wie folgt einrichten:<\/p>\n<ul>\n<li>durch Verwendung unseres Firmennamens; oder<\/li>\n<li>durch die Verwendung des Uniform Resource Locator (Webadresse), auf den verlinkt wird; oder<\/li>\n<li>Durch die Verwendung einer anderen Beschreibung unserer Website oder des Materials, auf das verlinkt wird, die im Rahmen der Website sinnvoll ist.<br \/>Kontext und Format der Inhalte auf der Website der verlinkenden Partei.<\/li>\n<\/ul>\n<h2><strong>Vorbehalt der Rechte<\/strong><\/h2>\n<p>Wir behalten uns das Recht vor, Sie jederzeit und nach eigenem Ermessen aufzufordern, alle Links oder einen bestimmten Link zu unserer Website zu entfernen. Sie verpflichten sich, auf eine solche Aufforderung hin unverz\u00fcglich alle Links zu unserer Website zu entfernen. Wir behalten uns au\u00dferdem das Recht vor, diese Bedingungen und die Linkpolitik jederzeit zu \u00e4ndern. Indem Sie weiterhin einen Link zu unserer Website herstellen, erkl\u00e4ren Sie sich damit einverstanden, an diese Bedingungen gebunden zu sein und sie einzuhalten.<\/p>\n<h2><strong>Entfernung von Links von unserer Website<\/strong><\/h2>\n<p>Wenn Sie einen Link auf unserer Website oder eine verlinkte Website aus irgendeinem Grund anst\u00f6\u00dfig finden, k\u00f6nnen Sie sich mit uns in Verbindung setzen. Wir werden Anfragen zur Entfernung von Links pr\u00fcfen, sind jedoch nicht verpflichtet, dies zu tun oder Ihnen direkt zu antworten. Wir bem\u00fchen uns zwar um die Richtigkeit der Informationen auf dieser Website, \u00fcbernehmen jedoch keine Gew\u00e4hr f\u00fcr deren Vollst\u00e4ndigkeit oder Richtigkeit und verpflichten uns auch nicht, daf\u00fcr zu sorgen, dass die Website verf\u00fcgbar bleibt oder dass das Material auf der Website auf dem neuesten Stand gehalten wird.<\/p>\n<h2><strong>Inhaltliche Haftung<\/strong><\/h2>\n<p>Wir \u00fcbernehmen keine Verantwortung oder Haftung f\u00fcr Inhalte, die auf Ihrer Website erscheinen. Sie verpflichten sich, uns von allen Anspr\u00fcchen freizustellen und zu verteidigen, die sich aus Ihrer Website ergeben oder auf ihr beruhen. Es d\u00fcrfen keine Links auf einer Seite Ihrer Website oder in einem Kontext erscheinen, der Inhalte oder Materialien enth\u00e4lt, die als verleumderisch, obsz\u00f6n oder kriminell interpretiert werden k\u00f6nnen oder die Rechte Dritter verletzen, anderweitig verletzen oder die Verletzung oder sonstige Verletzung von Rechten Dritter bef\u00fcrworten.<\/p>\n<h2><strong>Haftungsausschluss<\/strong><\/h2>\n<p>Soweit es das geltende Recht zul\u00e4sst, schlie\u00dfen wir alle Zusicherungen, Garantien und Bedingungen in Bezug auf unsere Website und die Nutzung dieser Website aus (einschlie\u00dflich, aber nicht beschr\u00e4nkt auf alle gesetzlich implizierten Garantien in Bezug auf zufriedenstellende Qualit\u00e4t, Eignung f\u00fcr einen bestimmten Zweck und\/oder die Anwendung angemessener Sorgfalt und Fachkenntnisse). Nichts in diesem Haftungsausschluss wird:<\/p>\n<ul>\n<li>unsere oder Ihre Haftung f\u00fcr Tod oder K\u00f6rperverletzung aufgrund von Fahrl\u00e4ssigkeit zu begrenzen oder auszuschlie\u00dfen;<\/li>\n<li>unsere oder Ihre Haftung f\u00fcr Betrug oder arglistige T\u00e4uschung zu begrenzen oder auszuschlie\u00dfen;<\/li>\n<li>unsere oder Ihre Haftung in einer Weise zu beschr\u00e4nken, die nach geltendem Recht nicht zul\u00e4ssig ist; oder<\/li>\n<li>unsere oder Ihre Haftung ausschlie\u00dfen, die nach geltendem Recht nicht ausgeschlossen werden kann.<\/li>\n<\/ul>\n<p>Die in diesem Abschnitt und an anderer Stelle in diesem Haftungsausschluss dargelegten Haftungsbeschr\u00e4nkungen und -ausschl\u00fcsse: (a) unterliegen dem vorstehenden Absatz; und (b) regeln alle Haftungen, die sich aus dem Haftungsausschluss oder in Bezug auf den Gegenstand dieses Haftungsausschlusses ergeben, einschlie\u00dflich der Haftungen aus Vertrag, unerlaubter Handlung (einschlie\u00dflich Fahrl\u00e4ssigkeit) und f\u00fcr die Verletzung gesetzlicher Pflichten. Soweit die Website und die Informationen und Dienste auf der Website kostenlos zur Verf\u00fcgung gestellt werden, haften wir nicht f\u00fcr Verluste oder Sch\u00e4den jeglicher Art.<\/p>\n<h2><strong>Haftungsausschluss<\/strong><\/h2>\n<p>Jegliche Erw\u00e4hnung von Marken und Warenzeichen dient lediglich der Veranschaulichung und Aufkl\u00e4rung. Sd-memory-cards.net ist mit keinem der auf dieser Website genannten Produkte verbunden. Alle Warenzeichen sind das Eigentum ihrer jeweiligen Besitzer.<\/p>\n<p>Um die Website am Leben zu erhalten, erh\u00e4lt sd-memory-cards.net einen kleinen Prozentsatz von Amazon f\u00fcr jedes Produkt, das \u00fcber die Amazon Affiliate Links in den Rezensionen gekauft wurde.<\/p>\n<p>\u00a0<\/p>\n<p><em>Copyright sd-memory-cards.net. \u00a9 2020 Alle Rechte vorbehalten.<\/em><\/p>\n[\/et_pb_text][\/et_pb_column][\/et_pb_row][\/et_pb_section]\n<div style='text-align:left' class='yasr-auto-insert-visitor'><\/div>","protected":false},"excerpt":{"rendered":"<p>These terms and conditions outline the rules and regulations for the use of SD Memory Cards website. By accessing this website we assume you&#8230;<\/p>","protected":false},"author":11,"featured_media":0,"parent":0,"menu_order":0,"comment_status":"closed","ping_status":"closed","template":"","meta":{"_et_pb_use_builder":"on","_et_pb_old_content":"","_et_gb_content_width":"","yasr_overall_rating":0,"yasr_post_is_review":"","yasr_auto_insert_disabled":"","yasr_review_type":"","footnotes":""},"class_list":["post-13888","page","type-page","status-publish","hentry"],"yoast_head":"<!-- This site is optimized with the Yoast SEO Premium plugin v19.2.1 (Yoast SEO v27.4) - https:\/\/yoast.com\/product\/yoast-seo-premium-wordpress\/ -->\n<title>Terms and Conditions &#187; SD Memory Cards<\/title>\n<meta name=\"description\" content=\"For rules and regulations regarding the use of our website (cookies, hyperlinking, commenting) please read our terms and conditions page.\" \/>\n<meta name=\"robots\" content=\"index, follow, max-snippet:-1, max-image-preview:large, max-video-preview:-1\" \/>\n<link rel=\"canonical\" href=\"https:\/\/sd-memory-cards.net\/de\/bedingungen-und-konditionen\/\" \/>\n<meta property=\"og:locale\" content=\"de_DE\" \/>\n<meta property=\"og:type\" content=\"article\" \/>\n<meta property=\"og:title\" content=\"Terms and Conditions\" \/>\n<meta property=\"og:description\" content=\"For rules and regulations regarding the use of our website (cookies, hyperlinking, commenting) please read our terms and conditions page.\" \/>\n<meta property=\"og:url\" content=\"https:\/\/sd-memory-cards.net\/de\/bedingungen-und-konditionen\/\" \/>\n<meta property=\"og:site_name\" content=\"SD Memory Cards\" \/>\n<meta property=\"article:publisher\" content=\"https:\/\/www.facebook.com\/profile.php?id=100068407795273\" \/>\n<meta property=\"article:modified_time\" content=\"2020-06-21T12:50:12+00:00\" \/>\n<meta name=\"twitter:card\" content=\"summary_large_image\" \/>\n<meta name=\"twitter:label1\" content=\"Gesch\u00e4tzte Lesezeit\" \/>\n\t<meta name=\"twitter:data1\" content=\"9\u00a0Minuten\" \/>\n<script type=\"application\/ld+json\" class=\"yoast-schema-graph\">{\"@context\":\"https:\\\/\\\/schema.org\",\"@graph\":[{\"@type\":\"WebPage\",\"@id\":\"https:\\\/\\\/sd-memory-cards.net\\\/terms-and-conditions\\\/\",\"url\":\"https:\\\/\\\/sd-memory-cards.net\\\/terms-and-conditions\\\/\",\"name\":\"Terms and Conditions &#187; SD Memory Cards\",\"isPartOf\":{\"@id\":\"https:\\\/\\\/sd-memory-cards.net\\\/#website\"},\"datePublished\":\"2018-12-14T13:40:36+00:00\",\"dateModified\":\"2020-06-21T12:50:12+00:00\",\"description\":\"For rules and regulations regarding the use of our website (cookies, hyperlinking, commenting) please read our terms and conditions page.\",\"inLanguage\":\"de\",\"potentialAction\":[{\"@type\":\"ReadAction\",\"target\":[\"https:\\\/\\\/sd-memory-cards.net\\\/terms-and-conditions\\\/\"]}]},{\"@type\":\"WebSite\",\"@id\":\"https:\\\/\\\/sd-memory-cards.net\\\/#website\",\"url\":\"https:\\\/\\\/sd-memory-cards.net\\\/\",\"name\":\"SD Memory Cards\",\"description\":\"Everything about Memory Cards &amp; Storage Devices\",\"publisher\":{\"@id\":\"https:\\\/\\\/sd-memory-cards.net\\\/#organization\"},\"potentialAction\":[{\"@type\":\"SearchAction\",\"target\":{\"@type\":\"EntryPoint\",\"urlTemplate\":\"https:\\\/\\\/sd-memory-cards.net\\\/?s={search_term_string}\"},\"query-input\":{\"@type\":\"PropertyValueSpecification\",\"valueRequired\":true,\"valueName\":\"search_term_string\"}}],\"inLanguage\":\"de\"},{\"@type\":\"Organization\",\"@id\":\"https:\\\/\\\/sd-memory-cards.net\\\/#organization\",\"name\":\"SD Memory Cards\",\"url\":\"https:\\\/\\\/sd-memory-cards.net\\\/\",\"logo\":{\"@type\":\"ImageObject\",\"inLanguage\":\"de\",\"@id\":\"https:\\\/\\\/sd-memory-cards.net\\\/#\\\/schema\\\/logo\\\/image\\\/\",\"url\":\"https:\\\/\\\/sd-memory-cards.net\\\/wp-content\\\/uploads\\\/2022\\\/11\\\/sd-memory-cards-logo.png\",\"contentUrl\":\"https:\\\/\\\/sd-memory-cards.net\\\/wp-content\\\/uploads\\\/2022\\\/11\\\/sd-memory-cards-logo.png\",\"width\":748,\"height\":148,\"caption\":\"SD Memory Cards\"},\"image\":{\"@id\":\"https:\\\/\\\/sd-memory-cards.net\\\/#\\\/schema\\\/logo\\\/image\\\/\"},\"sameAs\":[\"https:\\\/\\\/www.facebook.com\\\/profile.php?id=100068407795273\"]},false]}<\/script>\n<!-- \/ Yoast SEO Premium plugin. -->","yoast_head_json":{"title":"Terms and Conditions &#187; SD Memory Cards","description":"For rules and regulations regarding the use of our website (cookies, hyperlinking, commenting) please read our terms and conditions page.","robots":{"index":"index","follow":"follow","max-snippet":"max-snippet:-1","max-image-preview":"max-image-preview:large","max-video-preview":"max-video-preview:-1"},"canonical":"https:\/\/sd-memory-cards.net\/de\/bedingungen-und-konditionen\/","og_locale":"de_DE","og_type":"article","og_title":"Terms and Conditions","og_description":"For rules and regulations regarding the use of our website (cookies, hyperlinking, commenting) please read our terms and conditions page.","og_url":"https:\/\/sd-memory-cards.net\/de\/bedingungen-und-konditionen\/","og_site_name":"SD Memory Cards","article_publisher":"https:\/\/www.facebook.com\/profile.php?id=100068407795273","article_modified_time":"2020-06-21T12:50:12+00:00","twitter_card":"summary_large_image","twitter_misc":{"Gesch\u00e4tzte Lesezeit":"9\u00a0Minuten"},"schema":{"@context":"https:\/\/schema.org","@graph":[{"@type":"WebPage","@id":"https:\/\/sd-memory-cards.net\/terms-and-conditions\/","url":"https:\/\/sd-memory-cards.net\/terms-and-conditions\/","name":"Terms and Conditions &#187; SD Memory Cards","isPartOf":{"@id":"https:\/\/sd-memory-cards.net\/#website"},"datePublished":"2018-12-14T13:40:36+00:00","dateModified":"2020-06-21T12:50:12+00:00","description":"For rules and regulations regarding the use of our website (cookies, hyperlinking, commenting) please read our terms and conditions page.","inLanguage":"de","potentialAction":[{"@type":"ReadAction","target":["https:\/\/sd-memory-cards.net\/terms-and-conditions\/"]}]},{"@type":"WebSite","@id":"https:\/\/sd-memory-cards.net\/#website","url":"https:\/\/sd-memory-cards.net\/","name":"SD Memory Cards","description":"Everything about Memory Cards &amp; Storage Devices","publisher":{"@id":"https:\/\/sd-memory-cards.net\/#organization"},"potentialAction":[{"@type":"SearchAction","target":{"@type":"EntryPoint","urlTemplate":"https:\/\/sd-memory-cards.net\/?s={search_term_string}"},"query-input":{"@type":"PropertyValueSpecification","valueRequired":true,"valueName":"search_term_string"}}],"inLanguage":"de"},{"@type":"Organization","@id":"https:\/\/sd-memory-cards.net\/#organization","name":"SD Memory Cards","url":"https:\/\/sd-memory-cards.net\/","logo":{"@type":"ImageObject","inLanguage":"de","@id":"https:\/\/sd-memory-cards.net\/#\/schema\/logo\/image\/","url":"https:\/\/sd-memory-cards.net\/wp-content\/uploads\/2022\/11\/sd-memory-cards-logo.png","contentUrl":"https:\/\/sd-memory-cards.net\/wp-content\/uploads\/2022\/11\/sd-memory-cards-logo.png","width":748,"height":148,"caption":"SD Memory Cards"},"image":{"@id":"https:\/\/sd-memory-cards.net\/#\/schema\/logo\/image\/"},"sameAs":["https:\/\/www.facebook.com\/profile.php?id=100068407795273"]},false]}},"yasr_visitor_votes":{"stars_attributes":{"read_only":false,"span_bottom":false},"number_of_votes":0,"sum_votes":0},"amp_enabled":true,"_links":{"self":[{"href":"https:\/\/sd-memory-cards.net\/de\/wp-json\/wp\/v2\/pages\/13888","targetHints":{"allow":["GET"]}}],"collection":[{"href":"https:\/\/sd-memory-cards.net\/de\/wp-json\/wp\/v2\/pages"}],"about":[{"href":"https:\/\/sd-memory-cards.net\/de\/wp-json\/wp\/v2\/types\/page"}],"author":[{"embeddable":true,"href":"https:\/\/sd-memory-cards.net\/de\/wp-json\/wp\/v2\/users\/11"}],"replies":[{"embeddable":true,"href":"https:\/\/sd-memory-cards.net\/de\/wp-json\/wp\/v2\/comments?post=13888"}],"version-history":[{"count":0,"href":"https:\/\/sd-memory-cards.net\/de\/wp-json\/wp\/v2\/pages\/13888\/revisions"}],"wp:attachment":[{"href":"https:\/\/sd-memory-cards.net\/de\/wp-json\/wp\/v2\/media?parent=13888"}],"curies":[{"name":"wp","href":"https:\/\/api.w.org\/{rel}","templated":true}]}}