{"id":13965,"date":"2018-12-10T15:08:13","date_gmt":"2018-12-10T23:08:13","guid":{"rendered":"https:\/\/sd-memory-cards.net\/?page_id=13965"},"modified":"2021-05-20T21:55:13","modified_gmt":"2021-05-20T20:55:13","slug":"about","status":"publish","type":"page","link":"https:\/\/sd-memory-cards.net\/de\/uber\/","title":{"rendered":"\u00dcber"},"content":{"rendered":"<p>Hallo und willkommen bei SD Speicherkarten. In dieser Website ist unser Hauptziel, hilfreiche Bewertungen \u00fcber elektronische Speicher, von SD Speicherkarten zu RAM-Speicher, HDD\/SSD, Flash-Laufwerke und mehr!<\/p>\n<p>Alle Bewertungen, einschlie\u00dflich der Geschwindigkeitstests und technischen Anleitungen, werden von unseren Technikern verfasst, die Experten auf diesem Gebiet sind und unseren Lesern n\u00fctzliche Informationen in leicht verst\u00e4ndlichen Artikeln vermitteln m\u00f6chten.<\/p>\n<p>Wenn auf Sie eine dieser Beschreibungen zutrifft...<\/p>\n<ul>\n<li>Sie haben eine Kamera gekauft, sind sich aber nicht sicher, welche Speicherkarte Sie verwenden sollen<\/li>\n<li>Ihre Speicherkarte ist besch\u00e4digt\/fehlerhaft und Sie wissen nicht, was Sie tun sollen<\/li>\n<li>Sie den Arbeitsspeicher oder den Festplattenspeicher Ihres Computers erweitern m\u00f6chten<\/li>\n<li>Sie m\u00f6chten mehr \u00fcber Speicherl\u00f6sungen erfahren<\/li>\n<\/ul>\n<p>dann sind Sie bei uns richtig!<\/p>\n<h2><strong>Erste Schritte<\/strong><\/h2>\n<p>F\u00fcr den Anfang empfehlen wir diese Bereiche unserer Website:<\/p>\n<ul>\n<li><a href=\"https:\/\/sd-memory-cards.net\/best-memory-cards\/\" target=\"_blank\" rel=\"noopener noreferrer\">Speicherkarten<\/a> - Der zentrale Ort f\u00fcr alle unsere Testberichte \u00fcber SD-Speicherkarten und -Adapter<\/li>\n<li><a href=\"https:\/\/sd-memory-cards.net\/hard-drives\/\" target=\"_blank\" rel=\"noopener noreferrer\">Festplattenlaufwerke<\/a> - Alles \u00fcber interne und externe Festplatten f\u00fcr PC &amp; Mac<\/li>\n<li><a href=\"https:\/\/sd-memory-cards.net\/ssd-drives\/\" target=\"_blank\" rel=\"noopener noreferrer\">SSD-Antriebe<\/a> - Neuigkeiten und Testberichte \u00fcber die neuesten Solid State Drives<\/li>\n<li><a href=\"https:\/\/sd-memory-cards.net\/ram-memory\/\" target=\"_blank\" rel=\"noopener noreferrer\">RAM-Speicher<\/a> - M\u00f6chten Sie den Arbeitsspeicher Ihres PCs erweitern? Lesen Sie unsere neuesten DDR4- und DDR5-RAM-Tests<\/li>\n<li><a href=\"https:\/\/sd-memory-cards.net\/usb-fash-drives\/\" target=\"_blank\" rel=\"noopener noreferrer\">USB-Flash-Laufwerke<\/a> - Bewertungen und Geschwindigkeitstests der besten USB-Flash-Laufwerke, die derzeit auf dem Markt sind<\/li>\n<\/ul>\n<h2><strong>\u00dcber SD-Speicherkarten<\/strong><\/h2>\n<p>SD Memory Cards wird von Andy betrieben, <span class=\"s1\">Filmemacher und Sch\u00f6pfer von www.projectgo.pro, der gr\u00f6\u00dften Website f\u00fcr Action-Kamera- und GoPro-Training.<\/span><\/p>\n<p><span class=\"s1\">Er gr\u00fcndete SD Speicherkarten, nachdem er festgestellt hatte, dass seine Fotografen- und Filmemacher-Kollegen st\u00e4ndig auf der Suche nach Ratschl\u00e4gen zu den besten SD Card f\u00fcr ihre Kameras sowie nach Festplattenspeicherl\u00f6sungen zur sicheren Speicherung und Sicherung ihrer Inhalte waren.<\/span><\/p>\n<h2><strong>Mission<\/strong><\/h2>\n<p>Unsere Aufgabe bei SD Memory Cards ist es, n\u00fctzliche Informationen \u00fcber Speicherl\u00f6sungen bereitzustellen, die sowohl unvoreingenommen als auch f\u00fcr jedermann leicht verst\u00e4ndlich sind, auch f\u00fcr Nicht-Techniker. Wir freuen uns sehr, Hunderten von Fotografen, Videofilmern und allen anderen, die Inhalte erstellen, mit unseren originellen Ressourcen helfen zu k\u00f6nnen.<\/p>\n<h2><strong>Fragen und Bedenken<\/strong><\/h2>\n<p>Wenn Sie Fragen zu SD-Speicherkarten haben, wenden Sie sich bitte an unsere <a href=\"\/contact\/\">h\u00e4ufig gestellte Fragen<\/a>. Alternativ k\u00f6nnen Sie uns auch finden unter <a href=\"https:\/\/www.facebook.com\/SD-Memory-Cards-106487167714650\/\" target=\"_blank\" rel=\"noopener noreferrer\">Facebook<\/a> oder per E-Mail an <a href=\"mailto:sdmemorycardsworld@gmail.com\" target=\"_blank\" rel=\"noopener noreferrer\">sdmemorycardsworld@gmail.com<\/a>. Vielen Dank, dass Sie sich die Zeit genommen haben, dies zu lesen, und wir hoffen, Sie auf unserer Website zu sehen!<\/p>\n<h2><strong>Kollaborationen<\/strong><\/h2>\n<p>Sind Sie ein Technikexperte und m\u00f6chten Sie zum Ausbau unserer Online-Ressourcen beitragen? <a href=\"mailto:sdmemorycardsworld@gmail.com\">Nehmen Sie Kontakt mit uns auf!<\/a><\/p>\n<div style='text-align:left' class='yasr-auto-insert-visitor'><\/div>","protected":false},"excerpt":{"rendered":"<p>Hello and welcome to SD Memory Cards. In this website our main goal is to provide helpful reviews about electronic storage, from SD memory cards&#8230;<\/p>","protected":false},"author":11,"featured_media":0,"parent":0,"menu_order":0,"comment_status":"closed","ping_status":"closed","template":"","meta":{"_et_pb_use_builder":"","_et_pb_old_content":"","_et_gb_content_width":"","yasr_overall_rating":0,"yasr_post_is_review":"","yasr_auto_insert_disabled":"","yasr_review_type":"","footnotes":""},"class_list":["post-13965","page","type-page","status-publish","hentry"],"yoast_head":"<!-- This site is optimized with the Yoast SEO Premium plugin v19.2.1 (Yoast SEO v27.3) - https:\/\/yoast.com\/product\/yoast-seo-premium-wordpress\/ -->\n<title>About &#187; SD Memory Cards<\/title>\n<meta name=\"description\" content=\"To learn more about SD Memory Cards and our mission to provide useful storage solutions to all content creators, visit our about page.\" \/>\n<meta name=\"robots\" content=\"index, follow, max-snippet:-1, max-image-preview:large, max-video-preview:-1\" \/>\n<link rel=\"canonical\" href=\"https:\/\/sd-memory-cards.net\/de\/uber\/\" \/>\n<meta property=\"og:locale\" content=\"de_DE\" \/>\n<meta property=\"og:type\" content=\"article\" \/>\n<meta property=\"og:title\" content=\"About\" \/>\n<meta property=\"og:description\" content=\"To learn more about SD Memory Cards and our mission to provide useful storage solutions to all content creators, visit our about page.\" \/>\n<meta property=\"og:url\" content=\"https:\/\/sd-memory-cards.net\/de\/uber\/\" \/>\n<meta property=\"og:site_name\" content=\"SD Memory Cards\" \/>\n<meta property=\"article:publisher\" content=\"https:\/\/www.facebook.com\/profile.php?id=100068407795273\" \/>\n<meta property=\"article:modified_time\" content=\"2021-05-20T20:55:13+00:00\" \/>\n<meta name=\"twitter:card\" content=\"summary_large_image\" \/>\n<meta name=\"twitter:label1\" content=\"Gesch\u00e4tzte Lesezeit\" \/>\n\t<meta name=\"twitter:data1\" content=\"2\u00a0Minuten\" \/>\n<script type=\"application\/ld+json\" class=\"yoast-schema-graph\">{\"@context\":\"https:\\\/\\\/schema.org\",\"@graph\":[{\"@type\":\"WebPage\",\"@id\":\"https:\\\/\\\/sd-memory-cards.net\\\/about\\\/\",\"url\":\"https:\\\/\\\/sd-memory-cards.net\\\/about\\\/\",\"name\":\"About &#187; SD Memory Cards\",\"isPartOf\":{\"@id\":\"https:\\\/\\\/sd-memory-cards.net\\\/#website\"},\"datePublished\":\"2018-12-10T23:08:13+00:00\",\"dateModified\":\"2021-05-20T20:55:13+00:00\",\"description\":\"To learn more about SD Memory Cards and our mission to provide useful storage solutions to all content creators, visit our about page.\",\"inLanguage\":\"de\",\"potentialAction\":[{\"@type\":\"ReadAction\",\"target\":[\"https:\\\/\\\/sd-memory-cards.net\\\/about\\\/\"]}]},{\"@type\":\"WebSite\",\"@id\":\"https:\\\/\\\/sd-memory-cards.net\\\/#website\",\"url\":\"https:\\\/\\\/sd-memory-cards.net\\\/\",\"name\":\"SD Memory Cards\",\"description\":\"Everything about Memory Cards &amp; Storage Devices\",\"publisher\":{\"@id\":\"https:\\\/\\\/sd-memory-cards.net\\\/#organization\"},\"potentialAction\":[{\"@type\":\"SearchAction\",\"target\":{\"@type\":\"EntryPoint\",\"urlTemplate\":\"https:\\\/\\\/sd-memory-cards.net\\\/?s={search_term_string}\"},\"query-input\":{\"@type\":\"PropertyValueSpecification\",\"valueRequired\":true,\"valueName\":\"search_term_string\"}}],\"inLanguage\":\"de\"},{\"@type\":\"Organization\",\"@id\":\"https:\\\/\\\/sd-memory-cards.net\\\/#organization\",\"name\":\"SD Memory Cards\",\"url\":\"https:\\\/\\\/sd-memory-cards.net\\\/\",\"logo\":{\"@type\":\"ImageObject\",\"inLanguage\":\"de\",\"@id\":\"https:\\\/\\\/sd-memory-cards.net\\\/#\\\/schema\\\/logo\\\/image\\\/\",\"url\":\"https:\\\/\\\/sd-memory-cards.net\\\/wp-content\\\/uploads\\\/2022\\\/11\\\/sd-memory-cards-logo.png\",\"contentUrl\":\"https:\\\/\\\/sd-memory-cards.net\\\/wp-content\\\/uploads\\\/2022\\\/11\\\/sd-memory-cards-logo.png\",\"width\":748,\"height\":148,\"caption\":\"SD Memory Cards\"},\"image\":{\"@id\":\"https:\\\/\\\/sd-memory-cards.net\\\/#\\\/schema\\\/logo\\\/image\\\/\"},\"sameAs\":[\"https:\\\/\\\/www.facebook.com\\\/profile.php?id=100068407795273\"]},false]}<\/script>\n<!-- \/ Yoast SEO Premium plugin. -->","yoast_head_json":{"title":"About &#187; SD Memory Cards","description":"To learn more about SD Memory Cards and our mission to provide useful storage solutions to all content creators, visit our about page.","robots":{"index":"index","follow":"follow","max-snippet":"max-snippet:-1","max-image-preview":"max-image-preview:large","max-video-preview":"max-video-preview:-1"},"canonical":"https:\/\/sd-memory-cards.net\/de\/uber\/","og_locale":"de_DE","og_type":"article","og_title":"About","og_description":"To learn more about SD Memory Cards and our mission to provide useful storage solutions to all content creators, visit our about page.","og_url":"https:\/\/sd-memory-cards.net\/de\/uber\/","og_site_name":"SD Memory Cards","article_publisher":"https:\/\/www.facebook.com\/profile.php?id=100068407795273","article_modified_time":"2021-05-20T20:55:13+00:00","twitter_card":"summary_large_image","twitter_misc":{"Gesch\u00e4tzte Lesezeit":"2\u00a0Minuten"},"schema":{"@context":"https:\/\/schema.org","@graph":[{"@type":"WebPage","@id":"https:\/\/sd-memory-cards.net\/about\/","url":"https:\/\/sd-memory-cards.net\/about\/","name":"About &#187; SD Memory Cards","isPartOf":{"@id":"https:\/\/sd-memory-cards.net\/#website"},"datePublished":"2018-12-10T23:08:13+00:00","dateModified":"2021-05-20T20:55:13+00:00","description":"To learn more about SD Memory Cards and our mission to provide useful storage solutions to all content creators, visit our about page.","inLanguage":"de","potentialAction":[{"@type":"ReadAction","target":["https:\/\/sd-memory-cards.net\/about\/"]}]},{"@type":"WebSite","@id":"https:\/\/sd-memory-cards.net\/#website","url":"https:\/\/sd-memory-cards.net\/","name":"SD Memory Cards","description":"Everything about Memory Cards &amp; Storage Devices","publisher":{"@id":"https:\/\/sd-memory-cards.net\/#organization"},"potentialAction":[{"@type":"SearchAction","target":{"@type":"EntryPoint","urlTemplate":"https:\/\/sd-memory-cards.net\/?s={search_term_string}"},"query-input":{"@type":"PropertyValueSpecification","valueRequired":true,"valueName":"search_term_string"}}],"inLanguage":"de"},{"@type":"Organization","@id":"https:\/\/sd-memory-cards.net\/#organization","name":"SD Memory Cards","url":"https:\/\/sd-memory-cards.net\/","logo":{"@type":"ImageObject","inLanguage":"de","@id":"https:\/\/sd-memory-cards.net\/#\/schema\/logo\/image\/","url":"https:\/\/sd-memory-cards.net\/wp-content\/uploads\/2022\/11\/sd-memory-cards-logo.png","contentUrl":"https:\/\/sd-memory-cards.net\/wp-content\/uploads\/2022\/11\/sd-memory-cards-logo.png","width":748,"height":148,"caption":"SD Memory Cards"},"image":{"@id":"https:\/\/sd-memory-cards.net\/#\/schema\/logo\/image\/"},"sameAs":["https:\/\/www.facebook.com\/profile.php?id=100068407795273"]},false]}},"yasr_visitor_votes":{"stars_attributes":{"read_only":false,"span_bottom":false},"number_of_votes":0,"sum_votes":0},"amp_enabled":true,"_links":{"self":[{"href":"https:\/\/sd-memory-cards.net\/de\/wp-json\/wp\/v2\/pages\/13965","targetHints":{"allow":["GET"]}}],"collection":[{"href":"https:\/\/sd-memory-cards.net\/de\/wp-json\/wp\/v2\/pages"}],"about":[{"href":"https:\/\/sd-memory-cards.net\/de\/wp-json\/wp\/v2\/types\/page"}],"author":[{"embeddable":true,"href":"https:\/\/sd-memory-cards.net\/de\/wp-json\/wp\/v2\/users\/11"}],"replies":[{"embeddable":true,"href":"https:\/\/sd-memory-cards.net\/de\/wp-json\/wp\/v2\/comments?post=13965"}],"version-history":[{"count":0,"href":"https:\/\/sd-memory-cards.net\/de\/wp-json\/wp\/v2\/pages\/13965\/revisions"}],"wp:attachment":[{"href":"https:\/\/sd-memory-cards.net\/de\/wp-json\/wp\/v2\/media?parent=13965"}],"curies":[{"name":"wp","href":"https:\/\/api.w.org\/{rel}","templated":true}]}}