{"id":9508,"date":"2015-02-06T20:10:07","date_gmt":"2015-02-07T04:10:07","guid":{"rendered":"https:\/\/sd-memory-cards.net\/privacy-policy\/"},"modified":"2020-07-16T00:12:17","modified_gmt":"2020-07-15T23:12:17","slug":"privacy-policy","status":"publish","type":"page","link":"https:\/\/sd-memory-cards.net\/de\/datenschutzbestimmungen\/","title":{"rendered":"Datenschutzbestimmungen"},"content":{"rendered":"[et_pb_section fb_built=&#8221;1&#8243; _builder_version=&#8221;3.22&#8243;][et_pb_row _builder_version=&#8221;3.25&#8243; background_size=&#8221;initial&#8221; background_position=&#8221;top_left&#8221; background_repeat=&#8221;repeat&#8221;][et_pb_column type=&#8221;4_4&#8243; _builder_version=&#8221;3.25&#8243; custom_padding=&#8221;|||&#8221; custom_padding__hover=&#8221;|||&#8221;][et_pb_text _builder_version=&#8221;4.5.1&#8243; hover_enabled=&#8221;0&#8243;]\n<p>Es ist die Politik von SD-Memory-Cards.net, Ihre Privatsph\u00e4re in Bezug auf alle Informationen, die wir w\u00e4hrend des Betriebs unserer Website sammeln, zu respektieren. Diese Datenschutzrichtlinie gilt f\u00fcr SD-Memory-Cards.net (im Folgenden \"wir\", \"wir\" oder \"https:\/\/sd-memory-cards.net\"). Wir respektieren Ihre Privatsph\u00e4re und verpflichten uns, pers\u00f6nlich identifizierbare Informationen, die Sie uns \u00fcber die Website zur Verf\u00fcgung stellen, zu sch\u00fctzen. Wir haben diese Datenschutzrichtlinie (\"Datenschutzrichtlinie\") verabschiedet, um zu erl\u00e4utern, welche Informationen auf unserer Website gesammelt werden k\u00f6nnen, wie wir diese Informationen verwenden und unter welchen Umst\u00e4nden wir die Informationen an Dritte weitergeben k\u00f6nnen. Diese Datenschutzrichtlinie gilt nur f\u00fcr Informationen, die wir \u00fcber die Website sammeln, und gilt nicht f\u00fcr unsere Sammlung von Informationen aus anderen Quellen. Diese Datenschutzrichtlinie, zusammen mit der <a href=\"\/terms-and-conditions\/\" target=\"_blank\" rel=\"noopener noreferrer\">Bedingungen und Konditionen<\/a> die auf unserer Website ver\u00f6ffentlicht sind, legen die allgemeinen Regeln und Richtlinien fest, die Ihre Nutzung unserer Website regeln. Je nach Ihren Aktivit\u00e4ten beim Besuch unserer Website m\u00fcssen Sie m\u00f6glicherweise zus\u00e4tzlichen Bedingungen und Konditionen zustimmen.<\/p>\n<h2><strong>Besucher der Website<\/strong><\/h2>\n<p>Wie die meisten Website-Betreiber sammelt SD-Memory-Cards.net nicht-personenbezogene Daten, wie sie von Webbrowsern und Servern \u00fcblicherweise zur Verf\u00fcgung gestellt werden, z.B. den Browsertyp, die bevorzugte Sprache, die verweisende Website sowie das Datum und die Uhrzeit jeder Besucheranfrage. SD-Memory-Cards.net sammelt nicht-personenbezogene Daten, um besser zu verstehen, wie die Besucher von SD-Memory-Cards.net die Website nutzen. SD-Memory-Cards.net sammelt auch potenziell pers\u00f6nlich identifizierende Informationen wie Internet-Protokoll (IP)-Adressen f\u00fcr eingeloggte Benutzer und f\u00fcr Benutzer, die Kommentare auf SD-Memory-Cards.net-Blogs hinterlassen. SD-Memory-Cards.net gibt die IP-Adressen der angemeldeten Benutzer und Kommentatoren nur unter denselben Umst\u00e4nden bekannt, unter denen es pers\u00f6nlich identifizierende Informationen wie unten beschrieben verwendet und offenlegt.<\/p>\n<h2><strong>Erhebung personenbezogener Daten<\/strong><\/h2>\n<p>Bestimmte Besucher der Website von SD-Memory-Cards.net m\u00f6chten mit SD-Memory-Cards.net auf eine Weise interagieren, die es erforderlich macht, dass SD-Memory-Cards.net pers\u00f6nlich identifizierende Informationen sammelt. Die Menge und Art der Informationen, die SD-Memory-Cards.net sammelt, h\u00e4ngt von der Art der Interaktion ab. Zum Beispiel bitten wir Besucher, die sich f\u00fcr einen Blog bei SD-Memory-Cards.net anmelden, einen Benutzernamen und eine E-Mail-Adresse anzugeben.<\/p>\n<h2><strong>Sicherheit<\/strong><\/h2>\n<p>Die Sicherheit Ihrer pers\u00f6nlichen Daten ist uns wichtig, aber denken Sie daran, dass keine Methode der \u00dcbertragung \u00fcber das Internet oder der elektronischen Speicherung 100% sicher ist. Obwohl wir uns bem\u00fchen, kommerziell annehmbare Mittel zum Schutz Ihrer pers\u00f6nlichen Daten einzusetzen, k\u00f6nnen wir deren absolute Sicherheit nicht garantieren.<\/p>\n<h2><strong>Schutz bestimmter personenbezogener Daten<\/strong><\/h2>\n<p>SD-Memory-Cards.net legt personenbezogene Daten nur gegen\u00fcber denjenigen Mitarbeitern, Auftragnehmern und verbundenen Unternehmen offen, die (i) diese Daten ben\u00f6tigen, um sie im Auftrag von SD-Memory-Cards.net zu verarbeiten oder um die auf der Website von SD-Memory-Cards.net verf\u00fcgbaren Dienste bereitzustellen, und die (ii) zugestimmt haben, sie nicht an Dritte weiterzugeben. Einige dieser Mitarbeiter, Auftragnehmer und angegliederte Organisationen k\u00f6nnen sich au\u00dferhalb Ihres Heimatlandes befinden; durch die Nutzung der Website von SD-Memory-Cards.net stimmen Sie der \u00dcbermittlung solcher Informationen an diese zu. SD-Memory-Cards.net wird potenziell pers\u00f6nlich identifizierende und pers\u00f6nlich identifizierende Informationen nicht an Dritte vermieten oder verkaufen. Au\u00dfer gegen\u00fcber seinen Mitarbeitern, Auftragnehmern und angeschlossenen Organisationen, wie oben beschrieben, legt SD-Memory-Cards.net potenziell pers\u00f6nlich identifizierende und personenbezogene Daten nur dann offen, wenn eine Vorladung, ein Gerichtsbeschluss oder eine andere beh\u00f6rdliche Aufforderung vorliegt oder wenn SD-Memory-Cards.net in gutem Glauben davon ausgeht, dass die Offenlegung vern\u00fcnftigerweise notwendig ist, um das Eigentum oder die Rechte von SD-Memory-Cards.net, Dritten oder der \u00d6ffentlichkeit insgesamt zu sch\u00fctzen.<\/p>\n<p>Wenn Sie ein registrierter Benutzer von SD-Memory-Cards.net sind und Ihre E-Mail-Adresse angegeben haben, kann SD-Memory-Cards.net Ihnen von Zeit zu Zeit eine E-Mail schicken, um Sie \u00fcber neue Funktionen zu informieren, Ihr Feedback einzuholen oder Sie einfach nur auf dem Laufenden zu halten, was mit SD-Memory-Cards.net und unseren Produkten passiert. Wir verwenden in erster Linie unseren Blog, um diese Art von Informationen zu \u00fcbermitteln, so dass wir erwarten, diese Art von E-Mail auf ein Minimum zu beschr\u00e4nken. Wenn Sie uns eine Anfrage schicken (z.B. \u00fcber eine Support-E-Mail oder \u00fcber einen unserer Feedback-Mechanismen), behalten wir uns das Recht vor, diese zu ver\u00f6ffentlichen, um uns zu helfen, Ihre Anfrage zu kl\u00e4ren oder zu beantworten oder um uns zu helfen, andere Benutzer zu unterst\u00fctzen. SD-Memory-Cards.net ergreift alle notwendigen Ma\u00dfnahmen, um sich gegen den unbefugten Zugriff, die Verwendung, die Ver\u00e4nderung oder die Zerst\u00f6rung von potenziell pers\u00f6nlich identifizierenden Informationen zu sch\u00fctzen.<\/p>\n<h2><strong>Cookies<\/strong><\/h2>\n<p>Um Ihr Online-Erlebnis zu bereichern und zu perfektionieren, verwendet SD-Memory-Cards.net \"Cookies\", \u00e4hnliche Technologien und Dienste, die von anderen bereitgestellt werden, um personalisierte Inhalte und geeignete Werbung anzuzeigen und Ihre Pr\u00e4ferenzen auf Ihrem Computer zu speichern. Ein Cookie ist eine Zeichenkette von Informationen, die eine Website auf dem Computer eines Besuchers speichert und die der Browser des Besuchers der Website jedes Mal zur Verf\u00fcgung stellt, wenn der Besucher zur\u00fcckkehrt. SD-Memory-Cards.net verwendet Cookies, um SD-Memory-Cards.net zu helfen, Besucher zu identifizieren und zu verfolgen, ihre Nutzung von SD-Memory-Cards.net und ihre Zugriffspr\u00e4ferenzen auf die Website. SD-Memory-Cards.net-Besucher, die nicht m\u00f6chten, dass Cookies auf ihrem Computer platziert werden, sollten ihren Browser so einstellen, dass er Cookies ablehnt, bevor sie SD-Memory-Cards.net-Websites nutzen. Indem Sie weiterhin auf unserer Website navigieren, ohne Ihre Cookie-Einstellungen zu \u00e4ndern, erkl\u00e4ren Sie sich mit der Verwendung von Cookies durch SD-Memory-Cards.net einverstanden.<\/p>\n<h2><strong>\u00c4nderungen der Datenschutzrichtlinie<\/strong><\/h2>\n<p>Obwohl die meisten \u00c4nderungen wahrscheinlich geringf\u00fcgig sind, kann SD-Memory-Cards.net seine Datenschutzbestimmungen von Zeit zu Zeit und nach eigenem Ermessen \u00e4ndern. SD-Memory-Cards.net fordert Besucher auf, diese Seite regelm\u00e4\u00dfig auf \u00c4nderungen der Datenschutzrichtlinien zu \u00fcberpr\u00fcfen. Wenn Sie diese Seite nach einer \u00c4nderung der Datenschutzrichtlinie weiterhin nutzen, erkl\u00e4ren Sie sich mit dieser \u00c4nderung einverstanden.<\/p>\n<h2 class=\"headline\">Amazon Affiliate Offenlegung<\/h2>\n<p>SD-Memory-Cards.net ist Teilnehmer des Partnerprogramms von Amazon Services LLC, einem Partnerwerbeprogramm, das zur Bereitstellung eines Mediums f\u00fcr Websites konzipiert wurde, mittels dessen durch die Platzierung von Werbeanzeigen und Links zu amazon.de Werbekostenerstattungen verdient werden k\u00f6nnen.<\/p>\n<p>&nbsp;<\/p>\n<p><em>SD-Memory-Cards.net, USA. Copyright \u00a9 2020 Alle Rechte vorbehalten.<\/em><\/p>\n[\/et_pb_text][\/et_pb_column][\/et_pb_row][\/et_pb_section]\n<div style='text-align:left' class='yasr-auto-insert-visitor'><\/div>","protected":false},"excerpt":{"rendered":"<p>It is SD-Memory-Cards.net&#8217;s policy to respect your privacy regarding any information we may collect while operating our website. This privacy policy applies to SD-Memory-Cards.net&#8230;<\/p>","protected":false},"author":11,"featured_media":0,"parent":0,"menu_order":0,"comment_status":"open","ping_status":"closed","template":"","meta":{"_et_pb_use_builder":"on","_et_pb_old_content":"<p>This privacy policy has been compiled to better serve those who are concerned with how their 'Personally identifiable information' (PII) is being used online. PII, as used in US privacy law and information security, is information that can be used on its own or with other information to identify, contact, or locate a single person, or to identify an individual in context. Please read our privacy policy carefully to get a clear understanding of how we collect, use, protect or otherwise handle your Personally Identifiable Information in accordance with our website.<\/p><p><strong>What personal information do we collect from the people that visit our blog, website or app?<\/strong><\/p><p>When using our site, as appropriate, you may be asked to enter your name, email address or other details to help you with your experience.<\/p><p><strong>How do we use your information?<\/strong><\/p><p>We may use the information we collect from you when you register, make a purchase, sign up for our newsletter, unlock the content, respond to a survey or marketing communication, surf the website, or use certain other site features in the following ways:<\/p><ul><li>To personalize user's experience and to allow us to deliver the type of content and product offerings in which you are most interested<\/li><li>To improve our website in order to better serve you.<\/li><li>To allow us to better service you in responding to your customer service requests.<\/li><li>To administer a contest, promotion, survey or other site feature.<\/li><li>To send periodic emails regarding your order or other products and services.<\/li><\/ul><p><strong>Do we use 'cookies'?<\/strong><\/p><p>Yes. Cookies are small files that a site or its service provider transfers to your computer's hard drive through your Web browser (if you allow) that enables the site's or service provider's systems to recognize your browser and capture and remember certain information. For instance, we use cookies to help us remember and process the items in your shopping cart. They are also used to help us understand your preferences based on previous or current site activity, which enables us to provide you with improved services. We also use cookies to help us compile aggregate data about site traffic and site interaction so that we can offer better site experiences and tools in the future.<\/p><p>We use cookies to:<\/p><ul><li>Understand and save user's preferences for future visits.<\/li><li>Memorize the users who have unlocked access to premium content.<\/li><\/ul><p>If you disable cookies off, some features will be disabled. It will affect the users experience and some of our services will not function properly.<\/p><p><strong>Third Party Disclosure<\/strong><\/p><p>We do not sell, trade, or otherwise transfer to outside parties your personally identifiable information unless we provide you with advance notice. This does not include website hosting partners and other parties who assist us in operating our website, conducting our business, or servicing you, so long as those parties agree to keep this information confidential. We may also release your information when we believe release is appropriate to comply with the law, enforce our site policies, or protect ours or others' rights, property, or safety.<\/p><p>However, non-personally identifiable visitor information may be provided to other parties for marketing, advertising, or other uses.<\/p><p><strong>Third party links<\/strong><\/p><p>Occasionally, at our discretion, we may include or offer third party products or services on our website. These third party sites have separate and independent privacy policies. We therefore have no responsibility or liability for the content and activities of these linked sites. Nonetheless, we seek to protect the integrity of our site and welcome any feedback about these sites.<\/p><p>If there are any questions regarding this privacy policy you may contact us.<\/p>","_et_gb_content_width":"","yasr_overall_rating":0,"yasr_post_is_review":"","yasr_auto_insert_disabled":"","yasr_review_type":"","footnotes":""},"class_list":["post-9508","page","type-page","status-publish","hentry"],"yoast_head":"<!-- This site is optimized with the Yoast SEO Premium plugin v19.2.1 (Yoast SEO v27.3) - https:\/\/yoast.com\/product\/yoast-seo-premium-wordpress\/ -->\n<title>Privacy Policy &#187; SD Memory Cards<\/title>\n<meta name=\"description\" content=\"We recommend all readers visit our privacy policy to learn more about how visitor data and personal information is handled.\" \/>\n<meta name=\"robots\" content=\"index, follow, max-snippet:-1, max-image-preview:large, max-video-preview:-1\" \/>\n<link rel=\"canonical\" href=\"https:\/\/sd-memory-cards.net\/de\/datenschutzbestimmungen\/\" \/>\n<meta property=\"og:locale\" content=\"de_DE\" \/>\n<meta property=\"og:type\" content=\"article\" \/>\n<meta property=\"og:title\" content=\"Privacy Policy\" \/>\n<meta property=\"og:description\" content=\"We recommend all readers visit our privacy policy to learn more about how visitor data and personal information is handled.\" \/>\n<meta property=\"og:url\" content=\"https:\/\/sd-memory-cards.net\/de\/datenschutzbestimmungen\/\" \/>\n<meta property=\"og:site_name\" content=\"SD Memory Cards\" \/>\n<meta property=\"article:publisher\" content=\"https:\/\/www.facebook.com\/profile.php?id=100068407795273\" \/>\n<meta property=\"article:modified_time\" content=\"2020-07-15T23:12:17+00:00\" \/>\n<meta name=\"twitter:card\" content=\"summary_large_image\" \/>\n<meta name=\"twitter:label1\" content=\"Gesch\u00e4tzte Lesezeit\" \/>\n\t<meta name=\"twitter:data1\" content=\"5\u00a0Minuten\" \/>\n<script type=\"application\/ld+json\" class=\"yoast-schema-graph\">{\"@context\":\"https:\\\/\\\/schema.org\",\"@graph\":[{\"@type\":\"WebPage\",\"@id\":\"https:\\\/\\\/sd-memory-cards.net\\\/privacy-policy\\\/\",\"url\":\"https:\\\/\\\/sd-memory-cards.net\\\/privacy-policy\\\/\",\"name\":\"Privacy Policy &#187; SD Memory Cards\",\"isPartOf\":{\"@id\":\"https:\\\/\\\/sd-memory-cards.net\\\/#website\"},\"datePublished\":\"2015-02-07T04:10:07+00:00\",\"dateModified\":\"2020-07-15T23:12:17+00:00\",\"description\":\"We recommend all readers visit our privacy policy to learn more about how visitor data and personal information is handled.\",\"inLanguage\":\"de\",\"potentialAction\":[{\"@type\":\"ReadAction\",\"target\":[\"https:\\\/\\\/sd-memory-cards.net\\\/privacy-policy\\\/\"]}]},{\"@type\":\"WebSite\",\"@id\":\"https:\\\/\\\/sd-memory-cards.net\\\/#website\",\"url\":\"https:\\\/\\\/sd-memory-cards.net\\\/\",\"name\":\"SD Memory Cards\",\"description\":\"Everything about Memory Cards &amp; Storage Devices\",\"publisher\":{\"@id\":\"https:\\\/\\\/sd-memory-cards.net\\\/#organization\"},\"potentialAction\":[{\"@type\":\"SearchAction\",\"target\":{\"@type\":\"EntryPoint\",\"urlTemplate\":\"https:\\\/\\\/sd-memory-cards.net\\\/?s={search_term_string}\"},\"query-input\":{\"@type\":\"PropertyValueSpecification\",\"valueRequired\":true,\"valueName\":\"search_term_string\"}}],\"inLanguage\":\"de\"},{\"@type\":\"Organization\",\"@id\":\"https:\\\/\\\/sd-memory-cards.net\\\/#organization\",\"name\":\"SD Memory Cards\",\"url\":\"https:\\\/\\\/sd-memory-cards.net\\\/\",\"logo\":{\"@type\":\"ImageObject\",\"inLanguage\":\"de\",\"@id\":\"https:\\\/\\\/sd-memory-cards.net\\\/#\\\/schema\\\/logo\\\/image\\\/\",\"url\":\"https:\\\/\\\/sd-memory-cards.net\\\/wp-content\\\/uploads\\\/2022\\\/11\\\/sd-memory-cards-logo.png\",\"contentUrl\":\"https:\\\/\\\/sd-memory-cards.net\\\/wp-content\\\/uploads\\\/2022\\\/11\\\/sd-memory-cards-logo.png\",\"width\":748,\"height\":148,\"caption\":\"SD Memory Cards\"},\"image\":{\"@id\":\"https:\\\/\\\/sd-memory-cards.net\\\/#\\\/schema\\\/logo\\\/image\\\/\"},\"sameAs\":[\"https:\\\/\\\/www.facebook.com\\\/profile.php?id=100068407795273\"]},false]}<\/script>\n<!-- \/ Yoast SEO Premium plugin. -->","yoast_head_json":{"title":"Privacy Policy &#187; SD Memory Cards","description":"We recommend all readers visit our privacy policy to learn more about how visitor data and personal information is handled.","robots":{"index":"index","follow":"follow","max-snippet":"max-snippet:-1","max-image-preview":"max-image-preview:large","max-video-preview":"max-video-preview:-1"},"canonical":"https:\/\/sd-memory-cards.net\/de\/datenschutzbestimmungen\/","og_locale":"de_DE","og_type":"article","og_title":"Privacy Policy","og_description":"We recommend all readers visit our privacy policy to learn more about how visitor data and personal information is handled.","og_url":"https:\/\/sd-memory-cards.net\/de\/datenschutzbestimmungen\/","og_site_name":"SD Memory Cards","article_publisher":"https:\/\/www.facebook.com\/profile.php?id=100068407795273","article_modified_time":"2020-07-15T23:12:17+00:00","twitter_card":"summary_large_image","twitter_misc":{"Gesch\u00e4tzte Lesezeit":"5\u00a0Minuten"},"schema":{"@context":"https:\/\/schema.org","@graph":[{"@type":"WebPage","@id":"https:\/\/sd-memory-cards.net\/privacy-policy\/","url":"https:\/\/sd-memory-cards.net\/privacy-policy\/","name":"Privacy Policy &#187; SD Memory Cards","isPartOf":{"@id":"https:\/\/sd-memory-cards.net\/#website"},"datePublished":"2015-02-07T04:10:07+00:00","dateModified":"2020-07-15T23:12:17+00:00","description":"We recommend all readers visit our privacy policy to learn more about how visitor data and personal information is handled.","inLanguage":"de","potentialAction":[{"@type":"ReadAction","target":["https:\/\/sd-memory-cards.net\/privacy-policy\/"]}]},{"@type":"WebSite","@id":"https:\/\/sd-memory-cards.net\/#website","url":"https:\/\/sd-memory-cards.net\/","name":"SD Memory Cards","description":"Everything about Memory Cards &amp; Storage Devices","publisher":{"@id":"https:\/\/sd-memory-cards.net\/#organization"},"potentialAction":[{"@type":"SearchAction","target":{"@type":"EntryPoint","urlTemplate":"https:\/\/sd-memory-cards.net\/?s={search_term_string}"},"query-input":{"@type":"PropertyValueSpecification","valueRequired":true,"valueName":"search_term_string"}}],"inLanguage":"de"},{"@type":"Organization","@id":"https:\/\/sd-memory-cards.net\/#organization","name":"SD Memory Cards","url":"https:\/\/sd-memory-cards.net\/","logo":{"@type":"ImageObject","inLanguage":"de","@id":"https:\/\/sd-memory-cards.net\/#\/schema\/logo\/image\/","url":"https:\/\/sd-memory-cards.net\/wp-content\/uploads\/2022\/11\/sd-memory-cards-logo.png","contentUrl":"https:\/\/sd-memory-cards.net\/wp-content\/uploads\/2022\/11\/sd-memory-cards-logo.png","width":748,"height":148,"caption":"SD Memory Cards"},"image":{"@id":"https:\/\/sd-memory-cards.net\/#\/schema\/logo\/image\/"},"sameAs":["https:\/\/www.facebook.com\/profile.php?id=100068407795273"]},false]}},"yasr_visitor_votes":{"stars_attributes":{"read_only":false,"span_bottom":false},"number_of_votes":0,"sum_votes":0},"amp_enabled":true,"_links":{"self":[{"href":"https:\/\/sd-memory-cards.net\/de\/wp-json\/wp\/v2\/pages\/9508","targetHints":{"allow":["GET"]}}],"collection":[{"href":"https:\/\/sd-memory-cards.net\/de\/wp-json\/wp\/v2\/pages"}],"about":[{"href":"https:\/\/sd-memory-cards.net\/de\/wp-json\/wp\/v2\/types\/page"}],"author":[{"embeddable":true,"href":"https:\/\/sd-memory-cards.net\/de\/wp-json\/wp\/v2\/users\/11"}],"replies":[{"embeddable":true,"href":"https:\/\/sd-memory-cards.net\/de\/wp-json\/wp\/v2\/comments?post=9508"}],"version-history":[{"count":0,"href":"https:\/\/sd-memory-cards.net\/de\/wp-json\/wp\/v2\/pages\/9508\/revisions"}],"wp:attachment":[{"href":"https:\/\/sd-memory-cards.net\/de\/wp-json\/wp\/v2\/media?parent=9508"}],"curies":[{"name":"wp","href":"https:\/\/api.w.org\/{rel}","templated":true}]}}