{"id":12240,"date":"2018-07-26T19:08:41","date_gmt":"2018-07-27T03:08:41","guid":{"rendered":"https:\/\/sd-memory-cards.net\/?page_id=12240"},"modified":"2022-12-02T20:46:51","modified_gmt":"2022-12-02T19:46:51","slug":"home","status":"publish","type":"page","link":"https:\/\/sd-memory-cards.net\/es\/","title":{"rendered":"Todo sobre tarjetas de memoria y dispositivos de almacenamiento"},"content":{"rendered":"[et_pb_section fb_built=&#8221;1&#8243; _builder_version=&#8221;4.16&#8243; global_colors_info=&#8221;{}&#8221;][et_pb_row column_structure=&#8221;1_2,1_2&#8243; _builder_version=&#8221;4.16&#8243; _module_preset=&#8221;default&#8221; global_colors_info=&#8221;{}&#8221;][et_pb_column type=&#8221;1_2&#8243; _builder_version=&#8221;4.16&#8243; _module_preset=&#8221;default&#8221; global_colors_info=&#8221;{}&#8221;][et_pb_blurb title=&#8221;Memory Cards&#8221; url=&#8221;\/memory-cards\/&#8221; url_new_window=&#8221;on&#8221; image=&#8221;https:\/\/sd-memory-cards.net\/wp-content\/uploads\/2020\/06\/SD-Cards.jpg&#8221; admin_label=&#8221;Memory Cards&#8221; _builder_version=&#8221;4.19.2&#8243; header_level=&#8221;h2&#8243; header_font=&#8221;Roboto|700|||||||&#8221; header_font_size=&#8221;24&#8243; header_line_height=&#8221;1.7em&#8221; body_font=&#8221;Roboto||||||||&#8221; body_font_size=&#8221;17&#8243; background_color=&#8221;#fafafa&#8221; custom_padding=&#8221;20px|20px|20px|20px&#8221; link_option_url_new_window=&#8221;on&#8221; global_colors_info=&#8221;{}&#8221;]\n<p style=\"text-align: left;\">Conozca las mejores tarjetas de memoria SD para su c\u00e1mara, smartphone y todos los dispositivos tecnol\u00f3gicos.<\/p>\n<p style=\"text-align: left;\"><a href=\"https:\/\/sd-memory-cards.net\/memory-cards\/\" target=\"_blank\" rel=\"noopener noreferrer\">M\u00e1s informaci\u00f3n<\/a><\/p>\n[\/et_pb_blurb][\/et_pb_column][et_pb_column type=&#8221;1_2&#8243; _builder_version=&#8221;4.16&#8243; _module_preset=&#8221;default&#8221; global_colors_info=&#8221;{}&#8221;][et_pb_blurb title=&#8221;Hard Drives&#8221; url=&#8221;\/hard-drives\/&#8221; url_new_window=&#8221;on&#8221; image=&#8221;https:\/\/sd-memory-cards.net\/wp-content\/uploads\/2022\/10\/external-hard-drive-for-TV-1.jpg&#8221; alt=&#8221;external hard drive for TV&#8221; admin_label=&#8221;Hard Drives&#8221; _builder_version=&#8221;4.19.2&#8243; header_level=&#8221;h2&#8243; header_font=&#8221;Roboto|700|||||||&#8221; header_font_size=&#8221;24&#8243; header_line_height=&#8221;1.7em&#8221; body_font=&#8221;Roboto||||||||&#8221; body_font_size=&#8221;17&#8243; background_color=&#8221;#fafafa&#8221; custom_padding=&#8221;20px|20px|20px|20px&#8221; link_option_url_new_window=&#8221;on&#8221; hover_enabled=&#8221;0&#8243; global_colors_info=&#8221;{}&#8221; title_text=&#8221;external hard drive for TV&#8221; sticky_enabled=&#8221;0&#8243;]\n<p>\u00bfBusca un disco duro o SSD para su PC, Mac, televisor o c\u00e1mara? En esta secci\u00f3n aprender\u00e1 sobre estas unidades y obtendr\u00e1 las mejores ofertas disponibles en el mercado.<\/p>\n<p><a href=\"https:\/\/sd-memory-cards.net\/hard-drives\/\" target=\"_blank\" rel=\"noopener noreferrer\">M\u00e1s informaci\u00f3n<\/a><\/p>\n[\/et_pb_blurb][\/et_pb_column][\/et_pb_row][et_pb_row make_equal=&#8221;on&#8221; _builder_version=&#8221;4.16&#8243; global_colors_info=&#8221;{}&#8221;][et_pb_column type=&#8221;4_4&#8243; _builder_version=&#8221;4.16&#8243; custom_padding=&#8221;|||&#8221; global_colors_info=&#8221;{}&#8221; custom_padding__hover=&#8221;|||&#8221;][et_pb_text admin_label=&#8221;Memory Card Reviews&#8221; _builder_version=&#8221;4.16&#8243; text_font=&#8221;Roboto||||||||&#8221; text_font_size=&#8221;17px&#8221; header_font=&#8221;Roboto|700|||||||&#8221; header_font_size=&#8221;34px&#8221; header_line_height=&#8221;1.7em&#8221; header_2_font=&#8221;Roboto|700|||||||&#8221; header_2_font_size=&#8221;28px&#8221; header_2_line_height=&#8221;1.7em&#8221; header_3_font=&#8221;Roboto|700|||||||&#8221; header_3_font_size=&#8221;24px&#8221; header_3_line_height=&#8221;1.7em&#8221; header_4_font=&#8221;Roboto|700|||||||&#8221; header_4_line_height=&#8221;1.7em&#8221; header_5_font=&#8221;Roboto|700|||||||&#8221; header_5_line_height=&#8221;1.7em&#8221; header_6_font=&#8221;Roboto|700|||||||&#8221; header_6_line_height=&#8221;1.7em&#8221; global_colors_info=&#8221;{}&#8221;]\n<h2 style=\"text-align: center;\">Rese\u00f1as de tarjetas de memoria<\/h2>\n[\/et_pb_text][\/et_pb_column][\/et_pb_row][et_pb_row column_structure=&#8221;1_3,1_3,1_3&#8243; make_equal=&#8221;on&#8221; _builder_version=&#8221;4.16&#8243; global_colors_info=&#8221;{}&#8221;][et_pb_column type=&#8221;1_3&#8243; _builder_version=&#8221;4.16&#8243; custom_padding=&#8221;|||&#8221; global_colors_info=&#8221;{}&#8221; custom_padding__hover=&#8221;|||&#8221;][et_pb_blurb title=&#8221;Sandisk Extreme %91Full Review%93&#8243; url=&#8221;\/sandisk-extreme\/&#8221; image=&#8221;https:\/\/sd-memory-cards.net\/wp-content\/uploads\/2020\/05\/sandisk-extreme.jpg&#8221; admin_label=&#8221;Sandisk Extreme Review&#8221; _builder_version=&#8221;4.16&#8243; header_level=&#8221;h3&#8243; header_font=&#8221;Roboto|700|||||||&#8221; header_text_align=&#8221;center&#8221; header_text_color=&#8221;#333333&#8243; header_font_size=&#8221;20&#8243; header_line_height=&#8221;1.7em&#8221; body_font=&#8221;Roboto||||||||&#8221; body_font_size=&#8221;17&#8243; background_color=&#8221;#fafafa&#8221; text_orientation=&#8221;center&#8221; custom_padding=&#8221;20px|20px|20px|20px&#8221; animation=&#8221;off&#8221; global_colors_info=&#8221;{}&#8221;]\n<p style=\"text-align: center;\">Sandisk Extreme es la tarjeta SD m\u00e1s pr\u00e1ctica en t\u00e9rminos de precio\/rendimiento. Tiene 5 estrellas en Amazon y funciona bien con la mayor\u00eda de smartphones y c\u00e1maras.<\/p>\n<p style=\"text-align: center;\"><a href=\"\/sandisk-extreme\/\" target=\"_blank\" rel=\"noopener noreferrer\">M\u00e1s informaci\u00f3n<\/a><\/p>\n[\/et_pb_blurb][\/et_pb_column][et_pb_column type=&#8221;1_3&#8243; _builder_version=&#8221;4.16&#8243; custom_padding=&#8221;|||&#8221; global_colors_info=&#8221;{}&#8221; custom_padding__hover=&#8221;|||&#8221;][et_pb_blurb title=&#8221;Best SD Cards for GoPro Hero 8&#8243; url=&#8221;\/best-sd-card-gopro-8\/&#8221; image=&#8221;https:\/\/sd-memory-cards.net\/wp-content\/uploads\/2020\/05\/hero-8-sd-card.jpg&#8221; admin_label=&#8221;Best SD Cards for GoPro Hero 8&#8243; _builder_version=&#8221;4.16&#8243; header_level=&#8221;h3&#8243; header_font=&#8221;Roboto|700|||||||&#8221; header_text_align=&#8221;center&#8221; header_text_color=&#8221;#333333&#8243; header_font_size=&#8221;20&#8243; header_line_height=&#8221;1.7em&#8221; body_font=&#8221;Roboto||||||||&#8221; body_font_size=&#8221;17&#8243; background_color=&#8221;#fafafa&#8221; custom_padding=&#8221;20px|20px|20px|20px&#8221; animation=&#8221;off&#8221; global_colors_info=&#8221;{}&#8221;]\n<p style=\"text-align: center;\">M\u00e1s informaci\u00f3n sobre los mejores SD Card (recomendados) para GoPro que te permitir\u00e1n grabar v\u00eddeos 4K sin problemas.<\/p>\n<p style=\"text-align: center;\"><a href=\"\/best-sd-card-gopro-8\/\" target=\"_blank\" rel=\"noopener noreferrer\">M\u00e1s informaci\u00f3n<\/a><\/p>\n[\/et_pb_blurb][\/et_pb_column][et_pb_column type=&#8221;1_3&#8243; _builder_version=&#8221;4.16&#8243; custom_padding=&#8221;|||&#8221; global_colors_info=&#8221;{}&#8221; custom_padding__hover=&#8221;|||&#8221;][et_pb_blurb title=&#8221;SD Card Battle: Sandisk Extreme Pro vs Extreme Plus&#8221; url=&#8221;\/sandisk-extreme-pro-vs-extreme-plus\/&#8221; image=&#8221;https:\/\/sd-memory-cards.net\/wp-content\/uploads\/2020\/06\/sandisk-sd-card-camera.jpeg&#8221; admin_label=&#8221;Sandisk Extreme Pro vs Extreme Plus&#8221; _builder_version=&#8221;4.16&#8243; header_level=&#8221;h3&#8243; header_font=&#8221;Roboto|700|||||||&#8221; header_text_align=&#8221;center&#8221; header_text_color=&#8221;#333333&#8243; header_font_size=&#8221;20&#8243; header_line_height=&#8221;1.7em&#8221; body_font=&#8221;Roboto||||||||&#8221; body_font_size=&#8221;17&#8243; background_color=&#8221;#fafafa&#8221; custom_padding=&#8221;20px|20px|20px|20px&#8221; animation=&#8221;off&#8221; global_colors_info=&#8221;{}&#8221;]\n<p style=\"text-align: center;\">SanDisk Extreme Pro y Extreme Plus han sido las tarjetas de memoria SD preferidas durante a\u00f1os, pero \u00bfcu\u00e1l es realmente la mejor? Desc\u00fabralo en esta comparativa de SD.<\/p>\n<p style=\"text-align: center;\"><a href=\"\/sandisk-extreme-pro-vs-extreme-plus\/\" target=\"_blank\" rel=\"noopener noreferrer\">M\u00e1s informaci\u00f3n<\/a><\/p>\n[\/et_pb_blurb][\/et_pb_column][\/et_pb_row][et_pb_row column_structure=&#8221;1_3,1_3,1_3&#8243; make_equal=&#8221;on&#8221; _builder_version=&#8221;4.16&#8243; global_colors_info=&#8221;{}&#8221;][et_pb_column type=&#8221;1_3&#8243; _builder_version=&#8221;4.16&#8243; custom_padding=&#8221;|||&#8221; global_colors_info=&#8221;{}&#8221; custom_padding__hover=&#8221;|||&#8221;][\/et_pb_column][et_pb_column type=&#8221;1_3&#8243; _builder_version=&#8221;4.16&#8243; custom_padding=&#8221;|||&#8221; global_colors_info=&#8221;{}&#8221; custom_padding__hover=&#8221;|||&#8221;][et_pb_button button_url=&#8221;\/best-memory-cards\/&#8221; url_new_window=&#8221;on&#8221; button_text=&#8221;See All Reviews&#8221; button_alignment=&#8221;center&#8221; admin_label=&#8221;View All Tutorials&#8221; _builder_version=&#8221;4.16&#8243; global_colors_info=&#8221;{}&#8221;][\/et_pb_button][\/et_pb_column][et_pb_column type=&#8221;1_3&#8243; _builder_version=&#8221;4.16&#8243; custom_padding=&#8221;|||&#8221; global_colors_info=&#8221;{}&#8221; custom_padding__hover=&#8221;|||&#8221;][\/et_pb_column][\/et_pb_row][\/et_pb_section]\n<div style='text-align:left' class='yasr-auto-insert-visitor'><\/div>","protected":false},"excerpt":{"rendered":"<p>Memory Cards Learn about the best SD memory cards for your camera, smartphone, and all tech devices. Learn More Hard Drives Looking for an&#8230;<\/p>","protected":false},"author":11,"featured_media":0,"parent":0,"menu_order":0,"comment_status":"closed","ping_status":"closed","template":"page-templates\/page-fullwidth.php","meta":{"_et_pb_use_builder":"on","_et_pb_old_content":"<p>[epcl_columns]<\/p><p>[epcl_col width=\"33\"]<\/p><h2 style=\"text-align: center;\">GoPro Settings<\/h2><p style=\"text-align: center;\">Ipsum dolor sit amet, consectetur adipiscing elit, sed do eiusmod tempor incididunt ut labore et dolore magna aliqua. Ut enim ad minim veniam, quis nostrud exercitation ullamco laboris nisi ut aliquip ex ea\u00a0<a href=\"\/gopro-settings\/\">GoPro settings<\/a>.<\/p><p>[\/epcl_col]<\/p><p>[epcl_col width=\"33\"]<\/p><h2 style=\"text-align: center;\">GoPro Filmmaking<\/h2><p style=\"text-align: center;\">Ipsum dolor sit amet, consectetur adipiscing elit, sed do eiusmod tempor incididunt ut labore et dolore magna aliqua. Ut enim ad minim veniam, quis nostrud exercitation ullamco laboris nisi ut aliquip ex ea <a href=\"\/filming\/\">GoPro filmmaking<\/a>. [\/epcl_col]<\/p><p>[epcl_col width=\"33\"]<\/p><h2 style=\"text-align: center;\">GoPro Editing<\/h2><p style=\"text-align: center;\">Ipsum dolor sit amet, consectetur adipiscing elit, sed do eiusmod tempor incididunt ut labore et dolore magna aliqua. Ut enim ad minim veniam, quis nostrud exercitation ullamco laboris nisi ut aliquip ex ea <a href=\"\/editing\/\">GoPro editing<\/a>.<\/p><p>[\/epcl_col]<\/p><p>[\/epcl_columns]<\/p><p>[epcl_columns]<\/p><p>[epcl_col width=\"66\"]<\/p><p>This site provides tutorials & products designed to help you develop videography skills.<\/p><p>If you fit one of these descriptions:<\/p><ul><li>you\u2019ve bought a new GoPro but aren\u2019t sure what to do next<\/li><li>you've experimented and now feel overwhelmed<\/li><li>you're ready to learn professional skills<\/li><\/ul><p>then you are in the right place!<\/p><p>[\/epcl_col]<\/p><p>[epcl_col width=\"33\"] <img class=\"size-medium wp-image-14369 alignnone\" src=\"http:\/\/projectgopro.wpengine.com\/wp-content\/uploads\/2019\/01\/storyboard-300x209.jpg\" alt=\"\" width=\"300\" height=\"209\" \/> [\/epcl_col]<\/p><p>[\/epcl_columns]<\/p><h2 style=\"text-align: center;\">Recent Posts<\/h2><p style=\"text-align: center;\">\u00a0<\/p>","_et_gb_content_width":"","yasr_overall_rating":0,"yasr_post_is_review":"","yasr_auto_insert_disabled":"","yasr_review_type":"","footnotes":""},"class_list":["post-12240","page","type-page","status-publish","hentry"],"yoast_head":"<!-- This site is optimized with the Yoast SEO Premium plugin v19.2.1 (Yoast SEO v27.3) - https:\/\/yoast.com\/product\/yoast-seo-premium-wordpress\/ -->\n<title>Everything about Memory Cards &amp; Storage Devices<\/title>\n<meta name=\"description\" content=\"At SD Memory Cards we provide unbiased reviews on the best SD Memory Cards and storage devices (HDD\/SSD\/Flash Drives) written by our tech experts.\" \/>\n<meta name=\"robots\" content=\"index, follow, max-snippet:-1, max-image-preview:large, max-video-preview:-1\" \/>\n<link rel=\"canonical\" href=\"https:\/\/sd-memory-cards.net\/es\/\" \/>\n<meta property=\"og:locale\" content=\"es_ES\" \/>\n<meta property=\"og:type\" content=\"article\" \/>\n<meta property=\"og:title\" content=\"Everything about Memory Cards &amp; Storage Devices\" \/>\n<meta property=\"og:description\" content=\"At SD Memory Cards we provide unbiased reviews on the best SD Memory Cards and storage devices (HDD\/SSD\/Flash Drives) written by our tech experts.\" \/>\n<meta property=\"og:url\" content=\"https:\/\/sd-memory-cards.net\/es\/\" \/>\n<meta property=\"og:site_name\" content=\"SD Memory Cards\" \/>\n<meta property=\"article:publisher\" content=\"https:\/\/www.facebook.com\/profile.php?id=100068407795273\" \/>\n<meta property=\"article:modified_time\" content=\"2022-12-02T19:46:51+00:00\" \/>\n<meta name=\"twitter:card\" content=\"summary_large_image\" \/>\n<meta name=\"twitter:label1\" content=\"Tiempo de lectura\" \/>\n\t<meta name=\"twitter:data1\" content=\"2 minutos\" \/>\n<script type=\"application\/ld+json\" class=\"yoast-schema-graph\">{\"@context\":\"https:\\\/\\\/schema.org\",\"@graph\":[{\"@type\":\"WebPage\",\"@id\":\"https:\\\/\\\/sd-memory-cards.net\\\/\",\"url\":\"https:\\\/\\\/sd-memory-cards.net\\\/\",\"name\":\"Everything about Memory Cards & Storage Devices\",\"isPartOf\":{\"@id\":\"https:\\\/\\\/sd-memory-cards.net\\\/#website\"},\"datePublished\":\"2018-07-27T03:08:41+00:00\",\"dateModified\":\"2022-12-02T19:46:51+00:00\",\"description\":\"At SD Memory Cards we provide unbiased reviews on the best SD Memory Cards and storage devices (HDD\\\/SSD\\\/Flash Drives) written by our tech experts.\",\"inLanguage\":\"es\",\"potentialAction\":[{\"@type\":\"ReadAction\",\"target\":[\"https:\\\/\\\/sd-memory-cards.net\\\/\"]}]},{\"@type\":\"WebSite\",\"@id\":\"https:\\\/\\\/sd-memory-cards.net\\\/#website\",\"url\":\"https:\\\/\\\/sd-memory-cards.net\\\/\",\"name\":\"SD Memory Cards\",\"description\":\"Everything about Memory Cards &amp; Storage Devices\",\"publisher\":{\"@id\":\"https:\\\/\\\/sd-memory-cards.net\\\/#organization\"},\"potentialAction\":[{\"@type\":\"SearchAction\",\"target\":{\"@type\":\"EntryPoint\",\"urlTemplate\":\"https:\\\/\\\/sd-memory-cards.net\\\/?s={search_term_string}\"},\"query-input\":{\"@type\":\"PropertyValueSpecification\",\"valueRequired\":true,\"valueName\":\"search_term_string\"}}],\"inLanguage\":\"es\"},{\"@type\":\"Organization\",\"@id\":\"https:\\\/\\\/sd-memory-cards.net\\\/#organization\",\"name\":\"SD Memory Cards\",\"url\":\"https:\\\/\\\/sd-memory-cards.net\\\/\",\"logo\":{\"@type\":\"ImageObject\",\"inLanguage\":\"es\",\"@id\":\"https:\\\/\\\/sd-memory-cards.net\\\/#\\\/schema\\\/logo\\\/image\\\/\",\"url\":\"https:\\\/\\\/sd-memory-cards.net\\\/wp-content\\\/uploads\\\/2022\\\/11\\\/sd-memory-cards-logo.png\",\"contentUrl\":\"https:\\\/\\\/sd-memory-cards.net\\\/wp-content\\\/uploads\\\/2022\\\/11\\\/sd-memory-cards-logo.png\",\"width\":748,\"height\":148,\"caption\":\"SD Memory Cards\"},\"image\":{\"@id\":\"https:\\\/\\\/sd-memory-cards.net\\\/#\\\/schema\\\/logo\\\/image\\\/\"},\"sameAs\":[\"https:\\\/\\\/www.facebook.com\\\/profile.php?id=100068407795273\"]},false]}<\/script>\n<!-- \/ Yoast SEO Premium plugin. -->","yoast_head_json":{"title":"Everything about Memory Cards & Storage Devices","description":"At SD Memory Cards we provide unbiased reviews on the best SD Memory Cards and storage devices (HDD\/SSD\/Flash Drives) written by our tech experts.","robots":{"index":"index","follow":"follow","max-snippet":"max-snippet:-1","max-image-preview":"max-image-preview:large","max-video-preview":"max-video-preview:-1"},"canonical":"https:\/\/sd-memory-cards.net\/es\/","og_locale":"es_ES","og_type":"article","og_title":"Everything about Memory Cards & Storage Devices","og_description":"At SD Memory Cards we provide unbiased reviews on the best SD Memory Cards and storage devices (HDD\/SSD\/Flash Drives) written by our tech experts.","og_url":"https:\/\/sd-memory-cards.net\/es\/","og_site_name":"SD Memory Cards","article_publisher":"https:\/\/www.facebook.com\/profile.php?id=100068407795273","article_modified_time":"2022-12-02T19:46:51+00:00","twitter_card":"summary_large_image","twitter_misc":{"Tiempo de lectura":"2 minutos"},"schema":{"@context":"https:\/\/schema.org","@graph":[{"@type":"WebPage","@id":"https:\/\/sd-memory-cards.net\/","url":"https:\/\/sd-memory-cards.net\/","name":"Everything about Memory Cards & Storage Devices","isPartOf":{"@id":"https:\/\/sd-memory-cards.net\/#website"},"datePublished":"2018-07-27T03:08:41+00:00","dateModified":"2022-12-02T19:46:51+00:00","description":"At SD Memory Cards we provide unbiased reviews on the best SD Memory Cards and storage devices (HDD\/SSD\/Flash Drives) written by our tech experts.","inLanguage":"es","potentialAction":[{"@type":"ReadAction","target":["https:\/\/sd-memory-cards.net\/"]}]},{"@type":"WebSite","@id":"https:\/\/sd-memory-cards.net\/#website","url":"https:\/\/sd-memory-cards.net\/","name":"SD Memory Cards","description":"Everything about Memory Cards &amp; Storage Devices","publisher":{"@id":"https:\/\/sd-memory-cards.net\/#organization"},"potentialAction":[{"@type":"SearchAction","target":{"@type":"EntryPoint","urlTemplate":"https:\/\/sd-memory-cards.net\/?s={search_term_string}"},"query-input":{"@type":"PropertyValueSpecification","valueRequired":true,"valueName":"search_term_string"}}],"inLanguage":"es"},{"@type":"Organization","@id":"https:\/\/sd-memory-cards.net\/#organization","name":"SD Memory Cards","url":"https:\/\/sd-memory-cards.net\/","logo":{"@type":"ImageObject","inLanguage":"es","@id":"https:\/\/sd-memory-cards.net\/#\/schema\/logo\/image\/","url":"https:\/\/sd-memory-cards.net\/wp-content\/uploads\/2022\/11\/sd-memory-cards-logo.png","contentUrl":"https:\/\/sd-memory-cards.net\/wp-content\/uploads\/2022\/11\/sd-memory-cards-logo.png","width":748,"height":148,"caption":"SD Memory Cards"},"image":{"@id":"https:\/\/sd-memory-cards.net\/#\/schema\/logo\/image\/"},"sameAs":["https:\/\/www.facebook.com\/profile.php?id=100068407795273"]},false]}},"yasr_visitor_votes":{"stars_attributes":{"read_only":false,"span_bottom":false},"number_of_votes":0,"sum_votes":0},"amp_enabled":false,"_links":{"self":[{"href":"https:\/\/sd-memory-cards.net\/es\/wp-json\/wp\/v2\/pages\/12240","targetHints":{"allow":["GET"]}}],"collection":[{"href":"https:\/\/sd-memory-cards.net\/es\/wp-json\/wp\/v2\/pages"}],"about":[{"href":"https:\/\/sd-memory-cards.net\/es\/wp-json\/wp\/v2\/types\/page"}],"author":[{"embeddable":true,"href":"https:\/\/sd-memory-cards.net\/es\/wp-json\/wp\/v2\/users\/11"}],"replies":[{"embeddable":true,"href":"https:\/\/sd-memory-cards.net\/es\/wp-json\/wp\/v2\/comments?post=12240"}],"version-history":[{"count":0,"href":"https:\/\/sd-memory-cards.net\/es\/wp-json\/wp\/v2\/pages\/12240\/revisions"}],"wp:attachment":[{"href":"https:\/\/sd-memory-cards.net\/es\/wp-json\/wp\/v2\/media?parent=12240"}],"curies":[{"name":"wp","href":"https:\/\/api.w.org\/{rel}","templated":true}]}}