{"id":13888,"date":"2018-12-14T05:40:36","date_gmt":"2018-12-14T13:40:36","guid":{"rendered":"https:\/\/sd-memory-cards.net\/?page_id=13888"},"modified":"2020-06-21T04:50:12","modified_gmt":"2020-06-21T12:50:12","slug":"terms-and-conditions","status":"publish","type":"page","link":"https:\/\/sd-memory-cards.net\/es\/condiciones-generales\/","title":{"rendered":"Condiciones generales"},"content":{"rendered":"[et_pb_section bb_built=&#8221;1&#8243;][et_pb_row][et_pb_column type=&#8221;4_4&#8243;][et_pb_text _builder_version=&#8221;3.19.18&#8243;]\n<p>Estos t\u00e9rminos y condiciones describen las normas y reglamentos para el uso del sitio web de SD Memory Cards. Al acceder a este sitio web, asumimos que acepta estos t\u00e9rminos y condiciones en su totalidad. No contin\u00fae utilizando el sitio web sd-memory-cards.net si no acepta todos los t\u00e9rminos y condiciones establecidos en esta p\u00e1gina.<\/p>\n<p>La siguiente terminolog\u00eda se aplica a estos t\u00e9rminos y condiciones, a la declaraci\u00f3n de privacidad y al aviso de exenci\u00f3n de responsabilidad, as\u00ed como a cualquiera o a todos los acuerdos: \"Cliente\", \"Usted\" y \"Su\" se refiere a usted, la persona que accede a este sitio web y acepta los t\u00e9rminos y condiciones de la empresa. \"La Empresa\", \"Nosotros\", \"Nos\", \"Nuestro\" y \"Nos\", se refiere a nuestra Empresa. \"Parte\", \"Partes\" o \"Nosotros\", se refiere tanto al cliente como a nosotros mismos, o bien al cliente o a nosotros mismos.<\/p>\n<p>Todos los t\u00e9rminos se refieren a la oferta, aceptaci\u00f3n y contraprestaci\u00f3n de pago necesaria para llevar a cabo el proceso de nuestra asistencia al cliente de la manera m\u00e1s adecuada, ya sea mediante reuniones formales de una duraci\u00f3n determinada, o cualquier otro medio, con el prop\u00f3sito expreso de satisfacer las necesidades del cliente con respecto a la prestaci\u00f3n de los servicios\/productos indicados de la empresa, de conformidad con y con sujeci\u00f3n a la legislaci\u00f3n vigente de los Estados Unidos. Cualquier uso de la terminolog\u00eda anterior u otras palabras en singular, plural, may\u00fasculas y\/o \u00e9l\/ella o ellos, se consideran intercambiables y, por lo tanto, se refieren a lo mismo.<\/p>\n<h2><strong>Cookies<\/strong><\/h2>\n<p>Utilizamos cookies. Al utilizar el sitio web sd-memory-cards.net, acepta el uso de cookies de acuerdo con la pol\u00edtica de cookies de sd-memory-cards.net. <a href=\"\/privacy-policy\/\">pol\u00edtica de privacidad<\/a>. La mayor\u00eda de los sitios web interactivos actuales utilizan cookies para poder recuperar los datos de los usuarios en cada visita. Las cookies se utilizan en algunas \u00e1reas de nuestro sitio para permitir la funcionalidad de esta \u00e1rea y la facilidad de uso para las personas que visitan. Algunos de nuestros socios afiliados \/ publicitarios tambi\u00e9n pueden utilizar cookies.<\/p>\n<h2><strong>Licencia<\/strong><\/h2>\n<p>A menos que se indique lo contrario, sd-memory-cards.net y\/o sus licenciantes poseen los derechos de propiedad intelectual de todo el material contenido en sd-memory-cards.net. Todos los derechos de propiedad intelectual est\u00e1n reservados. Usted puede ver y\/o imprimir p\u00e1ginas de https:\/\/sd-memory-cards.net para su uso personal sujeto a las restricciones establecidas en estos t\u00e9rminos y condiciones.<\/p>\n<h2><strong>No debes hacerlo:<\/strong><\/h2>\n<ul>\n<li>Volver a publicar material de https:\/\/sd-memory-cards.net<\/li>\n<li>Vender, alquilar o sublicenciar material de https:\/\/sd-memory-cards.net<\/li>\n<li>Reproducir, duplicar o copiar material de https:\/\/sd-memory-cards.net<\/li>\n<li>Redistribuir el contenido de sd-memory-cards.net (a menos que el contenido se haya creado espec\u00edficamente para su redistribuci\u00f3n).<\/li>\n<\/ul>\n<h2><strong>Comentarios de los usuarios<\/strong><\/h2>\n<p>El presente Acuerdo entrar\u00e1 en vigor en la fecha del mismo.<\/p>\n<ul>\n<li>Ciertas partes de este sitio web ofrecen a los usuarios la oportunidad de publicar e intercambiar opiniones, informaci\u00f3n, material y datos (\"Comentarios\") en \u00e1reas del sitio web. Sd-memory-cards.net no filtra, edita, publica ni revisa los comentarios antes de que aparezcan en el sitio web y los comentarios no reflejan los puntos de vista u opiniones de sd-memory-cards.net, sus agentes o afiliados. Los comentarios reflejan el punto de vista y la opini\u00f3n de la persona que los publica. En la medida en que lo permita la legislaci\u00f3n aplicable, sd-memory-cards.net no ser\u00e1 responsable de los comentarios ni de ninguna p\u00e9rdida, coste, responsabilidad, da\u00f1os o gastos causados o sufridos como resultado de cualquier uso y\/o publicaci\u00f3n y\/o aparici\u00f3n de los comentarios en este sitio web.<\/li>\n<li>Sd-memory-cards.net'so se reserva el derecho a supervisar todos los comentarios y a eliminar aquellos que considere, a su absoluta discreci\u00f3n, inapropiados, ofensivos o que infrinjan de cualquier otro modo las presentes condiciones.<\/li>\n<li>Usted garantiza y declara que:<\/li>\n<li>Usted tiene derecho a publicar los comentarios en nuestro sitio web y dispone de todas las licencias y consentimientos necesarios para hacerlo;<\/li>\n<li>Los comentarios no infringen ning\u00fan derecho de propiedad intelectual, incluidos, entre otros, los derechos de autor, patentes o marcas comerciales, ni ning\u00fan otro derecho de propiedad de terceros;<\/li>\n<li>Los comentarios no contengan material difamatorio, calumnioso, ofensivo, indecente o ilegal de cualquier otro modo, ni material que suponga una invasi\u00f3n de la intimidad.<\/li>\n<li>Los comentarios no se utilizar\u00e1n para solicitar o promover negocios o costumbres ni para presentar actividades comerciales o il\u00edcitas.<\/li>\n<li>Por la presente, usted concede a sd-memory-cards.net's una licencia no exclusiva y libre de regal\u00edas para utilizar, reproducir, editar y autorizar a otros a utilizar, reproducir y editar cualquiera de sus comentarios en todas y cada una de las formas, formatos o medios de comunicaci\u00f3n.<\/li>\n<\/ul>\n<h2><strong>Hiperv\u00ednculos a nuestro contenido<\/strong><\/h2>\n<p>Las siguientes organizaciones pueden enlazar con nuestro sitio web sin autorizaci\u00f3n previa por escrito - estas organizaciones pueden enlazar con nuestra p\u00e1gina de inicio, con publicaciones o con otra informaci\u00f3n del sitio web siempre que el enlace (a) no sea en modo alguno enga\u00f1oso; (b) no implique falsamente el patrocinio, respaldo o aprobaci\u00f3n de la parte enlazante y sus productos o servicios; y (c) se ajuste al contexto del sitio de la parte enlazante:<\/p>\n<ul>\n<li>Agencias gubernamentales;<\/li>\n<li>Motores de b\u00fasqueda;<\/li>\n<li>Organizaciones de noticias;<\/li>\n<li>Los distribuidores de directorios en l\u00ednea, cuando nos incluyan en el directorio, podr\u00e1n enlazar con nuestro sitio web en el mismo<br \/>en la medida en que establezcan hiperenlaces con los sitios web de otras empresas de la lista; y<\/li>\n<li>Empresas acreditadas en todo el sistema, excepto organizaciones sin \u00e1nimo de lucro y centros comerciales ben\u00e9ficos,<br \/>y grupos ben\u00e9ficos de recaudaci\u00f3n de fondos que no pueden establecer hiperv\u00ednculos con nuestro sitio web.<\/li>\n<\/ul>\n<p>Podemos considerar y aprobar, a nuestra entera discreci\u00f3n, otras solicitudes de enlace de los siguientes tipos de organizaciones - Aprobaremos las solicitudes de enlace de estas organizaciones si determinamos que (a) el enlace no se reflejar\u00e1 desfavorablemente en nosotros o en nuestros negocios acreditados (por ejemplo, no se permitir\u00e1 enlazar a asociaciones comerciales u otras organizaciones que representen tipos de negocio inherentemente sospechosos, como oportunidades de trabajo en casa); (b) la organizaci\u00f3n no tiene un historial insatisfactorio con nosotros; (c) el beneficio para nosotros de la visibilidad asociada al hiperv\u00ednculo supera la ausencia de <!--?=$companyName?-->(d) cuando el enlace se encuentre en el contexto de la informaci\u00f3n general sobre recursos o sea coherente con el contenido editorial de un bolet\u00edn o producto similar que fomente la misi\u00f3n de la organizaci\u00f3n:<\/p>\n<ul>\n<li>Fuentes de informaci\u00f3n sobre consumidores y\/o empresas com\u00fanmente conocidas, como las C\u00e1maras de Comercio, la Asociaci\u00f3n Americana del Autom\u00f3vil, AARP y Consumers Union;<\/li>\n<li>sitios de la comunidad punto.com;<\/li>\n<li>asociaciones u otros grupos que representen a organizaciones ben\u00e9ficas, incluidos los sitios de donaciones ben\u00e9ficas,<\/li>\n<li>distribuidores de directorios en l\u00ednea;<\/li>\n<li>portales de internet;<\/li>\n<li>empresas de contabilidad, derecho y consultor\u00eda cuyos principales clientes son empresas; y<\/li>\n<li>instituciones educativas y asociaciones comerciales.<\/li>\n<\/ul>\n<p>Estas organizaciones pueden enlazar con nuestra p\u00e1gina de inicio, con publicaciones o con otra informaci\u00f3n del sitio web siempre que el enlace (a) no sea en modo alguno enga\u00f1oso; (b) no implique falsamente el patrocinio, respaldo o aprobaci\u00f3n de la parte enlazante y sus productos o servicios; y (c) se ajuste al contexto del sitio de la parte enlazante. Si se encuentra entre las organizaciones enumeradas en el apartado 2 anterior y est\u00e1 interesado en establecer un enlace con nuestro sitio web, deber\u00e1 notific\u00e1rnoslo enviando un correo electr\u00f3nico a sdmemorycardsworld@gmail.com.<\/p>\n<p>Por favor, incluya su nombre, el nombre de su organizaci\u00f3n, informaci\u00f3n de contacto (como un n\u00famero de tel\u00e9fono y\/o direcci\u00f3n de correo electr\u00f3nico) as\u00ed como la URL de su sitio, una lista de cualquier URL desde la que pretenda enlazar a nuestro sitio web, y una lista de la(s) URL(s) de nuestro sitio a la(s) que le gustar\u00eda enlazar. La respuesta tardar\u00e1 entre 2 y 3 semanas. Las organizaciones autorizadas pueden establecer hiperenlaces con nuestro sitio web de la siguiente manera:<\/p>\n<ul>\n<li>Mediante el uso de nuestro nombre corporativo; o<\/li>\n<li>Mediante el uso del localizador uniforme de recursos (direcci\u00f3n web) al que se enlaza; o<\/li>\n<li>Mediante el uso de cualquier otra descripci\u00f3n de nuestro sitio web o material enlazado que tenga sentido dentro de la<br \/>el contexto y el formato del contenido del sitio de la parte enlazante.<\/li>\n<\/ul>\n<h2><strong>Reserva de derechos<\/strong><\/h2>\n<p>Nos reservamos el derecho, en cualquier momento y a su entera discreci\u00f3n, de solicitarle que elimine todos los enlaces o cualquier enlace concreto a nuestro sitio web. Usted se compromete a eliminar inmediatamente todos los enlaces a nuestro sitio web en caso de que se le solicite. Tambi\u00e9n nos reservamos el derecho a modificar estas condiciones y su pol\u00edtica de enlaces en cualquier momento. Al continuar enlazando con nuestro sitio web, usted se compromete a respetar las presentes condiciones de enlace.<\/p>\n<h2><strong>Eliminaci\u00f3n de enlaces de nuestro sitio web<\/strong><\/h2>\n<p>Si considera que alg\u00fan enlace de nuestro sitio web o de cualquier sitio web enlazado es objetable por cualquier motivo, puede ponerse en contacto con nosotros al respecto. Tendremos en cuenta las solicitudes de eliminaci\u00f3n de enlaces, pero no estaremos obligados a hacerlo ni a responderle directamente. Aunque nos esforzamos por asegurar que la informaci\u00f3n de este sitio web sea correcta, no garantizamos que sea completa o exacta; tampoco nos comprometemos a asegurar que el sitio web siga estando disponible o que el material del sitio web se mantenga actualizado.<\/p>\n<h2><strong>Responsabilidad por contenidos<\/strong><\/h2>\n<p>No tendremos responsabilidad alguna por cualquier contenido que aparezca en su sitio web. Usted se compromete a indemnizarnos y defendernos frente a todas las reclamaciones derivadas de su sitio web o basadas en \u00e9l. No podr\u00e1 aparecer ning\u00fan enlace en ninguna p\u00e1gina de su sitio web ni dentro de ning\u00fan contexto que contenga contenidos o materiales que puedan interpretarse como difamatorios, obscenos o delictivos, o que infrinjan, violen de otro modo o propugnen la infracci\u00f3n u otra violaci\u00f3n de los derechos de terceros.<\/p>\n<h2><strong>Descargo de responsabilidad<\/strong><\/h2>\n<p>En la medida m\u00e1xima permitida por la ley aplicable, excluimos todas las representaciones, garant\u00edas y condiciones relacionadas con nuestro sitio web y el uso de este sitio web (incluyendo, sin limitaci\u00f3n, cualquier garant\u00eda impl\u00edcita por ley con respecto a la calidad satisfactoria, idoneidad para el prop\u00f3sito y \/ o el uso de cuidado razonable y habilidad). Nada de lo contenido en esta cl\u00e1usula de exenci\u00f3n de responsabilidad:<\/p>\n<ul>\n<li>limitar o excluir nuestra responsabilidad o la suya en caso de fallecimiento o da\u00f1os personales resultantes de negligencia;<\/li>\n<li>limitar o excluir nuestra responsabilidad o la suya por fraude o tergiversaci\u00f3n fraudulenta;<\/li>\n<li>limitar cualquiera de nuestras responsabilidades o las suyas de cualquier forma que no est\u00e9 permitida por la legislaci\u00f3n aplicable; o<\/li>\n<li>excluir cualquiera de nuestras responsabilidades o de las suyas que no puedan excluirse en virtud de la legislaci\u00f3n aplicable.<\/li>\n<\/ul>\n<p>Las limitaciones y exclusiones de responsabilidad establecidas en esta secci\u00f3n y en otras partes de esta cl\u00e1usula de exenci\u00f3n de responsabilidad: (a) est\u00e1n sujetas al p\u00e1rrafo anterior; y (b) rigen todas las responsabilidades que surjan en virtud de la cl\u00e1usula de exenci\u00f3n de responsabilidad o en relaci\u00f3n con el objeto de esta cl\u00e1usula de exenci\u00f3n de responsabilidad, incluidas las responsabilidades contractuales, extracontractuales (incluida la negligencia) y por incumplimiento de obligaciones legales. En la medida en que el sitio web y la informaci\u00f3n y los servicios que contiene se facilitan gratuitamente, no seremos responsables de ninguna p\u00e9rdida o da\u00f1o de cualquier naturaleza.<\/p>\n<h2><strong>Descargo de responsabilidad<\/strong><\/h2>\n<p>Cualquier menci\u00f3n de marcas y marcas registradas es puramente con fines ilustrativos y educativos. Sd-memory-cards.net no est\u00e1 asociada con ning\u00fan producto mencionado en este sitio web. Todas las marcas comerciales pertenecen a sus respectivos propietarios.<\/p>\n<p>Con el fin de mantener vivo el sitio web, sd-memory-cards.net recibe un peque\u00f1o porcentaje de Amazon de cualquier producto que se compr\u00f3 a trav\u00e9s de los enlaces de afiliados de Amazon presentes en los comentarios.<\/p>\n<p>\u00a0<\/p>\n<p><em>Copyright sd-memory-cards.net. 2020 Todos los derechos reservados.<\/em><\/p>\n[\/et_pb_text][\/et_pb_column][\/et_pb_row][\/et_pb_section]\n<div style='text-align:left' class='yasr-auto-insert-visitor'><\/div>","protected":false},"excerpt":{"rendered":"<p>These terms and conditions outline the rules and regulations for the use of SD Memory Cards website. By accessing this website we assume you&#8230;<\/p>","protected":false},"author":11,"featured_media":0,"parent":0,"menu_order":0,"comment_status":"closed","ping_status":"closed","template":"","meta":{"_et_pb_use_builder":"on","_et_pb_old_content":"","_et_gb_content_width":"","yasr_overall_rating":0,"yasr_post_is_review":"","yasr_auto_insert_disabled":"","yasr_review_type":"","footnotes":""},"class_list":["post-13888","page","type-page","status-publish","hentry"],"yoast_head":"<!-- This site is optimized with the Yoast SEO Premium plugin v19.2.1 (Yoast SEO v27.4) - https:\/\/yoast.com\/product\/yoast-seo-premium-wordpress\/ -->\n<title>Terms and Conditions &#187; SD Memory Cards<\/title>\n<meta name=\"description\" content=\"For rules and regulations regarding the use of our website (cookies, hyperlinking, commenting) please read our terms and conditions page.\" \/>\n<meta name=\"robots\" content=\"index, follow, max-snippet:-1, max-image-preview:large, max-video-preview:-1\" \/>\n<link rel=\"canonical\" href=\"https:\/\/sd-memory-cards.net\/es\/condiciones-generales\/\" \/>\n<meta property=\"og:locale\" content=\"es_ES\" \/>\n<meta property=\"og:type\" content=\"article\" \/>\n<meta property=\"og:title\" content=\"Terms and Conditions\" \/>\n<meta property=\"og:description\" content=\"For rules and regulations regarding the use of our website (cookies, hyperlinking, commenting) please read our terms and conditions page.\" \/>\n<meta property=\"og:url\" content=\"https:\/\/sd-memory-cards.net\/es\/condiciones-generales\/\" \/>\n<meta property=\"og:site_name\" content=\"SD Memory Cards\" \/>\n<meta property=\"article:publisher\" content=\"https:\/\/www.facebook.com\/profile.php?id=100068407795273\" \/>\n<meta property=\"article:modified_time\" content=\"2020-06-21T12:50:12+00:00\" \/>\n<meta name=\"twitter:card\" content=\"summary_large_image\" \/>\n<meta name=\"twitter:label1\" content=\"Tiempo de lectura\" \/>\n\t<meta name=\"twitter:data1\" content=\"9 minutos\" \/>\n<script type=\"application\/ld+json\" class=\"yoast-schema-graph\">{\"@context\":\"https:\\\/\\\/schema.org\",\"@graph\":[{\"@type\":\"WebPage\",\"@id\":\"https:\\\/\\\/sd-memory-cards.net\\\/terms-and-conditions\\\/\",\"url\":\"https:\\\/\\\/sd-memory-cards.net\\\/terms-and-conditions\\\/\",\"name\":\"Terms and Conditions &#187; SD Memory Cards\",\"isPartOf\":{\"@id\":\"https:\\\/\\\/sd-memory-cards.net\\\/#website\"},\"datePublished\":\"2018-12-14T13:40:36+00:00\",\"dateModified\":\"2020-06-21T12:50:12+00:00\",\"description\":\"For rules and regulations regarding the use of our website (cookies, hyperlinking, commenting) please read our terms and conditions page.\",\"inLanguage\":\"es\",\"potentialAction\":[{\"@type\":\"ReadAction\",\"target\":[\"https:\\\/\\\/sd-memory-cards.net\\\/terms-and-conditions\\\/\"]}]},{\"@type\":\"WebSite\",\"@id\":\"https:\\\/\\\/sd-memory-cards.net\\\/#website\",\"url\":\"https:\\\/\\\/sd-memory-cards.net\\\/\",\"name\":\"SD Memory Cards\",\"description\":\"Everything about Memory Cards &amp; Storage Devices\",\"publisher\":{\"@id\":\"https:\\\/\\\/sd-memory-cards.net\\\/#organization\"},\"potentialAction\":[{\"@type\":\"SearchAction\",\"target\":{\"@type\":\"EntryPoint\",\"urlTemplate\":\"https:\\\/\\\/sd-memory-cards.net\\\/?s={search_term_string}\"},\"query-input\":{\"@type\":\"PropertyValueSpecification\",\"valueRequired\":true,\"valueName\":\"search_term_string\"}}],\"inLanguage\":\"es\"},{\"@type\":\"Organization\",\"@id\":\"https:\\\/\\\/sd-memory-cards.net\\\/#organization\",\"name\":\"SD Memory Cards\",\"url\":\"https:\\\/\\\/sd-memory-cards.net\\\/\",\"logo\":{\"@type\":\"ImageObject\",\"inLanguage\":\"es\",\"@id\":\"https:\\\/\\\/sd-memory-cards.net\\\/#\\\/schema\\\/logo\\\/image\\\/\",\"url\":\"https:\\\/\\\/sd-memory-cards.net\\\/wp-content\\\/uploads\\\/2022\\\/11\\\/sd-memory-cards-logo.png\",\"contentUrl\":\"https:\\\/\\\/sd-memory-cards.net\\\/wp-content\\\/uploads\\\/2022\\\/11\\\/sd-memory-cards-logo.png\",\"width\":748,\"height\":148,\"caption\":\"SD Memory Cards\"},\"image\":{\"@id\":\"https:\\\/\\\/sd-memory-cards.net\\\/#\\\/schema\\\/logo\\\/image\\\/\"},\"sameAs\":[\"https:\\\/\\\/www.facebook.com\\\/profile.php?id=100068407795273\"]},false]}<\/script>\n<!-- \/ Yoast SEO Premium plugin. -->","yoast_head_json":{"title":"Terms and Conditions &#187; SD Memory Cards","description":"For rules and regulations regarding the use of our website (cookies, hyperlinking, commenting) please read our terms and conditions page.","robots":{"index":"index","follow":"follow","max-snippet":"max-snippet:-1","max-image-preview":"max-image-preview:large","max-video-preview":"max-video-preview:-1"},"canonical":"https:\/\/sd-memory-cards.net\/es\/condiciones-generales\/","og_locale":"es_ES","og_type":"article","og_title":"Terms and Conditions","og_description":"For rules and regulations regarding the use of our website (cookies, hyperlinking, commenting) please read our terms and conditions page.","og_url":"https:\/\/sd-memory-cards.net\/es\/condiciones-generales\/","og_site_name":"SD Memory Cards","article_publisher":"https:\/\/www.facebook.com\/profile.php?id=100068407795273","article_modified_time":"2020-06-21T12:50:12+00:00","twitter_card":"summary_large_image","twitter_misc":{"Tiempo de lectura":"9 minutos"},"schema":{"@context":"https:\/\/schema.org","@graph":[{"@type":"WebPage","@id":"https:\/\/sd-memory-cards.net\/terms-and-conditions\/","url":"https:\/\/sd-memory-cards.net\/terms-and-conditions\/","name":"Terms and Conditions &#187; SD Memory Cards","isPartOf":{"@id":"https:\/\/sd-memory-cards.net\/#website"},"datePublished":"2018-12-14T13:40:36+00:00","dateModified":"2020-06-21T12:50:12+00:00","description":"For rules and regulations regarding the use of our website (cookies, hyperlinking, commenting) please read our terms and conditions page.","inLanguage":"es","potentialAction":[{"@type":"ReadAction","target":["https:\/\/sd-memory-cards.net\/terms-and-conditions\/"]}]},{"@type":"WebSite","@id":"https:\/\/sd-memory-cards.net\/#website","url":"https:\/\/sd-memory-cards.net\/","name":"SD Memory Cards","description":"Everything about Memory Cards &amp; Storage Devices","publisher":{"@id":"https:\/\/sd-memory-cards.net\/#organization"},"potentialAction":[{"@type":"SearchAction","target":{"@type":"EntryPoint","urlTemplate":"https:\/\/sd-memory-cards.net\/?s={search_term_string}"},"query-input":{"@type":"PropertyValueSpecification","valueRequired":true,"valueName":"search_term_string"}}],"inLanguage":"es"},{"@type":"Organization","@id":"https:\/\/sd-memory-cards.net\/#organization","name":"SD Memory Cards","url":"https:\/\/sd-memory-cards.net\/","logo":{"@type":"ImageObject","inLanguage":"es","@id":"https:\/\/sd-memory-cards.net\/#\/schema\/logo\/image\/","url":"https:\/\/sd-memory-cards.net\/wp-content\/uploads\/2022\/11\/sd-memory-cards-logo.png","contentUrl":"https:\/\/sd-memory-cards.net\/wp-content\/uploads\/2022\/11\/sd-memory-cards-logo.png","width":748,"height":148,"caption":"SD Memory Cards"},"image":{"@id":"https:\/\/sd-memory-cards.net\/#\/schema\/logo\/image\/"},"sameAs":["https:\/\/www.facebook.com\/profile.php?id=100068407795273"]},false]}},"yasr_visitor_votes":{"stars_attributes":{"read_only":false,"span_bottom":false},"number_of_votes":0,"sum_votes":0},"amp_enabled":true,"_links":{"self":[{"href":"https:\/\/sd-memory-cards.net\/es\/wp-json\/wp\/v2\/pages\/13888","targetHints":{"allow":["GET"]}}],"collection":[{"href":"https:\/\/sd-memory-cards.net\/es\/wp-json\/wp\/v2\/pages"}],"about":[{"href":"https:\/\/sd-memory-cards.net\/es\/wp-json\/wp\/v2\/types\/page"}],"author":[{"embeddable":true,"href":"https:\/\/sd-memory-cards.net\/es\/wp-json\/wp\/v2\/users\/11"}],"replies":[{"embeddable":true,"href":"https:\/\/sd-memory-cards.net\/es\/wp-json\/wp\/v2\/comments?post=13888"}],"version-history":[{"count":0,"href":"https:\/\/sd-memory-cards.net\/es\/wp-json\/wp\/v2\/pages\/13888\/revisions"}],"wp:attachment":[{"href":"https:\/\/sd-memory-cards.net\/es\/wp-json\/wp\/v2\/media?parent=13888"}],"curies":[{"name":"wp","href":"https:\/\/api.w.org\/{rel}","templated":true}]}}