{"id":13965,"date":"2018-12-10T15:08:13","date_gmt":"2018-12-10T23:08:13","guid":{"rendered":"https:\/\/sd-memory-cards.net\/?page_id=13965"},"modified":"2021-05-20T21:55:13","modified_gmt":"2021-05-20T20:55:13","slug":"about","status":"publish","type":"page","link":"https:\/\/sd-memory-cards.net\/es\/acerca-de\/","title":{"rendered":"Acerca de"},"content":{"rendered":"<p>Hola y bienvenido a Tarjetas de memoria SD. En este sitio web, nuestro principal objetivo es ofrecer rese\u00f1as \u00fatiles sobre almacenamiento electr\u00f3nico, desde tarjetas de memoria SD hasta memorias RAM, HDD\/SSD, unidades flash y mucho m\u00e1s.<\/p>\n<p>Todas las rese\u00f1as, incluidas las pruebas de velocidad y los tutoriales t\u00e9cnicos, est\u00e1n escritas por nuestros colaboradores t\u00e9cnicos, expertos en este campo, que disfrutan compartiendo informaci\u00f3n \u00fatil con nuestros lectores a trav\u00e9s de art\u00edculos f\u00e1ciles de entender.<\/p>\n<p>Si encajas en alguna de estas descripciones...<\/p>\n<ul>\n<li>has comprado una c\u00e1mara pero no sabes qu\u00e9 tarjeta de memoria utilizar<\/li>\n<li>su tarjeta de memoria est\u00e1 da\u00f1ada\/defectuosa y no sabe qu\u00e9 hacer<\/li>\n<li>desea ampliar la memoria RAM o el disco duro de su ordenador<\/li>\n<li>desea obtener m\u00e1s informaci\u00f3n sobre soluciones de almacenamiento<\/li>\n<\/ul>\n<p>est\u00e1 usted en el lugar adecuado.<\/p>\n<h2><strong>Primeros pasos<\/strong><\/h2>\n<p>Para empezar, le recomendamos encarecidamente estas \u00e1reas de nuestro sitio:<\/p>\n<ul>\n<li><a href=\"https:\/\/sd-memory-cards.net\/best-memory-cards\/\" target=\"_blank\" rel=\"noopener noreferrer\">Tarjetas de memoria<\/a> - El lugar central para todas nuestras rese\u00f1as sobre Tarjetas de memoria y adaptadores SD<\/li>\n<li><a href=\"https:\/\/sd-memory-cards.net\/hard-drives\/\" target=\"_blank\" rel=\"noopener noreferrer\">Discos duros<\/a> - Todo sobre discos duros internos y externos para PC y Mac<\/li>\n<li><a href=\"https:\/\/sd-memory-cards.net\/ssd-drives\/\" target=\"_blank\" rel=\"noopener noreferrer\">SSD Accionamientos<\/a> - Noticias y an\u00e1lisis de las \u00faltimas unidades de estado s\u00f3lido<\/li>\n<li><a href=\"https:\/\/sd-memory-cards.net\/ram-memory\/\" target=\"_blank\" rel=\"noopener noreferrer\">Memoria RAM<\/a> - \u00bfNecesita ampliar la memoria RAM de su PC? Lea nuestros \u00faltimos an\u00e1lisis de memoria RAM DDR4 y DDR5.<\/li>\n<li><a href=\"https:\/\/sd-memory-cards.net\/usb-fash-drives\/\" target=\"_blank\" rel=\"noopener noreferrer\">Memorias USB<\/a> - An\u00e1lisis y pruebas de velocidad de las mejores memorias USB del mercado actual<\/li>\n<\/ul>\n<h2><strong>Acerca de las tarjetas de memoria SD<\/strong><\/h2>\n<p>SD Memory Cards est\u00e1 dirigido por Andy, <span class=\"s1\">cineasta y tambi\u00e9n creador de www.projectgo.pro, el mayor sitio de formaci\u00f3n sobre c\u00e1maras de acci\u00f3n y GoPro.<\/span><\/p>\n<p><span class=\"s1\">Puso en marcha SD Tarjetas de memoria despu\u00e9s de darse cuenta de que sus compa\u00f1eros fot\u00f3grafos y cineastas estaban constantemente en busca de asesoramiento sobre la mejor SD Card para sus c\u00e1maras, as\u00ed como soluciones de almacenamiento de disco duro para almacenar de forma segura y copia de seguridad de su contenido.<\/span><\/p>\n<h2><strong>Misi\u00f3n<\/strong><\/h2>\n<p>Nuestra misi\u00f3n con las tarjetas de memoria SD es proporcionar informaci\u00f3n \u00fatil sobre soluciones de almacenamiento que sea imparcial y f\u00e1cil de entender para cualquier persona, incluso para los que no son expertos en tecnolog\u00eda. Estamos muy contentos de ayudar a cientos de fot\u00f3grafos, creadores de v\u00eddeo, y todo tipo de creadores de contenido a trav\u00e9s de nuestros recursos originales.<\/p>\n<h2><strong>Preguntas e inquietudes<\/strong><\/h2>\n<p>Si tiene alguna pregunta sobre las tarjetas de memoria SD, consulte nuestro <a href=\"\/contact\/\">preguntas m\u00e1s frecuentes<\/a>. Tambi\u00e9n puede encontrarnos en <a href=\"https:\/\/www.facebook.com\/SD-Memory-Cards-106487167714650\/\" target=\"_blank\" rel=\"noopener noreferrer\">Facebook<\/a> o por correo electr\u00f3nico a <a href=\"mailto:sdmemorycardsworld@gmail.com\" target=\"_blank\" rel=\"noopener noreferrer\">sdmemorycardsworld@gmail.com<\/a>. Gracias por tomarse el tiempo de leer esto, \u00a1y esperamos verle en el sitio!<\/p>\n<h2><strong>Colaboraciones<\/strong><\/h2>\n<p>\u00bfEs usted un experto en tecnolog\u00eda y le gustar\u00eda contribuir al crecimiento de nuestros recursos en l\u00ednea? <a href=\"mailto:sdmemorycardsworld@gmail.com\">P\u00f3ngase en contacto con nosotros<\/a><\/p>\n<div style='text-align:left' class='yasr-auto-insert-visitor'><\/div>","protected":false},"excerpt":{"rendered":"<p>Hello and welcome to SD Memory Cards. In this website our main goal is to provide helpful reviews about electronic storage, from SD memory cards&#8230;<\/p>","protected":false},"author":11,"featured_media":0,"parent":0,"menu_order":0,"comment_status":"closed","ping_status":"closed","template":"","meta":{"_et_pb_use_builder":"","_et_pb_old_content":"","_et_gb_content_width":"","yasr_overall_rating":0,"yasr_post_is_review":"","yasr_auto_insert_disabled":"","yasr_review_type":"","footnotes":""},"class_list":["post-13965","page","type-page","status-publish","hentry"],"yoast_head":"<!-- This site is optimized with the Yoast SEO Premium plugin v19.2.1 (Yoast SEO v27.3) - https:\/\/yoast.com\/product\/yoast-seo-premium-wordpress\/ -->\n<title>About &#187; SD Memory Cards<\/title>\n<meta name=\"description\" content=\"To learn more about SD Memory Cards and our mission to provide useful storage solutions to all content creators, visit our about page.\" \/>\n<meta name=\"robots\" content=\"index, follow, max-snippet:-1, max-image-preview:large, max-video-preview:-1\" \/>\n<link rel=\"canonical\" href=\"https:\/\/sd-memory-cards.net\/es\/acerca-de\/\" \/>\n<meta property=\"og:locale\" content=\"es_ES\" \/>\n<meta property=\"og:type\" content=\"article\" \/>\n<meta property=\"og:title\" content=\"About\" \/>\n<meta property=\"og:description\" content=\"To learn more about SD Memory Cards and our mission to provide useful storage solutions to all content creators, visit our about page.\" \/>\n<meta property=\"og:url\" content=\"https:\/\/sd-memory-cards.net\/es\/acerca-de\/\" \/>\n<meta property=\"og:site_name\" content=\"SD Memory Cards\" \/>\n<meta property=\"article:publisher\" content=\"https:\/\/www.facebook.com\/profile.php?id=100068407795273\" \/>\n<meta property=\"article:modified_time\" content=\"2021-05-20T20:55:13+00:00\" \/>\n<meta name=\"twitter:card\" content=\"summary_large_image\" \/>\n<meta name=\"twitter:label1\" content=\"Tiempo de lectura\" \/>\n\t<meta name=\"twitter:data1\" content=\"2 minutos\" \/>\n<script type=\"application\/ld+json\" class=\"yoast-schema-graph\">{\"@context\":\"https:\\\/\\\/schema.org\",\"@graph\":[{\"@type\":\"WebPage\",\"@id\":\"https:\\\/\\\/sd-memory-cards.net\\\/about\\\/\",\"url\":\"https:\\\/\\\/sd-memory-cards.net\\\/about\\\/\",\"name\":\"About &#187; SD Memory Cards\",\"isPartOf\":{\"@id\":\"https:\\\/\\\/sd-memory-cards.net\\\/#website\"},\"datePublished\":\"2018-12-10T23:08:13+00:00\",\"dateModified\":\"2021-05-20T20:55:13+00:00\",\"description\":\"To learn more about SD Memory Cards and our mission to provide useful storage solutions to all content creators, visit our about page.\",\"inLanguage\":\"es\",\"potentialAction\":[{\"@type\":\"ReadAction\",\"target\":[\"https:\\\/\\\/sd-memory-cards.net\\\/about\\\/\"]}]},{\"@type\":\"WebSite\",\"@id\":\"https:\\\/\\\/sd-memory-cards.net\\\/#website\",\"url\":\"https:\\\/\\\/sd-memory-cards.net\\\/\",\"name\":\"SD Memory Cards\",\"description\":\"Everything about Memory Cards &amp; Storage Devices\",\"publisher\":{\"@id\":\"https:\\\/\\\/sd-memory-cards.net\\\/#organization\"},\"potentialAction\":[{\"@type\":\"SearchAction\",\"target\":{\"@type\":\"EntryPoint\",\"urlTemplate\":\"https:\\\/\\\/sd-memory-cards.net\\\/?s={search_term_string}\"},\"query-input\":{\"@type\":\"PropertyValueSpecification\",\"valueRequired\":true,\"valueName\":\"search_term_string\"}}],\"inLanguage\":\"es\"},{\"@type\":\"Organization\",\"@id\":\"https:\\\/\\\/sd-memory-cards.net\\\/#organization\",\"name\":\"SD Memory Cards\",\"url\":\"https:\\\/\\\/sd-memory-cards.net\\\/\",\"logo\":{\"@type\":\"ImageObject\",\"inLanguage\":\"es\",\"@id\":\"https:\\\/\\\/sd-memory-cards.net\\\/#\\\/schema\\\/logo\\\/image\\\/\",\"url\":\"https:\\\/\\\/sd-memory-cards.net\\\/wp-content\\\/uploads\\\/2022\\\/11\\\/sd-memory-cards-logo.png\",\"contentUrl\":\"https:\\\/\\\/sd-memory-cards.net\\\/wp-content\\\/uploads\\\/2022\\\/11\\\/sd-memory-cards-logo.png\",\"width\":748,\"height\":148,\"caption\":\"SD Memory Cards\"},\"image\":{\"@id\":\"https:\\\/\\\/sd-memory-cards.net\\\/#\\\/schema\\\/logo\\\/image\\\/\"},\"sameAs\":[\"https:\\\/\\\/www.facebook.com\\\/profile.php?id=100068407795273\"]},false]}<\/script>\n<!-- \/ Yoast SEO Premium plugin. -->","yoast_head_json":{"title":"About &#187; SD Memory Cards","description":"To learn more about SD Memory Cards and our mission to provide useful storage solutions to all content creators, visit our about page.","robots":{"index":"index","follow":"follow","max-snippet":"max-snippet:-1","max-image-preview":"max-image-preview:large","max-video-preview":"max-video-preview:-1"},"canonical":"https:\/\/sd-memory-cards.net\/es\/acerca-de\/","og_locale":"es_ES","og_type":"article","og_title":"About","og_description":"To learn more about SD Memory Cards and our mission to provide useful storage solutions to all content creators, visit our about page.","og_url":"https:\/\/sd-memory-cards.net\/es\/acerca-de\/","og_site_name":"SD Memory Cards","article_publisher":"https:\/\/www.facebook.com\/profile.php?id=100068407795273","article_modified_time":"2021-05-20T20:55:13+00:00","twitter_card":"summary_large_image","twitter_misc":{"Tiempo de lectura":"2 minutos"},"schema":{"@context":"https:\/\/schema.org","@graph":[{"@type":"WebPage","@id":"https:\/\/sd-memory-cards.net\/about\/","url":"https:\/\/sd-memory-cards.net\/about\/","name":"About &#187; SD Memory Cards","isPartOf":{"@id":"https:\/\/sd-memory-cards.net\/#website"},"datePublished":"2018-12-10T23:08:13+00:00","dateModified":"2021-05-20T20:55:13+00:00","description":"To learn more about SD Memory Cards and our mission to provide useful storage solutions to all content creators, visit our about page.","inLanguage":"es","potentialAction":[{"@type":"ReadAction","target":["https:\/\/sd-memory-cards.net\/about\/"]}]},{"@type":"WebSite","@id":"https:\/\/sd-memory-cards.net\/#website","url":"https:\/\/sd-memory-cards.net\/","name":"SD Memory Cards","description":"Everything about Memory Cards &amp; Storage Devices","publisher":{"@id":"https:\/\/sd-memory-cards.net\/#organization"},"potentialAction":[{"@type":"SearchAction","target":{"@type":"EntryPoint","urlTemplate":"https:\/\/sd-memory-cards.net\/?s={search_term_string}"},"query-input":{"@type":"PropertyValueSpecification","valueRequired":true,"valueName":"search_term_string"}}],"inLanguage":"es"},{"@type":"Organization","@id":"https:\/\/sd-memory-cards.net\/#organization","name":"SD Memory Cards","url":"https:\/\/sd-memory-cards.net\/","logo":{"@type":"ImageObject","inLanguage":"es","@id":"https:\/\/sd-memory-cards.net\/#\/schema\/logo\/image\/","url":"https:\/\/sd-memory-cards.net\/wp-content\/uploads\/2022\/11\/sd-memory-cards-logo.png","contentUrl":"https:\/\/sd-memory-cards.net\/wp-content\/uploads\/2022\/11\/sd-memory-cards-logo.png","width":748,"height":148,"caption":"SD Memory Cards"},"image":{"@id":"https:\/\/sd-memory-cards.net\/#\/schema\/logo\/image\/"},"sameAs":["https:\/\/www.facebook.com\/profile.php?id=100068407795273"]},false]}},"yasr_visitor_votes":{"stars_attributes":{"read_only":false,"span_bottom":false},"number_of_votes":0,"sum_votes":0},"amp_enabled":true,"_links":{"self":[{"href":"https:\/\/sd-memory-cards.net\/es\/wp-json\/wp\/v2\/pages\/13965","targetHints":{"allow":["GET"]}}],"collection":[{"href":"https:\/\/sd-memory-cards.net\/es\/wp-json\/wp\/v2\/pages"}],"about":[{"href":"https:\/\/sd-memory-cards.net\/es\/wp-json\/wp\/v2\/types\/page"}],"author":[{"embeddable":true,"href":"https:\/\/sd-memory-cards.net\/es\/wp-json\/wp\/v2\/users\/11"}],"replies":[{"embeddable":true,"href":"https:\/\/sd-memory-cards.net\/es\/wp-json\/wp\/v2\/comments?post=13965"}],"version-history":[{"count":0,"href":"https:\/\/sd-memory-cards.net\/es\/wp-json\/wp\/v2\/pages\/13965\/revisions"}],"wp:attachment":[{"href":"https:\/\/sd-memory-cards.net\/es\/wp-json\/wp\/v2\/media?parent=13965"}],"curies":[{"name":"wp","href":"https:\/\/api.w.org\/{rel}","templated":true}]}}