{"id":4313,"date":"2014-01-18T05:33:49","date_gmt":"2014-01-18T05:33:49","guid":{"rendered":"https:\/\/sd-memory-cards.net\/?page_id=4313"},"modified":"2021-05-20T23:02:32","modified_gmt":"2021-05-20T22:02:32","slug":"contact","status":"publish","type":"page","link":"https:\/\/sd-memory-cards.net\/es\/pongase-en-contacto-con-2\/","title":{"rendered":"P\u00f3ngase en contacto con"},"content":{"rendered":"<p>Por favor, t\u00f3mese un segundo para ver si su pregunta ya ha sido contestada. Gracias<\/p>\n<p><strong>\u00bfCu\u00e1l es la finalidad de este sitio web?<\/strong><\/p>\n<p>SD Tarjetas de memoria proporciona informaci\u00f3n \u00fatil sobre soluciones de almacenamiento que es a la vez imparcial y f\u00e1cil de entender por cualquier persona, incluyendo personas no tecnol\u00f3gicas. Estamos muy contentos de ayudar a cientos de fot\u00f3grafos, creadores de v\u00eddeo y todo tipo de creadores de contenido a trav\u00e9s de nuestros recursos originales.<\/p>\n<p><strong>\u00bfQui\u00e9n cre\u00f3 las tarjetas de memoria SD?<\/strong><\/p>\n<p><span class=\"s1\">SD Tarjetas de memoria fue creado por Andy, cineasta y empresario, despu\u00e9s de darse cuenta de que sus compa\u00f1eros fot\u00f3grafos y cineastas estaban constantemente en busca de asesoramiento sobre la mejor SD Card para sus c\u00e1maras, as\u00ed como soluciones de almacenamiento de disco duro para almacenar de forma segura y copia de seguridad de su contenido.<\/span><\/p>\n<p><strong>\u00bfQui\u00e9n redacta los contenidos del sitio?<\/strong><\/p>\n<p>Todas las rese\u00f1as y tutoriales de este sitio web est\u00e1n escritos por un peque\u00f1o grupo de expertos en tecnolog\u00eda (entre los que me incluyo).<\/p>\n<p><strong>\u00bfEst\u00e1 afiliado a Amazon?<\/strong><\/p>\n<p>Con el fin de mantener el sitio web vivo recibimos un peque\u00f1o porcentaje de Amazon de cualquier producto que se compr\u00f3 a trav\u00e9s de nuestros enlaces de afiliados.<\/p>\n<h2>\u00bfPreguntas?<\/h2>\n<p>Si tiene problemas con nuestro sitio web, o tiene alguna otra pregunta acerca de las opiniones sobre las tarjetas de memoria SD, p\u00f3ngase en contacto con nosotros a trav\u00e9s de <a href=\"sdmemorycardsworld@gmail.com\" target=\"_blank\" rel=\"noopener noreferrer\">correo electr\u00f3nico<\/a> o p\u00f3ngase en contacto con nosotros a trav\u00e9s del siguiente formulario:<\/p>\n\n<div class=\"wpcf7 no-js\" id=\"wpcf7-f14290-o1\" lang=\"en-US\" dir=\"ltr\" data-wpcf7-id=\"14290\">\n<div class=\"screen-reader-response\"><p role=\"status\" aria-live=\"polite\" aria-atomic=\"true\"><\/p> <ul><\/ul><\/div>\n<form action=\"\/es\/wp-json\/wp\/v2\/pages\/4313#wpcf7-f14290-o1\" method=\"post\" class=\"wpcf7-form init\" aria-label=\"Contact form\" novalidate=\"novalidate\" data-status=\"init\" data-trp-original-action=\"\/es\/wp-json\/wp\/v2\/pages\/4313#wpcf7-f14290-o1\">\n<fieldset class=\"hidden-fields-container\"><input type=\"hidden\" name=\"_wpcf7\" value=\"14290\" \/><input type=\"hidden\" name=\"_wpcf7_version\" value=\"6.1.5\" \/><input type=\"hidden\" name=\"_wpcf7_locale\" value=\"en_US\" \/><input type=\"hidden\" name=\"_wpcf7_unit_tag\" value=\"wpcf7-f14290-o1\" \/><input type=\"hidden\" name=\"_wpcf7_container_post\" value=\"0\" \/><input type=\"hidden\" name=\"_wpcf7_posted_data_hash\" value=\"\" \/>\n<\/fieldset>\n<p><label> Su nombre (obligatorio)<br \/>\n<span class=\"wpcf7-form-control-wrap\" data-name=\"your-name\"><input size=\"40\" maxlength=\"400\" class=\"wpcf7-form-control wpcf7-text wpcf7-validates-as-required\" aria-required=\"true\" aria-invalid=\"false\" value=\"\" type=\"text\" name=\"your-name\" \/><\/span> <\/label>\n<\/p>\n<p><label> Su correo electr\u00f3nico (obligatorio)<br \/>\n<span class=\"wpcf7-form-control-wrap\" data-name=\"your-email\"><input size=\"40\" maxlength=\"400\" class=\"wpcf7-form-control wpcf7-email wpcf7-validates-as-required wpcf7-text wpcf7-validates-as-email\" aria-required=\"true\" aria-invalid=\"false\" value=\"\" type=\"email\" name=\"your-email\" \/><\/span> <\/label>\n<\/p>\n<p><label> Su mensaje<br \/>\n<span class=\"wpcf7-form-control-wrap\" data-name=\"your-message\"><textarea cols=\"40\" rows=\"10\" maxlength=\"2000\" class=\"wpcf7-form-control wpcf7-textarea\" aria-invalid=\"false\" name=\"your-message\"><\/textarea><\/span> <\/label>\n<\/p>\n<p><input class=\"wpcf7-form-control wpcf7-submit has-spinner\" type=\"submit\" value=\"Enviar\" \/>\n<\/p><div class=\"wpcf7-response-output\" aria-hidden=\"true\"><\/div>\n<input type=\"hidden\" name=\"trp-form-language\" value=\"es\"\/><\/form>\n<\/div>\n\n<div style='text-align:left' class='yasr-auto-insert-visitor'><\/div>","protected":false},"excerpt":{"rendered":"<p>Please take a second to see if your question has already been answered. Thanks What is the purpose of this website? SD Memory Cards provides&#8230;<\/p>","protected":false},"author":11,"featured_media":0,"parent":0,"menu_order":0,"comment_status":"open","ping_status":"closed","template":"","meta":{"_et_pb_use_builder":"off","_et_pb_old_content":"","_et_gb_content_width":"","yasr_overall_rating":0,"yasr_post_is_review":"","yasr_auto_insert_disabled":"","yasr_review_type":"","footnotes":""},"class_list":["post-4313","page","type-page","status-publish","hentry"],"yoast_head":"<!-- This site is optimized with the Yoast SEO Premium plugin v19.2.1 (Yoast SEO v27.3) - https:\/\/yoast.com\/product\/yoast-seo-premium-wordpress\/ -->\n<title>Contact &#187; SD Memory Cards<\/title>\n<meta name=\"description\" content=\"For questions regarding electronic storage solutions, SD Memory Cards, Hard Drives, SSD or Flash Drives, please visit our revews in this website.\" \/>\n<meta name=\"robots\" content=\"index, follow, max-snippet:-1, max-image-preview:large, max-video-preview:-1\" \/>\n<link rel=\"canonical\" href=\"https:\/\/sd-memory-cards.net\/es\/pongase-en-contacto-con-2\/\" \/>\n<meta property=\"og:locale\" content=\"es_ES\" \/>\n<meta property=\"og:type\" content=\"article\" \/>\n<meta property=\"og:title\" content=\"Contact\" \/>\n<meta property=\"og:description\" content=\"For questions regarding electronic storage solutions, SD Memory Cards, Hard Drives, SSD or Flash Drives, please visit our revews in this website.\" \/>\n<meta property=\"og:url\" content=\"https:\/\/sd-memory-cards.net\/es\/pongase-en-contacto-con-2\/\" \/>\n<meta property=\"og:site_name\" content=\"SD Memory Cards\" \/>\n<meta property=\"article:publisher\" content=\"https:\/\/www.facebook.com\/profile.php?id=100068407795273\" \/>\n<meta property=\"article:modified_time\" content=\"2021-05-20T22:02:32+00:00\" \/>\n<meta name=\"twitter:card\" content=\"summary_large_image\" \/>\n<meta name=\"twitter:label1\" content=\"Tiempo de lectura\" \/>\n\t<meta name=\"twitter:data1\" content=\"1 minuto\" \/>\n<script type=\"application\/ld+json\" class=\"yoast-schema-graph\">{\"@context\":\"https:\\\/\\\/schema.org\",\"@graph\":[{\"@type\":\"WebPage\",\"@id\":\"https:\\\/\\\/sd-memory-cards.net\\\/contact\\\/\",\"url\":\"https:\\\/\\\/sd-memory-cards.net\\\/contact\\\/\",\"name\":\"Contact &#187; SD Memory Cards\",\"isPartOf\":{\"@id\":\"https:\\\/\\\/sd-memory-cards.net\\\/#website\"},\"datePublished\":\"2014-01-18T05:33:49+00:00\",\"dateModified\":\"2021-05-20T22:02:32+00:00\",\"description\":\"For questions regarding electronic storage solutions, SD Memory Cards, Hard Drives, SSD or Flash Drives, please visit our revews in this website.\",\"inLanguage\":\"es\",\"potentialAction\":[{\"@type\":\"ReadAction\",\"target\":[\"https:\\\/\\\/sd-memory-cards.net\\\/contact\\\/\"]}]},{\"@type\":\"WebSite\",\"@id\":\"https:\\\/\\\/sd-memory-cards.net\\\/#website\",\"url\":\"https:\\\/\\\/sd-memory-cards.net\\\/\",\"name\":\"SD Memory Cards\",\"description\":\"Everything about Memory Cards &amp; Storage Devices\",\"publisher\":{\"@id\":\"https:\\\/\\\/sd-memory-cards.net\\\/#organization\"},\"potentialAction\":[{\"@type\":\"SearchAction\",\"target\":{\"@type\":\"EntryPoint\",\"urlTemplate\":\"https:\\\/\\\/sd-memory-cards.net\\\/?s={search_term_string}\"},\"query-input\":{\"@type\":\"PropertyValueSpecification\",\"valueRequired\":true,\"valueName\":\"search_term_string\"}}],\"inLanguage\":\"es\"},{\"@type\":\"Organization\",\"@id\":\"https:\\\/\\\/sd-memory-cards.net\\\/#organization\",\"name\":\"SD Memory Cards\",\"url\":\"https:\\\/\\\/sd-memory-cards.net\\\/\",\"logo\":{\"@type\":\"ImageObject\",\"inLanguage\":\"es\",\"@id\":\"https:\\\/\\\/sd-memory-cards.net\\\/#\\\/schema\\\/logo\\\/image\\\/\",\"url\":\"https:\\\/\\\/sd-memory-cards.net\\\/wp-content\\\/uploads\\\/2022\\\/11\\\/sd-memory-cards-logo.png\",\"contentUrl\":\"https:\\\/\\\/sd-memory-cards.net\\\/wp-content\\\/uploads\\\/2022\\\/11\\\/sd-memory-cards-logo.png\",\"width\":748,\"height\":148,\"caption\":\"SD Memory Cards\"},\"image\":{\"@id\":\"https:\\\/\\\/sd-memory-cards.net\\\/#\\\/schema\\\/logo\\\/image\\\/\"},\"sameAs\":[\"https:\\\/\\\/www.facebook.com\\\/profile.php?id=100068407795273\"]},false]}<\/script>\n<!-- \/ Yoast SEO Premium plugin. -->","yoast_head_json":{"title":"Contact &#187; SD Memory Cards","description":"For questions regarding electronic storage solutions, SD Memory Cards, Hard Drives, SSD or Flash Drives, please visit our revews in this website.","robots":{"index":"index","follow":"follow","max-snippet":"max-snippet:-1","max-image-preview":"max-image-preview:large","max-video-preview":"max-video-preview:-1"},"canonical":"https:\/\/sd-memory-cards.net\/es\/pongase-en-contacto-con-2\/","og_locale":"es_ES","og_type":"article","og_title":"Contact","og_description":"For questions regarding electronic storage solutions, SD Memory Cards, Hard Drives, SSD or Flash Drives, please visit our revews in this website.","og_url":"https:\/\/sd-memory-cards.net\/es\/pongase-en-contacto-con-2\/","og_site_name":"SD Memory Cards","article_publisher":"https:\/\/www.facebook.com\/profile.php?id=100068407795273","article_modified_time":"2021-05-20T22:02:32+00:00","twitter_card":"summary_large_image","twitter_misc":{"Tiempo de lectura":"1 minuto"},"schema":{"@context":"https:\/\/schema.org","@graph":[{"@type":"WebPage","@id":"https:\/\/sd-memory-cards.net\/contact\/","url":"https:\/\/sd-memory-cards.net\/contact\/","name":"Contact &#187; SD Memory Cards","isPartOf":{"@id":"https:\/\/sd-memory-cards.net\/#website"},"datePublished":"2014-01-18T05:33:49+00:00","dateModified":"2021-05-20T22:02:32+00:00","description":"For questions regarding electronic storage solutions, SD Memory Cards, Hard Drives, SSD or Flash Drives, please visit our revews in this website.","inLanguage":"es","potentialAction":[{"@type":"ReadAction","target":["https:\/\/sd-memory-cards.net\/contact\/"]}]},{"@type":"WebSite","@id":"https:\/\/sd-memory-cards.net\/#website","url":"https:\/\/sd-memory-cards.net\/","name":"SD Memory Cards","description":"Everything about Memory Cards &amp; Storage Devices","publisher":{"@id":"https:\/\/sd-memory-cards.net\/#organization"},"potentialAction":[{"@type":"SearchAction","target":{"@type":"EntryPoint","urlTemplate":"https:\/\/sd-memory-cards.net\/?s={search_term_string}"},"query-input":{"@type":"PropertyValueSpecification","valueRequired":true,"valueName":"search_term_string"}}],"inLanguage":"es"},{"@type":"Organization","@id":"https:\/\/sd-memory-cards.net\/#organization","name":"SD Memory Cards","url":"https:\/\/sd-memory-cards.net\/","logo":{"@type":"ImageObject","inLanguage":"es","@id":"https:\/\/sd-memory-cards.net\/#\/schema\/logo\/image\/","url":"https:\/\/sd-memory-cards.net\/wp-content\/uploads\/2022\/11\/sd-memory-cards-logo.png","contentUrl":"https:\/\/sd-memory-cards.net\/wp-content\/uploads\/2022\/11\/sd-memory-cards-logo.png","width":748,"height":148,"caption":"SD Memory Cards"},"image":{"@id":"https:\/\/sd-memory-cards.net\/#\/schema\/logo\/image\/"},"sameAs":["https:\/\/www.facebook.com\/profile.php?id=100068407795273"]},false]}},"yasr_visitor_votes":{"stars_attributes":{"read_only":false,"span_bottom":false},"number_of_votes":0,"sum_votes":0},"amp_enabled":true,"_links":{"self":[{"href":"https:\/\/sd-memory-cards.net\/es\/wp-json\/wp\/v2\/pages\/4313","targetHints":{"allow":["GET"]}}],"collection":[{"href":"https:\/\/sd-memory-cards.net\/es\/wp-json\/wp\/v2\/pages"}],"about":[{"href":"https:\/\/sd-memory-cards.net\/es\/wp-json\/wp\/v2\/types\/page"}],"author":[{"embeddable":true,"href":"https:\/\/sd-memory-cards.net\/es\/wp-json\/wp\/v2\/users\/11"}],"replies":[{"embeddable":true,"href":"https:\/\/sd-memory-cards.net\/es\/wp-json\/wp\/v2\/comments?post=4313"}],"version-history":[{"count":0,"href":"https:\/\/sd-memory-cards.net\/es\/wp-json\/wp\/v2\/pages\/4313\/revisions"}],"wp:attachment":[{"href":"https:\/\/sd-memory-cards.net\/es\/wp-json\/wp\/v2\/media?parent=4313"}],"curies":[{"name":"wp","href":"https:\/\/api.w.org\/{rel}","templated":true}]}}