{"id":9508,"date":"2015-02-06T20:10:07","date_gmt":"2015-02-07T04:10:07","guid":{"rendered":"https:\/\/sd-memory-cards.net\/privacy-policy\/"},"modified":"2020-07-16T00:12:17","modified_gmt":"2020-07-15T23:12:17","slug":"privacy-policy","status":"publish","type":"page","link":"https:\/\/sd-memory-cards.net\/es\/politica-de-privacidad-2\/","title":{"rendered":"Pol\u00edtica de privacidad"},"content":{"rendered":"[et_pb_section fb_built=&#8221;1&#8243; _builder_version=&#8221;3.22&#8243;][et_pb_row _builder_version=&#8221;3.25&#8243; background_size=&#8221;initial&#8221; background_position=&#8221;top_left&#8221; background_repeat=&#8221;repeat&#8221;][et_pb_column type=&#8221;4_4&#8243; _builder_version=&#8221;3.25&#8243; custom_padding=&#8221;|||&#8221; custom_padding__hover=&#8221;|||&#8221;][et_pb_text _builder_version=&#8221;4.5.1&#8243; hover_enabled=&#8221;0&#8243;]\n<p>Es pol\u00edtica de SD-Memory-Cards.net respetar su privacidad con respecto a cualquier informaci\u00f3n que podamos recopilar mientras operamos nuestro sitio web. Esta pol\u00edtica de privacidad se aplica a SD-Memory-Cards.net (en adelante, \"nosotros\" o \"https:\/\/sd-memory-cards.net\"). Respetamos su privacidad y nos comprometemos a proteger la informaci\u00f3n de identificaci\u00f3n personal que pueda proporcionarnos a trav\u00e9s del sitio web. Hemos adoptado esta pol\u00edtica de privacidad (\"Pol\u00edtica de privacidad\") para explicar qu\u00e9 informaci\u00f3n puede recopilarse en nuestro sitio web, c\u00f3mo utilizamos esta informaci\u00f3n y en qu\u00e9 circunstancias podemos revelarla a terceros. Esta pol\u00edtica de privacidad se aplica \u00fanicamente a la informaci\u00f3n que recopilamos a trav\u00e9s del sitio web y no se aplica a nuestra recopilaci\u00f3n de informaci\u00f3n de otras fuentes. Esta pol\u00edtica de privacidad, junto con la <a href=\"\/terms-and-conditions\/\" target=\"_blank\" rel=\"noopener noreferrer\">condiciones generales<\/a> publicadas en nuestro sitio web, establecen las normas y pol\u00edticas generales que rigen el uso de nuestro sitio web. En funci\u00f3n de las actividades que realice al visitar nuestro sitio web, es posible que deba aceptar condiciones adicionales.<\/p>\n<h2><strong>Visitantes del sitio web<\/strong><\/h2>\n<p>Al igual que la mayor\u00eda de los operadores de sitios web, SD-Memory-Cards.net recopila informaci\u00f3n de identificaci\u00f3n no personal del tipo que los navegadores web y los servidores suelen poner a disposici\u00f3n, como el tipo de navegador, preferencia de idioma, sitio de referencia, y la fecha y hora de cada solicitud de visitante. El prop\u00f3sito de SD-Memory-Cards.net al recopilar informaci\u00f3n de identificaci\u00f3n no personal es comprender mejor c\u00f3mo los visitantes de SD-Memory-Cards.net utilizan su sitio web. SD-Memory-Cards.net tambi\u00e9n recaba informaci\u00f3n potencialmente identificable como las direcciones IP de los usuarios registrados y de los usuarios que dejan comentarios en los blogs de SD-Memory-Cards.net. SD-Memory-Cards.net s\u00f3lo revela las direcciones IP de los usuarios registrados y de los comentaristas en las mismas circunstancias en las que utiliza y divulga la informaci\u00f3n de identificaci\u00f3n personal que se describen a continuaci\u00f3n.<\/p>\n<h2><strong>Recopilaci\u00f3n de datos personales<\/strong><\/h2>\n<p>Algunos visitantes del sitio web de SD-Memory-Cards.net eligen interactuar con SD-Memory-Cards.net de manera que requiere SD-Memory-Cards.net para recopilar informaci\u00f3n de identificaci\u00f3n personal. La cantidad y el tipo de informaci\u00f3n que SD-Memory-Cards.net recoge depende de la naturaleza de la interacci\u00f3n. Por ejemplo, pedimos a los visitantes que se registran en un blog de SD-Memory-Cards.net que proporcionen un nombre de usuario y una direcci\u00f3n de correo electr\u00f3nico.<\/p>\n<h2><strong>Seguridad<\/strong><\/h2>\n<p>La seguridad de su informaci\u00f3n personal es importante para nosotros, pero recuerde que ning\u00fan m\u00e9todo de transmisi\u00f3n a trav\u00e9s de Internet, o m\u00e9todo de almacenamiento electr\u00f3nico es 100% seguro. Aunque nos esforzamos por utilizar medios comercialmente aceptables para proteger su informaci\u00f3n personal, no podemos garantizar su seguridad absoluta.<\/p>\n<h2><strong>Protecci\u00f3n de determinados datos personales<\/strong><\/h2>\n<p>SD-Memory-Cards.net s\u00f3lo divulga informaci\u00f3n que puede ser identificada personalmente y de identificaci\u00f3n personal a aquellos de sus empleados, contratistas y organizaciones afiliadas que (i) necesitan conocer dicha informaci\u00f3n para procesarla en nombre de SD-Memory-Cards.net o para prestar servicios disponibles en el sitio web de SD-Memory-Cards.net, y (ii) que han acordado no divulgarla a terceros. Algunos de estos empleados, contratistas y organizaciones afiliadas pueden estar ubicados fuera de su pa\u00eds de origen, mediante el uso de SD-Memory-Cards.net 's sitio web, usted autoriza la transferencia de dicha informaci\u00f3n a ellos. SD-Memory-Cards.net no alquilar\u00e1 ni vender\u00e1 a nadie la informaci\u00f3n que pueda identificarle personalmente. Adem\u00e1s de a sus empleados, contratistas y organizaciones afiliadas, como se describe m\u00e1s arriba, SD-Memory-Cards.net divulga la informaci\u00f3n que puede ser de identificaci\u00f3n personal y la informaci\u00f3n de identificaci\u00f3n personal, s\u00f3lo en respuesta a una citaci\u00f3n, orden judicial u otra solicitud gubernamental, o cuando SD-Memory-Cards.net cree de buena fe que la divulgaci\u00f3n es razonablemente necesaria para proteger los bienes o derechos de SD-Memory-Cards.net, a terceros o al p\u00fablico en general.<\/p>\n<p>Si usted es un usuario registrado de SD-Memory-Cards.net y ha proporcionado su direcci\u00f3n de correo electr\u00f3nico, SD-Memory-Cards.net puede enviarle ocasionalmente un correo electr\u00f3nico para informarle sobre nuevas caracter\u00edsticas, solicitar sus comentarios, o simplemente mantenerle al d\u00eda sobre lo que est\u00e1 pasando con SD-Memory-Cards.net y nuestros productos. Utilizamos principalmente nuestro blog para comunicar este tipo de informaci\u00f3n, por lo que esperamos mantener este tipo de correo electr\u00f3nico al m\u00ednimo. Si nos env\u00eda una solicitud (por ejemplo, a trav\u00e9s de un correo electr\u00f3nico de asistencia o mediante uno de nuestros mecanismos de comentarios), nos reservamos el derecho a publicarla para ayudarnos a aclarar o responder a su solicitud o para ayudarnos a prestar asistencia a otros usuarios. SD-Memory-Cards.net toma todas las medidas razonablemente necesarias para evitar el acceso no autorizado, uso, alteraci\u00f3n o destrucci\u00f3n de la informaci\u00f3n de identificaci\u00f3n personal.<\/p>\n<h2><strong>Cookies<\/strong><\/h2>\n<p>Para enriquecer y perfeccionar su experiencia en l\u00ednea, SD-Memory-Cards.net utiliza \"Cookies\", tecnolog\u00edas similares y servicios prestados por terceros para mostrar contenidos personalizados, publicidad adecuada y almacenar sus preferencias en su ordenador. Una cookie es una cadena de informaci\u00f3n que un sitio web almacena en el ordenador de un visitante, y que el navegador del visitante proporciona al sitio web cada vez que el visitante regresa. SD-Memory-Cards.net utiliza las cookies para ayudar a SD-Memory-Cards.net a identificar y rastrear a los visitantes, el uso que hacen de SD-Memory-Cards.net y sus preferencias de acceso al sitio web. SD-Memory-Cards.net visitantes que no desean tener cookies en sus ordenadores deben configurar sus navegadores para rechazar las cookies antes de utilizar SD-Memory-Cards.net sitios web, con el inconveniente de que algunas caracter\u00edsticas de SD-Memory-Cards.net sitio web puede no funcionar correctamente sin la ayuda de cookies. Al continuar navegando por nuestro sitio web sin cambiar la configuraci\u00f3n de cookies, usted reconoce y acepta el uso de cookies por parte de SD-Memory-Cards.net.<\/p>\n<h2><strong>Cambios en la pol\u00edtica de privacidad<\/strong><\/h2>\n<p>Aunque la mayor\u00eda de los cambios son probablemente de menor importancia, SD-Memory-Cards.net puede cambiar su pol\u00edtica de privacidad de vez en cuando, y en SD-Memory-Cards.net \u00fanica discreci\u00f3n. SD-Memory-Cards.net anima a los visitantes a comprobar con frecuencia esta p\u00e1gina para cualquier cambio en su pol\u00edtica de privacidad. El uso continuado de este sitio despu\u00e9s de cualquier cambio en esta pol\u00edtica de privacidad constituir\u00e1 su aceptaci\u00f3n de dicho cambio.<\/p>\n<h2 class=\"headline\">Declaraci\u00f3n de afiliaci\u00f3n a Amazon<\/h2>\n<p>SD-Memory-Cards.net participa en el Programa de Asociados de Amazon Services LLC, un programa publicitario de afiliaci\u00f3n dise\u00f1ado para proporcionar un medio para que los sitios ganen comisiones por publicidad mediante anuncios y enlaces a amazon.com.<\/p>\n<p>&nbsp;<\/p>\n<p><em>SD-Memory-Cards.net, EE.UU.. Copyright \u00a9 2020 Todos los derechos reservados.<\/em><\/p>\n[\/et_pb_text][\/et_pb_column][\/et_pb_row][\/et_pb_section]\n<div style='text-align:left' class='yasr-auto-insert-visitor'><\/div>","protected":false},"excerpt":{"rendered":"<p>It is SD-Memory-Cards.net&#8217;s policy to respect your privacy regarding any information we may collect while operating our website. This privacy policy applies to SD-Memory-Cards.net&#8230;<\/p>","protected":false},"author":11,"featured_media":0,"parent":0,"menu_order":0,"comment_status":"open","ping_status":"closed","template":"","meta":{"_et_pb_use_builder":"on","_et_pb_old_content":"<p>This privacy policy has been compiled to better serve those who are concerned with how their 'Personally identifiable information' (PII) is being used online. PII, as used in US privacy law and information security, is information that can be used on its own or with other information to identify, contact, or locate a single person, or to identify an individual in context. Please read our privacy policy carefully to get a clear understanding of how we collect, use, protect or otherwise handle your Personally Identifiable Information in accordance with our website.<\/p><p><strong>What personal information do we collect from the people that visit our blog, website or app?<\/strong><\/p><p>When using our site, as appropriate, you may be asked to enter your name, email address or other details to help you with your experience.<\/p><p><strong>How do we use your information?<\/strong><\/p><p>We may use the information we collect from you when you register, make a purchase, sign up for our newsletter, unlock the content, respond to a survey or marketing communication, surf the website, or use certain other site features in the following ways:<\/p><ul><li>To personalize user's experience and to allow us to deliver the type of content and product offerings in which you are most interested<\/li><li>To improve our website in order to better serve you.<\/li><li>To allow us to better service you in responding to your customer service requests.<\/li><li>To administer a contest, promotion, survey or other site feature.<\/li><li>To send periodic emails regarding your order or other products and services.<\/li><\/ul><p><strong>Do we use 'cookies'?<\/strong><\/p><p>Yes. Cookies are small files that a site or its service provider transfers to your computer's hard drive through your Web browser (if you allow) that enables the site's or service provider's systems to recognize your browser and capture and remember certain information. For instance, we use cookies to help us remember and process the items in your shopping cart. They are also used to help us understand your preferences based on previous or current site activity, which enables us to provide you with improved services. We also use cookies to help us compile aggregate data about site traffic and site interaction so that we can offer better site experiences and tools in the future.<\/p><p>We use cookies to:<\/p><ul><li>Understand and save user's preferences for future visits.<\/li><li>Memorize the users who have unlocked access to premium content.<\/li><\/ul><p>If you disable cookies off, some features will be disabled. It will affect the users experience and some of our services will not function properly.<\/p><p><strong>Third Party Disclosure<\/strong><\/p><p>We do not sell, trade, or otherwise transfer to outside parties your personally identifiable information unless we provide you with advance notice. This does not include website hosting partners and other parties who assist us in operating our website, conducting our business, or servicing you, so long as those parties agree to keep this information confidential. We may also release your information when we believe release is appropriate to comply with the law, enforce our site policies, or protect ours or others' rights, property, or safety.<\/p><p>However, non-personally identifiable visitor information may be provided to other parties for marketing, advertising, or other uses.<\/p><p><strong>Third party links<\/strong><\/p><p>Occasionally, at our discretion, we may include or offer third party products or services on our website. These third party sites have separate and independent privacy policies. We therefore have no responsibility or liability for the content and activities of these linked sites. Nonetheless, we seek to protect the integrity of our site and welcome any feedback about these sites.<\/p><p>If there are any questions regarding this privacy policy you may contact us.<\/p>","_et_gb_content_width":"","yasr_overall_rating":0,"yasr_post_is_review":"","yasr_auto_insert_disabled":"","yasr_review_type":"","footnotes":""},"class_list":["post-9508","page","type-page","status-publish","hentry"],"yoast_head":"<!-- This site is optimized with the Yoast SEO Premium plugin v19.2.1 (Yoast SEO v27.3) - https:\/\/yoast.com\/product\/yoast-seo-premium-wordpress\/ -->\n<title>Privacy Policy &#187; SD Memory Cards<\/title>\n<meta name=\"description\" content=\"We recommend all readers visit our privacy policy to learn more about how visitor data and personal information is handled.\" \/>\n<meta name=\"robots\" content=\"index, follow, max-snippet:-1, max-image-preview:large, max-video-preview:-1\" \/>\n<link rel=\"canonical\" href=\"https:\/\/sd-memory-cards.net\/es\/politica-de-privacidad-2\/\" \/>\n<meta property=\"og:locale\" content=\"es_ES\" \/>\n<meta property=\"og:type\" content=\"article\" \/>\n<meta property=\"og:title\" content=\"Privacy Policy\" \/>\n<meta property=\"og:description\" content=\"We recommend all readers visit our privacy policy to learn more about how visitor data and personal information is handled.\" \/>\n<meta property=\"og:url\" content=\"https:\/\/sd-memory-cards.net\/es\/politica-de-privacidad-2\/\" \/>\n<meta property=\"og:site_name\" content=\"SD Memory Cards\" \/>\n<meta property=\"article:publisher\" content=\"https:\/\/www.facebook.com\/profile.php?id=100068407795273\" \/>\n<meta property=\"article:modified_time\" content=\"2020-07-15T23:12:17+00:00\" \/>\n<meta name=\"twitter:card\" content=\"summary_large_image\" \/>\n<meta name=\"twitter:label1\" content=\"Tiempo de lectura\" \/>\n\t<meta name=\"twitter:data1\" content=\"5 minutos\" \/>\n<script type=\"application\/ld+json\" class=\"yoast-schema-graph\">{\"@context\":\"https:\\\/\\\/schema.org\",\"@graph\":[{\"@type\":\"WebPage\",\"@id\":\"https:\\\/\\\/sd-memory-cards.net\\\/privacy-policy\\\/\",\"url\":\"https:\\\/\\\/sd-memory-cards.net\\\/privacy-policy\\\/\",\"name\":\"Privacy Policy &#187; SD Memory Cards\",\"isPartOf\":{\"@id\":\"https:\\\/\\\/sd-memory-cards.net\\\/#website\"},\"datePublished\":\"2015-02-07T04:10:07+00:00\",\"dateModified\":\"2020-07-15T23:12:17+00:00\",\"description\":\"We recommend all readers visit our privacy policy to learn more about how visitor data and personal information is handled.\",\"inLanguage\":\"es\",\"potentialAction\":[{\"@type\":\"ReadAction\",\"target\":[\"https:\\\/\\\/sd-memory-cards.net\\\/privacy-policy\\\/\"]}]},{\"@type\":\"WebSite\",\"@id\":\"https:\\\/\\\/sd-memory-cards.net\\\/#website\",\"url\":\"https:\\\/\\\/sd-memory-cards.net\\\/\",\"name\":\"SD Memory Cards\",\"description\":\"Everything about Memory Cards &amp; Storage Devices\",\"publisher\":{\"@id\":\"https:\\\/\\\/sd-memory-cards.net\\\/#organization\"},\"potentialAction\":[{\"@type\":\"SearchAction\",\"target\":{\"@type\":\"EntryPoint\",\"urlTemplate\":\"https:\\\/\\\/sd-memory-cards.net\\\/?s={search_term_string}\"},\"query-input\":{\"@type\":\"PropertyValueSpecification\",\"valueRequired\":true,\"valueName\":\"search_term_string\"}}],\"inLanguage\":\"es\"},{\"@type\":\"Organization\",\"@id\":\"https:\\\/\\\/sd-memory-cards.net\\\/#organization\",\"name\":\"SD Memory Cards\",\"url\":\"https:\\\/\\\/sd-memory-cards.net\\\/\",\"logo\":{\"@type\":\"ImageObject\",\"inLanguage\":\"es\",\"@id\":\"https:\\\/\\\/sd-memory-cards.net\\\/#\\\/schema\\\/logo\\\/image\\\/\",\"url\":\"https:\\\/\\\/sd-memory-cards.net\\\/wp-content\\\/uploads\\\/2022\\\/11\\\/sd-memory-cards-logo.png\",\"contentUrl\":\"https:\\\/\\\/sd-memory-cards.net\\\/wp-content\\\/uploads\\\/2022\\\/11\\\/sd-memory-cards-logo.png\",\"width\":748,\"height\":148,\"caption\":\"SD Memory Cards\"},\"image\":{\"@id\":\"https:\\\/\\\/sd-memory-cards.net\\\/#\\\/schema\\\/logo\\\/image\\\/\"},\"sameAs\":[\"https:\\\/\\\/www.facebook.com\\\/profile.php?id=100068407795273\"]},false]}<\/script>\n<!-- \/ Yoast SEO Premium plugin. -->","yoast_head_json":{"title":"Privacy Policy &#187; SD Memory Cards","description":"We recommend all readers visit our privacy policy to learn more about how visitor data and personal information is handled.","robots":{"index":"index","follow":"follow","max-snippet":"max-snippet:-1","max-image-preview":"max-image-preview:large","max-video-preview":"max-video-preview:-1"},"canonical":"https:\/\/sd-memory-cards.net\/es\/politica-de-privacidad-2\/","og_locale":"es_ES","og_type":"article","og_title":"Privacy Policy","og_description":"We recommend all readers visit our privacy policy to learn more about how visitor data and personal information is handled.","og_url":"https:\/\/sd-memory-cards.net\/es\/politica-de-privacidad-2\/","og_site_name":"SD Memory Cards","article_publisher":"https:\/\/www.facebook.com\/profile.php?id=100068407795273","article_modified_time":"2020-07-15T23:12:17+00:00","twitter_card":"summary_large_image","twitter_misc":{"Tiempo de lectura":"5 minutos"},"schema":{"@context":"https:\/\/schema.org","@graph":[{"@type":"WebPage","@id":"https:\/\/sd-memory-cards.net\/privacy-policy\/","url":"https:\/\/sd-memory-cards.net\/privacy-policy\/","name":"Privacy Policy &#187; SD Memory Cards","isPartOf":{"@id":"https:\/\/sd-memory-cards.net\/#website"},"datePublished":"2015-02-07T04:10:07+00:00","dateModified":"2020-07-15T23:12:17+00:00","description":"We recommend all readers visit our privacy policy to learn more about how visitor data and personal information is handled.","inLanguage":"es","potentialAction":[{"@type":"ReadAction","target":["https:\/\/sd-memory-cards.net\/privacy-policy\/"]}]},{"@type":"WebSite","@id":"https:\/\/sd-memory-cards.net\/#website","url":"https:\/\/sd-memory-cards.net\/","name":"SD Memory Cards","description":"Everything about Memory Cards &amp; Storage Devices","publisher":{"@id":"https:\/\/sd-memory-cards.net\/#organization"},"potentialAction":[{"@type":"SearchAction","target":{"@type":"EntryPoint","urlTemplate":"https:\/\/sd-memory-cards.net\/?s={search_term_string}"},"query-input":{"@type":"PropertyValueSpecification","valueRequired":true,"valueName":"search_term_string"}}],"inLanguage":"es"},{"@type":"Organization","@id":"https:\/\/sd-memory-cards.net\/#organization","name":"SD Memory Cards","url":"https:\/\/sd-memory-cards.net\/","logo":{"@type":"ImageObject","inLanguage":"es","@id":"https:\/\/sd-memory-cards.net\/#\/schema\/logo\/image\/","url":"https:\/\/sd-memory-cards.net\/wp-content\/uploads\/2022\/11\/sd-memory-cards-logo.png","contentUrl":"https:\/\/sd-memory-cards.net\/wp-content\/uploads\/2022\/11\/sd-memory-cards-logo.png","width":748,"height":148,"caption":"SD Memory Cards"},"image":{"@id":"https:\/\/sd-memory-cards.net\/#\/schema\/logo\/image\/"},"sameAs":["https:\/\/www.facebook.com\/profile.php?id=100068407795273"]},false]}},"yasr_visitor_votes":{"stars_attributes":{"read_only":false,"span_bottom":false},"number_of_votes":0,"sum_votes":0},"amp_enabled":true,"_links":{"self":[{"href":"https:\/\/sd-memory-cards.net\/es\/wp-json\/wp\/v2\/pages\/9508","targetHints":{"allow":["GET"]}}],"collection":[{"href":"https:\/\/sd-memory-cards.net\/es\/wp-json\/wp\/v2\/pages"}],"about":[{"href":"https:\/\/sd-memory-cards.net\/es\/wp-json\/wp\/v2\/types\/page"}],"author":[{"embeddable":true,"href":"https:\/\/sd-memory-cards.net\/es\/wp-json\/wp\/v2\/users\/11"}],"replies":[{"embeddable":true,"href":"https:\/\/sd-memory-cards.net\/es\/wp-json\/wp\/v2\/comments?post=9508"}],"version-history":[{"count":0,"href":"https:\/\/sd-memory-cards.net\/es\/wp-json\/wp\/v2\/pages\/9508\/revisions"}],"wp:attachment":[{"href":"https:\/\/sd-memory-cards.net\/es\/wp-json\/wp\/v2\/media?parent=9508"}],"curies":[{"name":"wp","href":"https:\/\/api.w.org\/{rel}","templated":true}]}}