{"id":13888,"date":"2018-12-14T05:40:36","date_gmt":"2018-12-14T13:40:36","guid":{"rendered":"https:\/\/sd-memory-cards.net\/?page_id=13888"},"modified":"2020-06-21T04:50:12","modified_gmt":"2020-06-21T12:50:12","slug":"terms-and-conditions","status":"publish","type":"page","link":"https:\/\/sd-memory-cards.net\/fr\/conditions-generales\/","title":{"rendered":"Conditions g\u00e9n\u00e9rales d'utilisation"},"content":{"rendered":"[et_pb_section bb_built=&#8221;1&#8243;][et_pb_row][et_pb_column type=&#8221;4_4&#8243;][et_pb_text _builder_version=&#8221;3.19.18&#8243;]\n<p>Les pr\u00e9sentes conditions g\u00e9n\u00e9rales d\u00e9finissent les r\u00e8gles d'utilisation du site Internet de SD Memory Cards. En acc\u00e9dant \u00e0 ce site, nous supposons que vous acceptez l'int\u00e9gralit\u00e9 de ces termes et conditions. Ne continuez pas \u00e0 utiliser le site web sd-memory-cards.net si vous n'acceptez pas tous les termes et conditions \u00e9nonc\u00e9s sur cette page.<\/p>\n<p>La terminologie suivante s'applique aux pr\u00e9sentes conditions g\u00e9n\u00e9rales, \u00e0 la d\u00e9claration de confidentialit\u00e9, \u00e0 l'avis de non-responsabilit\u00e9 et \u00e0 tous les accords : \"Client\", \"Vous\" et \"Votre\" se r\u00e9f\u00e8rent \u00e0 vous, la personne qui acc\u00e8de \u00e0 ce site web et qui accepte les termes et conditions de la soci\u00e9t\u00e9. \"La Soci\u00e9t\u00e9\", \"nous-m\u00eames\", \"nous\", \"notre\" et \"nos\" se r\u00e9f\u00e8rent \u00e0 notre Soci\u00e9t\u00e9. Les termes \"partie\", \"parties\" ou \"nous\" d\u00e9signent \u00e0 la fois le client et nous-m\u00eames, ou le client ou nous-m\u00eames.<\/p>\n<p>Tous les termes se r\u00e9f\u00e8rent \u00e0 l'offre, \u00e0 l'acceptation et \u00e0 la consid\u00e9ration du paiement n\u00e9cessaire pour entreprendre le processus de notre assistance au client de la mani\u00e8re la plus appropri\u00e9e, que ce soit par des r\u00e9unions formelles d'une dur\u00e9e d\u00e9termin\u00e9e ou par tout autre moyen, dans le but expr\u00e8s de r\u00e9pondre aux besoins du client en ce qui concerne la fourniture des services\/produits d\u00e9clar\u00e9s de la soci\u00e9t\u00e9, conform\u00e9ment et sous r\u00e9serve de la l\u00e9gislation en vigueur aux \u00c9tats-Unis d'Am\u00e9rique. Toute utilisation de la terminologie ci-dessus ou d'autres mots au singulier, au pluriel, avec une majuscule et\/ou il\/elle ou ils\/elles, est consid\u00e9r\u00e9e comme interchangeable et se r\u00e9f\u00e8re donc \u00e0 la m\u00eame chose.<\/p>\n<h2><strong>Cookies<\/strong><\/h2>\n<p>Nous utilisons des cookies. En utilisant le site web sd-memory-cards.net, vous consentez \u00e0 l'utilisation de cookies conform\u00e9ment \u00e0 la politique de sd-memory-cards.net en mati\u00e8re de cookies. <a href=\"\/privacy-policy\/\">politique de confidentialit\u00e9<\/a>. La plupart des sites web interactifs modernes utilisent des cookies pour nous permettre de r\u00e9cup\u00e9rer les d\u00e9tails de l'utilisateur \u00e0 chaque visite. Des cookies sont utilis\u00e9s dans certaines parties de notre site pour en faciliter la fonctionnalit\u00e9 et l'utilisation par les visiteurs. Certains de nos partenaires affili\u00e9s ou publicitaires peuvent \u00e9galement utiliser des cookies.<\/p>\n<h2><strong>Licence<\/strong><\/h2>\n<p>Sauf indication contraire, sd-memory-cards.net et\/ou ses conc\u00e9dants de licence d\u00e9tiennent les droits de propri\u00e9t\u00e9 intellectuelle pour l'ensemble du contenu de sd-memory-cards.net. Tous les droits de propri\u00e9t\u00e9 intellectuelle sont r\u00e9serv\u00e9s. Vous pouvez visualiser et\/ou imprimer des pages de https:\/\/sd-memory-cards.net pour votre usage personnel, sous r\u00e9serve des restrictions \u00e9nonc\u00e9es dans les pr\u00e9sentes conditions g\u00e9n\u00e9rales.<\/p>\n<h2><strong>Vous ne devez pas :<\/strong><\/h2>\n<ul>\n<li>Reproduire le contenu du site https:\/\/sd-memory-cards.net<\/li>\n<li>Vendre, louer ou conc\u00e9der des sous-licences sur le mat\u00e9riel de https:\/\/sd-memory-cards.net<\/li>\n<li>Reproduire, dupliquer ou copier du mat\u00e9riel provenant de https:\/\/sd-memory-cards.net<\/li>\n<li>Redistribuer le contenu de sd-memory-cards.net (sauf si le contenu est sp\u00e9cifiquement con\u00e7u pour \u00eatre redistribu\u00e9).<\/li>\n<\/ul>\n<h2><strong>Commentaires des utilisateurs<\/strong><\/h2>\n<p>Le pr\u00e9sent accord prend effet \u00e0 la date du pr\u00e9sent accord.<\/p>\n<ul>\n<li>Certaines parties de ce site Web offrent aux utilisateurs la possibilit\u00e9 de publier et d'\u00e9changer des opinions, des informations, du mat\u00e9riel et des donn\u00e9es (\"commentaires\") dans des zones du site Web. Sd-memory-cards.net ne filtre pas, n'\u00e9dite pas, ne publie pas ou ne r\u00e9vise pas les commentaires avant leur apparition sur le site Web et les commentaires ne refl\u00e8tent pas les points de vue ou les opinions de sd-memory-cards.net, de ses agents ou de ses affili\u00e9s. Les commentaires refl\u00e8tent le point de vue et l'opinion de la personne qui les publie. Dans la mesure permise par les lois applicables, sd-memory-cards.net ne sera pas responsable des commentaires ou de toute perte, co\u00fbt, responsabilit\u00e9, dommage ou d\u00e9pense caus\u00e9s ou subis \u00e0 la suite de l'utilisation et\/ou de la publication et\/ou de l'apparition des commentaires sur ce site web.<\/li>\n<li>Sd-memory-cards.net se r\u00e9serve le droit de contr\u00f4ler tous les commentaires et de supprimer tout commentaire qu'il consid\u00e8re, \u00e0 son enti\u00e8re discr\u00e9tion, comme inappropri\u00e9, offensant ou contraire aux pr\u00e9sentes conditions g\u00e9n\u00e9rales.<\/li>\n<li>Vous garantissez et d\u00e9clarez que<\/li>\n<li>Vous avez le droit de publier les commentaires sur notre site web et disposez de toutes les licences et autorisations n\u00e9cessaires pour ce faire ;<\/li>\n<li>Les commentaires n'enfreignent aucun droit de propri\u00e9t\u00e9 intellectuelle, y compris, mais sans s'y limiter, les droits d'auteur, les brevets ou les marques, ou tout autre droit de propri\u00e9t\u00e9 d'un tiers ;<\/li>\n<li>Les commentaires ne contiennent pas d'\u00e9l\u00e9ments diffamatoires, injurieux, offensants, ind\u00e9cents ou autrement ill\u00e9gaux, ni d'\u00e9l\u00e9ments portant atteinte \u00e0 la vie priv\u00e9e.<\/li>\n<li>Les commentaires ne seront pas utilis\u00e9s pour solliciter ou promouvoir des affaires ou des coutumes, ni pour pr\u00e9senter des activit\u00e9s commerciales ou des activit\u00e9s ill\u00e9gales.<\/li>\n<li>Par la pr\u00e9sente, vous accordez \u00e0 sd-memory-cards.net une licence non exclusive et libre de redevance pour utiliser, reproduire, \u00e9diter et autoriser d'autres personnes \u00e0 utiliser, reproduire et \u00e9diter vos commentaires sous toutes les formes, tous les formats et tous les m\u00e9dias.<\/li>\n<\/ul>\n<h2><strong>Hyperliens vers notre contenu<\/strong><\/h2>\n<p>Les organisations suivantes peuvent \u00e9tablir un lien avec notre site web sans autorisation \u00e9crite pr\u00e9alable - ces organisations peuvent \u00e9tablir un lien avec notre page d'accueil, avec des publications ou avec d'autres informations du site web, \u00e0 condition que le lien : (a) ne soit en aucun cas trompeur ; (b) n'implique pas faussement le parrainage, l'approbation ou le soutien de la partie qui \u00e9tablit le lien et de ses produits ou services ; et (c) s'inscrive dans le contexte du site de la partie qui \u00e9tablit le lien :<\/p>\n<ul>\n<li>Agences gouvernementales ;<\/li>\n<li>Moteurs de recherche ;<\/li>\n<li>Organisations de presse ;<\/li>\n<li>Les distributeurs d'annuaires en ligne, lorsqu'ils nous inscrivent dans l'annuaire, peuvent cr\u00e9er un lien vers notre site web dans la m\u00eame rubrique.<br \/>de la mani\u00e8re dont ils renvoient par hyperliens aux sites web d'autres entreprises inscrites sur la liste ; et<\/li>\n<li>Entreprises accr\u00e9dit\u00e9es pour l'ensemble du syst\u00e8me, \u00e0 l'exception des organisations \u00e0 but non lucratif et des centres commerciaux caritatifs,<br \/>et les groupes de collecte de fonds \u00e0 but caritatif qui ne peuvent pas \u00e9tablir de lien hypertexte avec notre site web.<\/li>\n<\/ul>\n<p>Nous pouvons examiner et approuver, \u00e0 notre seule discr\u00e9tion, d'autres demandes de liens \u00e9manant des types d'organisations suivants - Nous approuverons les demandes de liens \u00e9manant de ces organisations si nous d\u00e9terminons que : (a) le lien n'a pas d'incidence n\u00e9gative sur nous ou sur nos entreprises accr\u00e9dit\u00e9es (par exemple, les associations commerciales ou autres organisations repr\u00e9sentant des types d'entreprises intrins\u00e8quement suspects, telles que les possibilit\u00e9s de travail \u00e0 domicile, ne sont pas autoris\u00e9es \u00e0 \u00e9tablir un lien) ; (b) l'organisation n'a pas de dossier insatisfaisant avec nous ; (c) l'avantage que nous tirons de la visibilit\u00e9 associ\u00e9e \u00e0 l'hyperlien l'emporte sur l'absence de lien avec les entreprises accr\u00e9dit\u00e9es ; et (d) l'organisation n'a pas de dossier insatisfaisant avec nous. <!--?=$companyName?-->; et (d) lorsque le lien s'inscrit dans le cadre d'informations g\u00e9n\u00e9rales ou est coh\u00e9rent avec le contenu \u00e9ditorial d'un bulletin d'information ou d'un produit similaire contribuant \u00e0 la mission de l'organisation :<\/p>\n<ul>\n<li>des sources d'information sur les consommateurs et\/ou les entreprises connues de tous, telles que les chambres de commerce, l'American Automobile Association, l'AARP et l'Union des consommateurs ;<\/li>\n<li>les sites communautaires dot.com ;<\/li>\n<li>les associations ou autres groupes repr\u00e9sentant des organismes caritatifs, y compris les sites de dons de charit\u00e9,<\/li>\n<li>distributeurs d'annuaires en ligne ;<\/li>\n<li>les portails internet ;<\/li>\n<li>les cabinets d'experts-comptables, d'avocats et de consultants dont les principaux clients sont des entreprises ; et<\/li>\n<li>les \u00e9tablissements d'enseignement et les associations professionnelles.<\/li>\n<\/ul>\n<p>Ces organisations peuvent \u00e9tablir un lien avec notre page d'accueil, nos publications ou d'autres informations sur le site web, \u00e0 condition que le lien : (a) ne soit en aucun cas trompeur ; (b) n'implique pas faussement le parrainage, l'approbation ou le soutien de la partie qui \u00e9tablit le lien et de ses produits ou services ; et (c) s'inscrive dans le contexte du site de la partie qui \u00e9tablit le lien. Si vous faites partie des organisations \u00e9num\u00e9r\u00e9es au paragraphe 2 ci-dessus et que vous souhaitez cr\u00e9er un lien vers notre site web, vous devez nous en informer en envoyant un courrier \u00e9lectronique \u00e0 l'adresse suivante : sdmemorycardsworld@gmail.com.<\/p>\n<p>Veuillez indiquer votre nom, le nom de votre organisation, vos coordonn\u00e9es (num\u00e9ro de t\u00e9l\u00e9phone et\/ou adresse \u00e9lectronique) ainsi que l'URL de votre site, une liste des URL \u00e0 partir desquels vous avez l'intention de cr\u00e9er un lien vers notre site web et une liste des URL de notre site vers lesquels vous aimeriez cr\u00e9er un lien. Comptez 2 \u00e0 3 semaines pour obtenir une r\u00e9ponse. Les organisations approuv\u00e9es peuvent cr\u00e9er des liens hypertextes vers notre site web comme suit :<\/p>\n<ul>\n<li>par l'utilisation de notre raison sociale ; ou<\/li>\n<li>par l'utilisation du localisateur de ressources uniformes (adresse web) vers lequel le lien est \u00e9tabli ; ou<\/li>\n<li>par l'utilisation de toute autre description de notre site web ou du mat\u00e9riel auquel il est li\u00e9, qui soit logique dans le cadre de la politique de l'Union europ\u00e9enne en mati\u00e8re de droits de l'homme.<br \/>le contexte et le format du contenu du site de la partie qui \u00e9tablit le lien.<\/li>\n<\/ul>\n<h2><strong>R\u00e9serve de droits<\/strong><\/h2>\n<p>Nous nous r\u00e9servons le droit, \u00e0 tout moment et \u00e0 notre seule discr\u00e9tion, de vous demander de supprimer tous les liens ou un lien particulier vers notre site web. Vous acceptez de supprimer imm\u00e9diatement tous les liens vers notre site web \u00e0 la suite d'une telle demande. Nous nous r\u00e9servons \u00e9galement le droit de modifier \u00e0 tout moment les pr\u00e9sentes conditions g\u00e9n\u00e9rales et notre politique en mati\u00e8re de liens. En continuant \u00e0 \u00e9tablir un lien vers notre site web, vous acceptez d'\u00eatre li\u00e9 \u00e0 ces conditions g\u00e9n\u00e9rales et de les respecter.<\/p>\n<h2><strong>Suppression de liens sur notre site web<\/strong><\/h2>\n<p>Si vous estimez qu'un lien sur notre site web ou un site web li\u00e9 est r\u00e9pr\u00e9hensible pour quelque raison que ce soit, vous pouvez nous contacter \u00e0 ce sujet. Nous examinerons les demandes de suppression de liens, mais nous n'avons aucune obligation de le faire ou de vous r\u00e9pondre directement. Bien que nous nous efforcions de veiller \u00e0 ce que les informations figurant sur ce site web soient correctes, nous ne garantissons pas leur exhaustivit\u00e9 ou leur exactitude ; nous ne nous engageons pas non plus \u00e0 faire en sorte que le site web reste disponible ou que le mat\u00e9riel figurant sur le site web soit tenu \u00e0 jour.<\/p>\n<h2><strong>Responsabilit\u00e9 du contenu<\/strong><\/h2>\n<p>Nous ne sommes pas responsables du contenu de votre site web. Vous acceptez de nous indemniser et de nous d\u00e9fendre contre toute r\u00e9clamation d\u00e9coulant de votre site web ou fond\u00e9e sur celui-ci. Aucun lien ne peut appara\u00eetre sur une page de votre site web ou dans un contexte contenant un contenu ou des \u00e9l\u00e9ments pouvant \u00eatre interpr\u00e9t\u00e9s comme diffamatoires, obsc\u00e8nes ou criminels, ou qui enfreignent, violent ou pr\u00e9conisent l'enfreinte ou la violation des droits d'un tiers.<\/p>\n<h2><strong>Clause de non-responsabilit\u00e9<\/strong><\/h2>\n<p>Dans toute la mesure permise par la loi applicable, nous excluons toutes les repr\u00e9sentations, garanties et conditions relatives \u00e0 notre site web et \u00e0 l'utilisation de ce site (y compris, sans limitation, toutes les garanties implicites par la loi en ce qui concerne la qualit\u00e9 satisfaisante, l'ad\u00e9quation \u00e0 l'objectif et\/ou l'utilisation d'un soin et d'une comp\u00e9tence raisonnables). Aucune disposition de la pr\u00e9sente clause de non-responsabilit\u00e9 n'est applicable :<\/p>\n<ul>\n<li>limiter ou exclure notre ou votre responsabilit\u00e9 en cas de d\u00e9c\u00e8s ou de dommages corporels r\u00e9sultant d'une n\u00e9gligence ;<\/li>\n<li>limiter ou exclure notre ou votre responsabilit\u00e9 en cas de fraude ou de d\u00e9claration frauduleuse ;<\/li>\n<li>limiter l'une quelconque de nos ou de vos responsabilit\u00e9s d'une mani\u00e8re qui ne serait pas autoris\u00e9e par le droit applicable ; ou<\/li>\n<li>exclure toute responsabilit\u00e9 de notre ou de votre part qui ne peut \u00eatre exclue en vertu du droit applicable.<\/li>\n<\/ul>\n<p>Les limitations et exclusions de responsabilit\u00e9 \u00e9nonc\u00e9es dans cette section et ailleurs dans la pr\u00e9sente clause de non-responsabilit\u00e9 : (a) sont soumises au paragraphe pr\u00e9c\u00e9dent ; et (b) r\u00e9gissent toutes les responsabilit\u00e9s d\u00e9coulant de la clause de non-responsabilit\u00e9 ou en rapport avec l'objet de la pr\u00e9sente clause de non-responsabilit\u00e9, y compris les responsabilit\u00e9s contractuelles, d\u00e9lictuelles (y compris la n\u00e9gligence) et en cas de manquement \u00e0 une obligation l\u00e9gale. Dans la mesure o\u00f9 le site web et les informations et services qu'il contient sont fournis gratuitement, nous ne serons pas responsables des pertes ou dommages de quelque nature que ce soit.<\/p>\n<h2><strong>Clause de non-responsabilit\u00e9<\/strong><\/h2>\n<p>Toute mention de marques et de marques d\u00e9pos\u00e9es n'est faite qu'\u00e0 des fins d'illustration et d'\u00e9ducation. Sd-memory-cards.net n'est associ\u00e9 \u00e0 aucun des produits mentionn\u00e9s sur ce site. Toutes les marques d\u00e9pos\u00e9es sont la propri\u00e9t\u00e9 de leurs d\u00e9tenteurs respectifs.<\/p>\n<p>Afin de maintenir le site en vie, sd-memory-cards.net re\u00e7oit un petit pourcentage d'Amazon pour tout produit achet\u00e9 par l'interm\u00e9diaire des liens affili\u00e9s Amazon pr\u00e9sents dans les commentaires.<\/p>\n<p>\u00a0<\/p>\n<p><em>Copyright sd-memory-cards.net. \u00a9 2020 Tous droits r\u00e9serv\u00e9s.<\/em><\/p>\n[\/et_pb_text][\/et_pb_column][\/et_pb_row][\/et_pb_section]\n<div style='text-align:left' class='yasr-auto-insert-visitor'><\/div>","protected":false},"excerpt":{"rendered":"<p>These terms and conditions outline the rules and regulations for the use of SD Memory Cards website. By accessing this website we assume you&#8230;<\/p>","protected":false},"author":11,"featured_media":0,"parent":0,"menu_order":0,"comment_status":"closed","ping_status":"closed","template":"","meta":{"_et_pb_use_builder":"on","_et_pb_old_content":"","_et_gb_content_width":"","yasr_overall_rating":0,"yasr_post_is_review":"","yasr_auto_insert_disabled":"","yasr_review_type":"","footnotes":""},"class_list":["post-13888","page","type-page","status-publish","hentry"],"yoast_head":"<!-- This site is optimized with the Yoast SEO Premium plugin v19.2.1 (Yoast SEO v27.4) - https:\/\/yoast.com\/product\/yoast-seo-premium-wordpress\/ -->\n<title>Terms and Conditions &#187; SD Memory Cards<\/title>\n<meta name=\"description\" content=\"For rules and regulations regarding the use of our website (cookies, hyperlinking, commenting) please read our terms and conditions page.\" \/>\n<meta name=\"robots\" content=\"index, follow, max-snippet:-1, max-image-preview:large, max-video-preview:-1\" \/>\n<link rel=\"canonical\" href=\"https:\/\/sd-memory-cards.net\/fr\/conditions-generales\/\" \/>\n<meta property=\"og:locale\" content=\"fr_FR\" \/>\n<meta property=\"og:type\" content=\"article\" \/>\n<meta property=\"og:title\" content=\"Terms and Conditions\" \/>\n<meta property=\"og:description\" content=\"For rules and regulations regarding the use of our website (cookies, hyperlinking, commenting) please read our terms and conditions page.\" \/>\n<meta property=\"og:url\" content=\"https:\/\/sd-memory-cards.net\/fr\/conditions-generales\/\" \/>\n<meta property=\"og:site_name\" content=\"SD Memory Cards\" \/>\n<meta property=\"article:publisher\" content=\"https:\/\/www.facebook.com\/profile.php?id=100068407795273\" \/>\n<meta property=\"article:modified_time\" content=\"2020-06-21T12:50:12+00:00\" \/>\n<meta name=\"twitter:card\" content=\"summary_large_image\" \/>\n<meta name=\"twitter:label1\" content=\"Dur\u00e9e de lecture estim\u00e9e\" \/>\n\t<meta name=\"twitter:data1\" content=\"9 minutes\" \/>\n<script type=\"application\/ld+json\" class=\"yoast-schema-graph\">{\"@context\":\"https:\\\/\\\/schema.org\",\"@graph\":[{\"@type\":\"WebPage\",\"@id\":\"https:\\\/\\\/sd-memory-cards.net\\\/terms-and-conditions\\\/\",\"url\":\"https:\\\/\\\/sd-memory-cards.net\\\/terms-and-conditions\\\/\",\"name\":\"Terms and Conditions &#187; SD Memory Cards\",\"isPartOf\":{\"@id\":\"https:\\\/\\\/sd-memory-cards.net\\\/#website\"},\"datePublished\":\"2018-12-14T13:40:36+00:00\",\"dateModified\":\"2020-06-21T12:50:12+00:00\",\"description\":\"For rules and regulations regarding the use of our website (cookies, hyperlinking, commenting) please read our terms and conditions page.\",\"inLanguage\":\"fr-FR\",\"potentialAction\":[{\"@type\":\"ReadAction\",\"target\":[\"https:\\\/\\\/sd-memory-cards.net\\\/terms-and-conditions\\\/\"]}]},{\"@type\":\"WebSite\",\"@id\":\"https:\\\/\\\/sd-memory-cards.net\\\/#website\",\"url\":\"https:\\\/\\\/sd-memory-cards.net\\\/\",\"name\":\"SD Memory Cards\",\"description\":\"Everything about Memory Cards &amp; Storage Devices\",\"publisher\":{\"@id\":\"https:\\\/\\\/sd-memory-cards.net\\\/#organization\"},\"potentialAction\":[{\"@type\":\"SearchAction\",\"target\":{\"@type\":\"EntryPoint\",\"urlTemplate\":\"https:\\\/\\\/sd-memory-cards.net\\\/?s={search_term_string}\"},\"query-input\":{\"@type\":\"PropertyValueSpecification\",\"valueRequired\":true,\"valueName\":\"search_term_string\"}}],\"inLanguage\":\"fr-FR\"},{\"@type\":\"Organization\",\"@id\":\"https:\\\/\\\/sd-memory-cards.net\\\/#organization\",\"name\":\"SD Memory Cards\",\"url\":\"https:\\\/\\\/sd-memory-cards.net\\\/\",\"logo\":{\"@type\":\"ImageObject\",\"inLanguage\":\"fr-FR\",\"@id\":\"https:\\\/\\\/sd-memory-cards.net\\\/#\\\/schema\\\/logo\\\/image\\\/\",\"url\":\"https:\\\/\\\/sd-memory-cards.net\\\/wp-content\\\/uploads\\\/2022\\\/11\\\/sd-memory-cards-logo.png\",\"contentUrl\":\"https:\\\/\\\/sd-memory-cards.net\\\/wp-content\\\/uploads\\\/2022\\\/11\\\/sd-memory-cards-logo.png\",\"width\":748,\"height\":148,\"caption\":\"SD Memory Cards\"},\"image\":{\"@id\":\"https:\\\/\\\/sd-memory-cards.net\\\/#\\\/schema\\\/logo\\\/image\\\/\"},\"sameAs\":[\"https:\\\/\\\/www.facebook.com\\\/profile.php?id=100068407795273\"]},false]}<\/script>\n<!-- \/ Yoast SEO Premium plugin. -->","yoast_head_json":{"title":"Terms and Conditions &#187; SD Memory Cards","description":"For rules and regulations regarding the use of our website (cookies, hyperlinking, commenting) please read our terms and conditions page.","robots":{"index":"index","follow":"follow","max-snippet":"max-snippet:-1","max-image-preview":"max-image-preview:large","max-video-preview":"max-video-preview:-1"},"canonical":"https:\/\/sd-memory-cards.net\/fr\/conditions-generales\/","og_locale":"fr_FR","og_type":"article","og_title":"Terms and Conditions","og_description":"For rules and regulations regarding the use of our website (cookies, hyperlinking, commenting) please read our terms and conditions page.","og_url":"https:\/\/sd-memory-cards.net\/fr\/conditions-generales\/","og_site_name":"SD Memory Cards","article_publisher":"https:\/\/www.facebook.com\/profile.php?id=100068407795273","article_modified_time":"2020-06-21T12:50:12+00:00","twitter_card":"summary_large_image","twitter_misc":{"Dur\u00e9e de lecture estim\u00e9e":"9 minutes"},"schema":{"@context":"https:\/\/schema.org","@graph":[{"@type":"WebPage","@id":"https:\/\/sd-memory-cards.net\/terms-and-conditions\/","url":"https:\/\/sd-memory-cards.net\/terms-and-conditions\/","name":"Terms and Conditions &#187; SD Memory Cards","isPartOf":{"@id":"https:\/\/sd-memory-cards.net\/#website"},"datePublished":"2018-12-14T13:40:36+00:00","dateModified":"2020-06-21T12:50:12+00:00","description":"For rules and regulations regarding the use of our website (cookies, hyperlinking, commenting) please read our terms and conditions page.","inLanguage":"fr-FR","potentialAction":[{"@type":"ReadAction","target":["https:\/\/sd-memory-cards.net\/terms-and-conditions\/"]}]},{"@type":"WebSite","@id":"https:\/\/sd-memory-cards.net\/#website","url":"https:\/\/sd-memory-cards.net\/","name":"SD Memory Cards","description":"Everything about Memory Cards &amp; Storage Devices","publisher":{"@id":"https:\/\/sd-memory-cards.net\/#organization"},"potentialAction":[{"@type":"SearchAction","target":{"@type":"EntryPoint","urlTemplate":"https:\/\/sd-memory-cards.net\/?s={search_term_string}"},"query-input":{"@type":"PropertyValueSpecification","valueRequired":true,"valueName":"search_term_string"}}],"inLanguage":"fr-FR"},{"@type":"Organization","@id":"https:\/\/sd-memory-cards.net\/#organization","name":"SD Memory Cards","url":"https:\/\/sd-memory-cards.net\/","logo":{"@type":"ImageObject","inLanguage":"fr-FR","@id":"https:\/\/sd-memory-cards.net\/#\/schema\/logo\/image\/","url":"https:\/\/sd-memory-cards.net\/wp-content\/uploads\/2022\/11\/sd-memory-cards-logo.png","contentUrl":"https:\/\/sd-memory-cards.net\/wp-content\/uploads\/2022\/11\/sd-memory-cards-logo.png","width":748,"height":148,"caption":"SD Memory Cards"},"image":{"@id":"https:\/\/sd-memory-cards.net\/#\/schema\/logo\/image\/"},"sameAs":["https:\/\/www.facebook.com\/profile.php?id=100068407795273"]},false]}},"yasr_visitor_votes":{"stars_attributes":{"read_only":false,"span_bottom":false},"number_of_votes":0,"sum_votes":0},"amp_enabled":true,"_links":{"self":[{"href":"https:\/\/sd-memory-cards.net\/fr\/wp-json\/wp\/v2\/pages\/13888","targetHints":{"allow":["GET"]}}],"collection":[{"href":"https:\/\/sd-memory-cards.net\/fr\/wp-json\/wp\/v2\/pages"}],"about":[{"href":"https:\/\/sd-memory-cards.net\/fr\/wp-json\/wp\/v2\/types\/page"}],"author":[{"embeddable":true,"href":"https:\/\/sd-memory-cards.net\/fr\/wp-json\/wp\/v2\/users\/11"}],"replies":[{"embeddable":true,"href":"https:\/\/sd-memory-cards.net\/fr\/wp-json\/wp\/v2\/comments?post=13888"}],"version-history":[{"count":0,"href":"https:\/\/sd-memory-cards.net\/fr\/wp-json\/wp\/v2\/pages\/13888\/revisions"}],"wp:attachment":[{"href":"https:\/\/sd-memory-cards.net\/fr\/wp-json\/wp\/v2\/media?parent=13888"}],"curies":[{"name":"wp","href":"https:\/\/api.w.org\/{rel}","templated":true}]}}