{"id":13965,"date":"2018-12-10T15:08:13","date_gmt":"2018-12-10T23:08:13","guid":{"rendered":"https:\/\/sd-memory-cards.net\/?page_id=13965"},"modified":"2021-05-20T21:55:13","modified_gmt":"2021-05-20T20:55:13","slug":"about","status":"publish","type":"page","link":"https:\/\/sd-memory-cards.net\/fr\/a-propos-de\/","title":{"rendered":"A propos de"},"content":{"rendered":"<p>Bonjour et bienvenue sur SD Memory Cards. Sur ce site, notre objectif principal est de fournir des commentaires utiles sur le stockage \u00e9lectronique, des cartes m\u00e9moire SD \u00e0 la m\u00e9moire RAM, aux disques durs\/SSD, aux lecteurs flash et plus encore !<\/p>\n<p>Tous les commentaires, y compris les tests de vitesse et les tutoriels techniques, sont r\u00e9dig\u00e9s par nos contributeurs techniques qui sont des experts dans ce domaine et qui aiment partager des informations utiles avec nos lecteurs par le biais d'articles faciles \u00e0 comprendre.<\/p>\n<p>Si vous correspondez \u00e0 l'une de ces descriptions...<\/p>\n<ul>\n<li>vous avez achet\u00e9 un appareil photo mais ne savez pas quelle carte m\u00e9moire utiliser<\/li>\n<li>votre carte m\u00e9moire est corrompue ou d\u00e9fectueuse et vous ne savez pas quoi faire<\/li>\n<li>vous souhaitez augmenter la m\u00e9moire vive ou le disque dur de votre ordinateur<\/li>\n<li>vous souhaitez en savoir plus sur les solutions de stockage<\/li>\n<\/ul>\n<p>alors vous \u00eates au bon endroit !<\/p>\n<h2><strong>Pour commencer<\/strong><\/h2>\n<p>Pour commencer, nous vous recommandons vivement les sections suivantes de notre site :<\/p>\n<ul>\n<li><a href=\"https:\/\/sd-memory-cards.net\/best-memory-cards\/\" target=\"_blank\" rel=\"noopener noreferrer\">Cartes m\u00e9moire<\/a> - L'endroit central pour tous nos commentaires sur les cartes m\u00e9moire et adaptateurs SD<\/li>\n<li><a href=\"https:\/\/sd-memory-cards.net\/hard-drives\/\" target=\"_blank\" rel=\"noopener noreferrer\">Disques durs<\/a> - Tout sur les disques durs internes et externes pour PC et Mac<\/li>\n<li><a href=\"https:\/\/sd-memory-cards.net\/ssd-drives\/\" target=\"_blank\" rel=\"noopener noreferrer\">Entra\u00eenements SSD<\/a> - Actualit\u00e9s et commentaires sur les derniers disques durs \u00e0 \u00e9tat solide<\/li>\n<li><a href=\"https:\/\/sd-memory-cards.net\/ram-memory\/\" target=\"_blank\" rel=\"noopener noreferrer\">M\u00e9moire RAM<\/a> - Vous avez besoin d'augmenter la m\u00e9moire vive de votre PC ? Lisez nos derniers avis sur la RAM DDR4 et DDR5.<\/li>\n<li><a href=\"https:\/\/sd-memory-cards.net\/usb-fash-drives\/\" target=\"_blank\" rel=\"noopener noreferrer\">Cl\u00e9s USB<\/a> - Examens et tests de vitesse des meilleures cl\u00e9s USB actuellement disponibles sur le march\u00e9<\/li>\n<\/ul>\n<h2><strong>\u00c0 propos des cartes m\u00e9moire SD<\/strong><\/h2>\n<p>SD Memory Cards est dirig\u00e9 par Andy, <span class=\"s1\">cin\u00e9aste et cr\u00e9ateur de www.projectgo.pro, le plus grand site de formation aux cam\u00e9ras d'action et \u00e0 la GoPro.<\/span><\/p>\n<p><span class=\"s1\">Il a cr\u00e9\u00e9 SD Memory Cards apr\u00e8s avoir r\u00e9alis\u00e9 que ses coll\u00e8gues photographes et cin\u00e9astes \u00e9taient constamment \u00e0 la recherche de conseils sur les meilleures SD Card pour leurs appareils photo ainsi que de solutions de stockage sur disque dur pour stocker et sauvegarder leur contenu en toute s\u00e9curit\u00e9.<\/span><\/p>\n<h2><strong>La mission<\/strong><\/h2>\n<p>Notre mission avec SD Memory Cards est de fournir des informations utiles sur les solutions de stockage qui sont \u00e0 la fois impartiales et faciles \u00e0 comprendre par n'importe qui, y compris les non-techniciens. Nous sommes tr\u00e8s heureux d'aider des centaines de photographes, vid\u00e9astes et autres cr\u00e9ateurs de contenu gr\u00e2ce \u00e0 nos ressources originales.<\/p>\n<h2><strong>Questions et pr\u00e9occupations<\/strong><\/h2>\n<p>Si vous avez des questions sur les cartes m\u00e9moire SD, veuillez vous r\u00e9f\u00e9rer \u00e0 notre rubrique <a href=\"\/contact\/\">questions fr\u00e9quemment pos\u00e9es<\/a>. Vous pouvez \u00e9galement nous trouver sur <a href=\"https:\/\/www.facebook.com\/SD-Memory-Cards-106487167714650\/\" target=\"_blank\" rel=\"noopener noreferrer\">Facebook<\/a> ou par courrier \u00e9lectronique \u00e0 l'adresse suivante <a href=\"mailto:sdmemorycardsworld@gmail.com\" target=\"_blank\" rel=\"noopener noreferrer\">sdmemorycardsworld@gmail.com<\/a>. Nous vous remercions d'avoir pris le temps de lire ce document et nous esp\u00e9rons vous voir sur le site !<\/p>\n<h2><strong>Collaborations<\/strong><\/h2>\n<p>Vous \u00eates un expert en technologie et vous souhaitez contribuer au d\u00e9veloppement de nos ressources en ligne ? <a href=\"mailto:sdmemorycardsworld@gmail.com\">Prenez contact avec nous !<\/a><\/p>\n<div style='text-align:left' class='yasr-auto-insert-visitor'><\/div>","protected":false},"excerpt":{"rendered":"<p>Hello and welcome to SD Memory Cards. In this website our main goal is to provide helpful reviews about electronic storage, from SD memory cards&#8230;<\/p>","protected":false},"author":11,"featured_media":0,"parent":0,"menu_order":0,"comment_status":"closed","ping_status":"closed","template":"","meta":{"_et_pb_use_builder":"","_et_pb_old_content":"","_et_gb_content_width":"","yasr_overall_rating":0,"yasr_post_is_review":"","yasr_auto_insert_disabled":"","yasr_review_type":"","footnotes":""},"class_list":["post-13965","page","type-page","status-publish","hentry"],"yoast_head":"<!-- This site is optimized with the Yoast SEO Premium plugin v19.2.1 (Yoast SEO v27.3) - https:\/\/yoast.com\/product\/yoast-seo-premium-wordpress\/ -->\n<title>About &#187; SD Memory Cards<\/title>\n<meta name=\"description\" content=\"To learn more about SD Memory Cards and our mission to provide useful storage solutions to all content creators, visit our about page.\" \/>\n<meta name=\"robots\" content=\"index, follow, max-snippet:-1, max-image-preview:large, max-video-preview:-1\" \/>\n<link rel=\"canonical\" href=\"https:\/\/sd-memory-cards.net\/fr\/a-propos-de\/\" \/>\n<meta property=\"og:locale\" content=\"fr_FR\" \/>\n<meta property=\"og:type\" content=\"article\" \/>\n<meta property=\"og:title\" content=\"About\" \/>\n<meta property=\"og:description\" content=\"To learn more about SD Memory Cards and our mission to provide useful storage solutions to all content creators, visit our about page.\" \/>\n<meta property=\"og:url\" content=\"https:\/\/sd-memory-cards.net\/fr\/a-propos-de\/\" \/>\n<meta property=\"og:site_name\" content=\"SD Memory Cards\" \/>\n<meta property=\"article:publisher\" content=\"https:\/\/www.facebook.com\/profile.php?id=100068407795273\" \/>\n<meta property=\"article:modified_time\" content=\"2021-05-20T20:55:13+00:00\" \/>\n<meta name=\"twitter:card\" content=\"summary_large_image\" \/>\n<meta name=\"twitter:label1\" content=\"Dur\u00e9e de lecture estim\u00e9e\" \/>\n\t<meta name=\"twitter:data1\" content=\"2 minutes\" \/>\n<script type=\"application\/ld+json\" class=\"yoast-schema-graph\">{\"@context\":\"https:\\\/\\\/schema.org\",\"@graph\":[{\"@type\":\"WebPage\",\"@id\":\"https:\\\/\\\/sd-memory-cards.net\\\/about\\\/\",\"url\":\"https:\\\/\\\/sd-memory-cards.net\\\/about\\\/\",\"name\":\"About &#187; SD Memory Cards\",\"isPartOf\":{\"@id\":\"https:\\\/\\\/sd-memory-cards.net\\\/#website\"},\"datePublished\":\"2018-12-10T23:08:13+00:00\",\"dateModified\":\"2021-05-20T20:55:13+00:00\",\"description\":\"To learn more about SD Memory Cards and our mission to provide useful storage solutions to all content creators, visit our about page.\",\"inLanguage\":\"fr-FR\",\"potentialAction\":[{\"@type\":\"ReadAction\",\"target\":[\"https:\\\/\\\/sd-memory-cards.net\\\/about\\\/\"]}]},{\"@type\":\"WebSite\",\"@id\":\"https:\\\/\\\/sd-memory-cards.net\\\/#website\",\"url\":\"https:\\\/\\\/sd-memory-cards.net\\\/\",\"name\":\"SD Memory Cards\",\"description\":\"Everything about Memory Cards &amp; Storage Devices\",\"publisher\":{\"@id\":\"https:\\\/\\\/sd-memory-cards.net\\\/#organization\"},\"potentialAction\":[{\"@type\":\"SearchAction\",\"target\":{\"@type\":\"EntryPoint\",\"urlTemplate\":\"https:\\\/\\\/sd-memory-cards.net\\\/?s={search_term_string}\"},\"query-input\":{\"@type\":\"PropertyValueSpecification\",\"valueRequired\":true,\"valueName\":\"search_term_string\"}}],\"inLanguage\":\"fr-FR\"},{\"@type\":\"Organization\",\"@id\":\"https:\\\/\\\/sd-memory-cards.net\\\/#organization\",\"name\":\"SD Memory Cards\",\"url\":\"https:\\\/\\\/sd-memory-cards.net\\\/\",\"logo\":{\"@type\":\"ImageObject\",\"inLanguage\":\"fr-FR\",\"@id\":\"https:\\\/\\\/sd-memory-cards.net\\\/#\\\/schema\\\/logo\\\/image\\\/\",\"url\":\"https:\\\/\\\/sd-memory-cards.net\\\/wp-content\\\/uploads\\\/2022\\\/11\\\/sd-memory-cards-logo.png\",\"contentUrl\":\"https:\\\/\\\/sd-memory-cards.net\\\/wp-content\\\/uploads\\\/2022\\\/11\\\/sd-memory-cards-logo.png\",\"width\":748,\"height\":148,\"caption\":\"SD Memory Cards\"},\"image\":{\"@id\":\"https:\\\/\\\/sd-memory-cards.net\\\/#\\\/schema\\\/logo\\\/image\\\/\"},\"sameAs\":[\"https:\\\/\\\/www.facebook.com\\\/profile.php?id=100068407795273\"]},false]}<\/script>\n<!-- \/ Yoast SEO Premium plugin. -->","yoast_head_json":{"title":"About &#187; SD Memory Cards","description":"To learn more about SD Memory Cards and our mission to provide useful storage solutions to all content creators, visit our about page.","robots":{"index":"index","follow":"follow","max-snippet":"max-snippet:-1","max-image-preview":"max-image-preview:large","max-video-preview":"max-video-preview:-1"},"canonical":"https:\/\/sd-memory-cards.net\/fr\/a-propos-de\/","og_locale":"fr_FR","og_type":"article","og_title":"About","og_description":"To learn more about SD Memory Cards and our mission to provide useful storage solutions to all content creators, visit our about page.","og_url":"https:\/\/sd-memory-cards.net\/fr\/a-propos-de\/","og_site_name":"SD Memory Cards","article_publisher":"https:\/\/www.facebook.com\/profile.php?id=100068407795273","article_modified_time":"2021-05-20T20:55:13+00:00","twitter_card":"summary_large_image","twitter_misc":{"Dur\u00e9e de lecture estim\u00e9e":"2 minutes"},"schema":{"@context":"https:\/\/schema.org","@graph":[{"@type":"WebPage","@id":"https:\/\/sd-memory-cards.net\/about\/","url":"https:\/\/sd-memory-cards.net\/about\/","name":"About &#187; SD Memory Cards","isPartOf":{"@id":"https:\/\/sd-memory-cards.net\/#website"},"datePublished":"2018-12-10T23:08:13+00:00","dateModified":"2021-05-20T20:55:13+00:00","description":"To learn more about SD Memory Cards and our mission to provide useful storage solutions to all content creators, visit our about page.","inLanguage":"fr-FR","potentialAction":[{"@type":"ReadAction","target":["https:\/\/sd-memory-cards.net\/about\/"]}]},{"@type":"WebSite","@id":"https:\/\/sd-memory-cards.net\/#website","url":"https:\/\/sd-memory-cards.net\/","name":"SD Memory Cards","description":"Everything about Memory Cards &amp; Storage Devices","publisher":{"@id":"https:\/\/sd-memory-cards.net\/#organization"},"potentialAction":[{"@type":"SearchAction","target":{"@type":"EntryPoint","urlTemplate":"https:\/\/sd-memory-cards.net\/?s={search_term_string}"},"query-input":{"@type":"PropertyValueSpecification","valueRequired":true,"valueName":"search_term_string"}}],"inLanguage":"fr-FR"},{"@type":"Organization","@id":"https:\/\/sd-memory-cards.net\/#organization","name":"SD Memory Cards","url":"https:\/\/sd-memory-cards.net\/","logo":{"@type":"ImageObject","inLanguage":"fr-FR","@id":"https:\/\/sd-memory-cards.net\/#\/schema\/logo\/image\/","url":"https:\/\/sd-memory-cards.net\/wp-content\/uploads\/2022\/11\/sd-memory-cards-logo.png","contentUrl":"https:\/\/sd-memory-cards.net\/wp-content\/uploads\/2022\/11\/sd-memory-cards-logo.png","width":748,"height":148,"caption":"SD Memory Cards"},"image":{"@id":"https:\/\/sd-memory-cards.net\/#\/schema\/logo\/image\/"},"sameAs":["https:\/\/www.facebook.com\/profile.php?id=100068407795273"]},false]}},"yasr_visitor_votes":{"stars_attributes":{"read_only":false,"span_bottom":false},"number_of_votes":0,"sum_votes":0},"amp_enabled":true,"_links":{"self":[{"href":"https:\/\/sd-memory-cards.net\/fr\/wp-json\/wp\/v2\/pages\/13965","targetHints":{"allow":["GET"]}}],"collection":[{"href":"https:\/\/sd-memory-cards.net\/fr\/wp-json\/wp\/v2\/pages"}],"about":[{"href":"https:\/\/sd-memory-cards.net\/fr\/wp-json\/wp\/v2\/types\/page"}],"author":[{"embeddable":true,"href":"https:\/\/sd-memory-cards.net\/fr\/wp-json\/wp\/v2\/users\/11"}],"replies":[{"embeddable":true,"href":"https:\/\/sd-memory-cards.net\/fr\/wp-json\/wp\/v2\/comments?post=13965"}],"version-history":[{"count":0,"href":"https:\/\/sd-memory-cards.net\/fr\/wp-json\/wp\/v2\/pages\/13965\/revisions"}],"wp:attachment":[{"href":"https:\/\/sd-memory-cards.net\/fr\/wp-json\/wp\/v2\/media?parent=13965"}],"curies":[{"name":"wp","href":"https:\/\/api.w.org\/{rel}","templated":true}]}}