{"id":9508,"date":"2015-02-06T20:10:07","date_gmt":"2015-02-07T04:10:07","guid":{"rendered":"https:\/\/sd-memory-cards.net\/privacy-policy\/"},"modified":"2020-07-16T00:12:17","modified_gmt":"2020-07-15T23:12:17","slug":"privacy-policy","status":"publish","type":"page","link":"https:\/\/sd-memory-cards.net\/fr\/politique-de-confidentialite\/","title":{"rendered":"Politique de confidentialit\u00e9"},"content":{"rendered":"[et_pb_section fb_built=&#8221;1&#8243; _builder_version=&#8221;3.22&#8243;][et_pb_row _builder_version=&#8221;3.25&#8243; background_size=&#8221;initial&#8221; background_position=&#8221;top_left&#8221; background_repeat=&#8221;repeat&#8221;][et_pb_column type=&#8221;4_4&#8243; _builder_version=&#8221;3.25&#8243; custom_padding=&#8221;|||&#8221; custom_padding__hover=&#8221;|||&#8221;][et_pb_text _builder_version=&#8221;4.5.1&#8243; hover_enabled=&#8221;0&#8243;]\n<p>La politique de SD-Memory-Cards.net est de respecter votre vie priv\u00e9e en ce qui concerne les informations que nous pouvons collecter lors de l'exploitation de notre site web. Cette politique de confidentialit\u00e9 s'applique \u00e0 SD-Memory-Cards.net (ci-apr\u00e8s, \"nous\", \"nous\" ou \"https:\/\/sd-memory-cards.net\"). Nous respectons votre vie priv\u00e9e et nous nous engageons \u00e0 prot\u00e9ger les informations personnelles identifiables que vous pouvez nous fournir par l'interm\u00e9diaire du site web. Nous avons adopt\u00e9 la pr\u00e9sente politique de confidentialit\u00e9 (\"politique de confidentialit\u00e9\") pour expliquer quelles informations peuvent \u00eatre collect\u00e9es sur notre site web, comment nous utilisons ces informations et dans quelles circonstances nous pouvons les divulguer \u00e0 des tiers. Cette politique de confidentialit\u00e9 s'applique uniquement aux informations que nous recueillons sur le site web et ne s'applique pas \u00e0 la collecte d'informations provenant d'autres sources. Cette politique de confidentialit\u00e9, ainsi que les <a href=\"\/terms-and-conditions\/\" target=\"_blank\" rel=\"noopener noreferrer\">conditions g\u00e9n\u00e9rales<\/a> affich\u00e9es sur notre site web, \u00e9noncent les r\u00e8gles et politiques g\u00e9n\u00e9rales r\u00e9gissant votre utilisation de notre site web. En fonction de vos activit\u00e9s lors de votre visite sur notre site web, il peut vous \u00eatre demand\u00e9 d'accepter des conditions suppl\u00e9mentaires.<\/p>\n<h2><strong>Visiteurs du site web<\/strong><\/h2>\n<p>Comme la plupart des op\u00e9rateurs de sites Web, SD-Memory-Cards.net recueille des informations d'identification non personnelles du type de celles que les navigateurs et serveurs Web mettent g\u00e9n\u00e9ralement \u00e0 disposition, telles que le type de navigateur, la langue pr\u00e9f\u00e9r\u00e9e, le site de r\u00e9f\u00e9rence, ainsi que la date et l'heure de chaque demande du visiteur. L'objectif de SD-Memory-Cards.net en recueillant des informations d'identification non personnelles est de mieux comprendre comment les visiteurs de SD-Memory-Cards.net utilisent son site web. SD-Memory-Cards.net recueille \u00e9galement des informations potentiellement nominatives telles que les adresses de protocole Internet (IP) pour les utilisateurs connect\u00e9s et pour les utilisateurs laissant des commentaires sur les articles de blog de SD-Memory-Cards.net. SD-Memory-Cards.net ne divulgue les adresses IP des utilisateurs connect\u00e9s et des commentateurs que dans les m\u00eames circonstances que celles dans lesquelles il utilise et divulgue les informations d'identification personnelle d\u00e9crites ci-dessous.<\/p>\n<h2><strong>Collecte d'informations d'identification personnelle<\/strong><\/h2>\n<p>Certains visiteurs du site web de SD-Memory-Cards.net choisissent d'interagir avec SD-Memory-Cards.net d'une mani\u00e8re qui oblige SD-Memory-Cards.net \u00e0 recueillir des informations d'identification personnelle. La quantit\u00e9 et le type d'informations que SD-Memory-Cards.net recueille d\u00e9pendent de la nature de l'interaction. Par exemple, nous demandons aux visiteurs qui s'inscrivent \u00e0 un blog sur SD-Memory-Cards.net de fournir un nom d'utilisateur et une adresse e-mail.<\/p>\n<h2><strong>S\u00e9curit\u00e9<\/strong><\/h2>\n<p>La s\u00e9curit\u00e9 de vos informations personnelles est importante pour nous, mais n'oubliez pas qu'aucune m\u00e9thode de transmission sur Internet ou de stockage \u00e9lectronique n'est 100% s\u00fbre. Bien que nous nous efforcions d'utiliser des moyens commercialement acceptables pour prot\u00e9ger vos informations personnelles, nous ne pouvons pas garantir leur s\u00e9curit\u00e9 absolue.<\/p>\n<h2><strong>Protection de certaines informations d'identification personnelle<\/strong><\/h2>\n<p>SD-Memory-Cards.net ne divulgue les informations d'identification personnelle et potentiellement personnelles qu'\u00e0 ses employ\u00e9s, entrepreneurs et organisations affili\u00e9es qui (i) ont besoin de conna\u00eetre ces informations afin de les traiter pour le compte de SD-Memory-Cards.net ou de fournir des services disponibles sur le site Web de SD-Memory-Cards.net, et (ii) qui ont accept\u00e9 de ne pas les divulguer \u00e0 d'autres personnes. Certains de ces employ\u00e9s, contractants et organisations affili\u00e9es peuvent \u00eatre situ\u00e9s en dehors de votre pays d'origine ; en utilisant le site web de SD-Memory-Cards.net, vous consentez au transfert de ces informations vers eux. SD-Memory-Cards.net ne louera ni ne vendra \u00e0 quiconque des informations d'identification personnelle et potentiellement personnelles. \u00c0 l'exception de ses employ\u00e9s, contractants et organisations affili\u00e9es, comme d\u00e9crit ci-dessus, SD-Memory-Cards.net ne divulgue les informations d'identification personnelle et potentiellement personnelles qu'en r\u00e9ponse \u00e0 une citation \u00e0 compara\u00eetre, une ordonnance du tribunal ou toute autre demande gouvernementale, ou lorsque SD-Memory-Cards.net estime en toute bonne foi que la divulgation est raisonnablement n\u00e9cessaire pour prot\u00e9ger la propri\u00e9t\u00e9 ou les droits de SD-Memory-Cards.net, des tiers ou du public en g\u00e9n\u00e9ral.<\/p>\n<p>Si vous \u00eates un utilisateur enregistr\u00e9 de SD-Memory-Cards.net et que vous avez fourni votre adresse e-mail, SD-Memory-Cards.net peut occasionnellement vous envoyer un e-mail pour vous informer des nouvelles fonctionnalit\u00e9s, solliciter vos commentaires ou simplement vous tenir au courant de ce qui se passe avec SD-Memory-Cards.net et nos produits. Nous utilisons principalement notre blog pour communiquer ce type d'information, nous esp\u00e9rons donc limiter ce type d'email au minimum. Si vous nous envoyez une demande (par exemple via un e-mail d'assistance ou via l'un de nos m\u00e9canismes de retour d'information), nous nous r\u00e9servons le droit de la publier afin de nous aider \u00e0 clarifier ou \u00e0 r\u00e9pondre \u00e0 votre demande ou pour nous aider \u00e0 aider d'autres utilisateurs. SD-Memory-Cards.net prend toutes les mesures raisonnablement n\u00e9cessaires pour se prot\u00e9ger contre l'acc\u00e8s non autoris\u00e9, l'utilisation, l'alt\u00e9ration ou la destruction des informations d'identification personnelle et potentiellement nominatives.<\/p>\n<h2><strong>Cookies<\/strong><\/h2>\n<p>Pour enrichir et perfectionner votre exp\u00e9rience en ligne, SD-Memory-Cards.net utilise des \"cookies\", des technologies similaires et des services fournis par d'autres pour afficher un contenu personnalis\u00e9, une publicit\u00e9 appropri\u00e9e et enregistrer vos pr\u00e9f\u00e9rences sur votre ordinateur. Un cookie est une cha\u00eene d'informations qu'un site web stocke sur l'ordinateur d'un visiteur et que le navigateur du visiteur fournit au site web \u00e0 chaque fois que le visiteur revient. SD-Memory-Cards.net utilise des cookies pour aider SD-Memory-Cards.net \u00e0 identifier et \u00e0 suivre les visiteurs, leur utilisation de SD-Memory-Cards.net et leurs pr\u00e9f\u00e9rences d'acc\u00e8s au site web. Les visiteurs de SD-Memory-Cards.net qui ne souhaitent pas que des cookies soient plac\u00e9s sur leur ordinateur doivent configurer leur navigateur de mani\u00e8re \u00e0 refuser les cookies avant d'utiliser les sites web de SD-Memory-Cards.net, l'inconv\u00e9nient \u00e9tant que certaines fonctionnalit\u00e9s du site web de SD-Memory-Cards.net peuvent ne pas fonctionner correctement sans l'aide des cookies. En continuant \u00e0 naviguer sur notre site web sans modifier vos param\u00e8tres de cookies, vous reconnaissez et acceptez l'utilisation de cookies par SD-Memory-Cards.net.<\/p>\n<h2><strong>Modifications de la politique de confidentialit\u00e9<\/strong><\/h2>\n<p>Bien que la plupart des changements soient mineurs, SD-Memory-Cards.net peut modifier sa politique de confidentialit\u00e9 de temps \u00e0 autre et \u00e0 la seule discr\u00e9tion de SD-Memory-Cards.net. SD-Memory-Cards.net encourage les visiteurs \u00e0 consulter fr\u00e9quemment cette page pour prendre connaissance des modifications apport\u00e9es \u00e0 sa politique de confidentialit\u00e9. En continuant \u00e0 utiliser ce site apr\u00e8s toute modification de la politique de confidentialit\u00e9, vous acceptez cette modification.<\/p>\n<h2 class=\"headline\">Divulgation de l'affiliation \u00e0 Amazon<\/h2>\n<p>SD-Memory-Cards.net participe au Amazon Services LLC Associates Program, un programme de publicit\u00e9 affili\u00e9 con\u00e7u pour fournir un moyen aux sites de gagner des honoraires publicitaires en faisant de la publicit\u00e9 et en cr\u00e9ant des liens vers amazon.com.<\/p>\n<p>&nbsp;<\/p>\n<p><em>SD-Memory-Cards.net, USA. Copyright \u00a9 2020 Tous droits r\u00e9serv\u00e9s.<\/em><\/p>\n[\/et_pb_text][\/et_pb_column][\/et_pb_row][\/et_pb_section]\n<div style='text-align:left' class='yasr-auto-insert-visitor'><\/div>","protected":false},"excerpt":{"rendered":"<p>It is SD-Memory-Cards.net&#8217;s policy to respect your privacy regarding any information we may collect while operating our website. This privacy policy applies to SD-Memory-Cards.net&#8230;<\/p>","protected":false},"author":11,"featured_media":0,"parent":0,"menu_order":0,"comment_status":"open","ping_status":"closed","template":"","meta":{"_et_pb_use_builder":"on","_et_pb_old_content":"<p>This privacy policy has been compiled to better serve those who are concerned with how their 'Personally identifiable information' (PII) is being used online. PII, as used in US privacy law and information security, is information that can be used on its own or with other information to identify, contact, or locate a single person, or to identify an individual in context. Please read our privacy policy carefully to get a clear understanding of how we collect, use, protect or otherwise handle your Personally Identifiable Information in accordance with our website.<\/p><p><strong>What personal information do we collect from the people that visit our blog, website or app?<\/strong><\/p><p>When using our site, as appropriate, you may be asked to enter your name, email address or other details to help you with your experience.<\/p><p><strong>How do we use your information?<\/strong><\/p><p>We may use the information we collect from you when you register, make a purchase, sign up for our newsletter, unlock the content, respond to a survey or marketing communication, surf the website, or use certain other site features in the following ways:<\/p><ul><li>To personalize user's experience and to allow us to deliver the type of content and product offerings in which you are most interested<\/li><li>To improve our website in order to better serve you.<\/li><li>To allow us to better service you in responding to your customer service requests.<\/li><li>To administer a contest, promotion, survey or other site feature.<\/li><li>To send periodic emails regarding your order or other products and services.<\/li><\/ul><p><strong>Do we use 'cookies'?<\/strong><\/p><p>Yes. Cookies are small files that a site or its service provider transfers to your computer's hard drive through your Web browser (if you allow) that enables the site's or service provider's systems to recognize your browser and capture and remember certain information. For instance, we use cookies to help us remember and process the items in your shopping cart. They are also used to help us understand your preferences based on previous or current site activity, which enables us to provide you with improved services. We also use cookies to help us compile aggregate data about site traffic and site interaction so that we can offer better site experiences and tools in the future.<\/p><p>We use cookies to:<\/p><ul><li>Understand and save user's preferences for future visits.<\/li><li>Memorize the users who have unlocked access to premium content.<\/li><\/ul><p>If you disable cookies off, some features will be disabled. It will affect the users experience and some of our services will not function properly.<\/p><p><strong>Third Party Disclosure<\/strong><\/p><p>We do not sell, trade, or otherwise transfer to outside parties your personally identifiable information unless we provide you with advance notice. This does not include website hosting partners and other parties who assist us in operating our website, conducting our business, or servicing you, so long as those parties agree to keep this information confidential. We may also release your information when we believe release is appropriate to comply with the law, enforce our site policies, or protect ours or others' rights, property, or safety.<\/p><p>However, non-personally identifiable visitor information may be provided to other parties for marketing, advertising, or other uses.<\/p><p><strong>Third party links<\/strong><\/p><p>Occasionally, at our discretion, we may include or offer third party products or services on our website. These third party sites have separate and independent privacy policies. We therefore have no responsibility or liability for the content and activities of these linked sites. Nonetheless, we seek to protect the integrity of our site and welcome any feedback about these sites.<\/p><p>If there are any questions regarding this privacy policy you may contact us.<\/p>","_et_gb_content_width":"","yasr_overall_rating":0,"yasr_post_is_review":"","yasr_auto_insert_disabled":"","yasr_review_type":"","footnotes":""},"class_list":["post-9508","page","type-page","status-publish","hentry"],"yoast_head":"<!-- This site is optimized with the Yoast SEO Premium plugin v19.2.1 (Yoast SEO v27.3) - https:\/\/yoast.com\/product\/yoast-seo-premium-wordpress\/ -->\n<title>Privacy Policy &#187; SD Memory Cards<\/title>\n<meta name=\"description\" content=\"We recommend all readers visit our privacy policy to learn more about how visitor data and personal information is handled.\" \/>\n<meta name=\"robots\" content=\"index, follow, max-snippet:-1, max-image-preview:large, max-video-preview:-1\" \/>\n<link rel=\"canonical\" href=\"https:\/\/sd-memory-cards.net\/fr\/politique-de-confidentialite\/\" \/>\n<meta property=\"og:locale\" content=\"fr_FR\" \/>\n<meta property=\"og:type\" content=\"article\" \/>\n<meta property=\"og:title\" content=\"Privacy Policy\" \/>\n<meta property=\"og:description\" content=\"We recommend all readers visit our privacy policy to learn more about how visitor data and personal information is handled.\" \/>\n<meta property=\"og:url\" content=\"https:\/\/sd-memory-cards.net\/fr\/politique-de-confidentialite\/\" \/>\n<meta property=\"og:site_name\" content=\"SD Memory Cards\" \/>\n<meta property=\"article:publisher\" content=\"https:\/\/www.facebook.com\/profile.php?id=100068407795273\" \/>\n<meta property=\"article:modified_time\" content=\"2020-07-15T23:12:17+00:00\" \/>\n<meta name=\"twitter:card\" content=\"summary_large_image\" \/>\n<meta name=\"twitter:label1\" content=\"Dur\u00e9e de lecture estim\u00e9e\" \/>\n\t<meta name=\"twitter:data1\" content=\"5 minutes\" \/>\n<script type=\"application\/ld+json\" class=\"yoast-schema-graph\">{\"@context\":\"https:\\\/\\\/schema.org\",\"@graph\":[{\"@type\":\"WebPage\",\"@id\":\"https:\\\/\\\/sd-memory-cards.net\\\/privacy-policy\\\/\",\"url\":\"https:\\\/\\\/sd-memory-cards.net\\\/privacy-policy\\\/\",\"name\":\"Privacy Policy &#187; SD Memory Cards\",\"isPartOf\":{\"@id\":\"https:\\\/\\\/sd-memory-cards.net\\\/#website\"},\"datePublished\":\"2015-02-07T04:10:07+00:00\",\"dateModified\":\"2020-07-15T23:12:17+00:00\",\"description\":\"We recommend all readers visit our privacy policy to learn more about how visitor data and personal information is handled.\",\"inLanguage\":\"fr-FR\",\"potentialAction\":[{\"@type\":\"ReadAction\",\"target\":[\"https:\\\/\\\/sd-memory-cards.net\\\/privacy-policy\\\/\"]}]},{\"@type\":\"WebSite\",\"@id\":\"https:\\\/\\\/sd-memory-cards.net\\\/#website\",\"url\":\"https:\\\/\\\/sd-memory-cards.net\\\/\",\"name\":\"SD Memory Cards\",\"description\":\"Everything about Memory Cards &amp; Storage Devices\",\"publisher\":{\"@id\":\"https:\\\/\\\/sd-memory-cards.net\\\/#organization\"},\"potentialAction\":[{\"@type\":\"SearchAction\",\"target\":{\"@type\":\"EntryPoint\",\"urlTemplate\":\"https:\\\/\\\/sd-memory-cards.net\\\/?s={search_term_string}\"},\"query-input\":{\"@type\":\"PropertyValueSpecification\",\"valueRequired\":true,\"valueName\":\"search_term_string\"}}],\"inLanguage\":\"fr-FR\"},{\"@type\":\"Organization\",\"@id\":\"https:\\\/\\\/sd-memory-cards.net\\\/#organization\",\"name\":\"SD Memory Cards\",\"url\":\"https:\\\/\\\/sd-memory-cards.net\\\/\",\"logo\":{\"@type\":\"ImageObject\",\"inLanguage\":\"fr-FR\",\"@id\":\"https:\\\/\\\/sd-memory-cards.net\\\/#\\\/schema\\\/logo\\\/image\\\/\",\"url\":\"https:\\\/\\\/sd-memory-cards.net\\\/wp-content\\\/uploads\\\/2022\\\/11\\\/sd-memory-cards-logo.png\",\"contentUrl\":\"https:\\\/\\\/sd-memory-cards.net\\\/wp-content\\\/uploads\\\/2022\\\/11\\\/sd-memory-cards-logo.png\",\"width\":748,\"height\":148,\"caption\":\"SD Memory Cards\"},\"image\":{\"@id\":\"https:\\\/\\\/sd-memory-cards.net\\\/#\\\/schema\\\/logo\\\/image\\\/\"},\"sameAs\":[\"https:\\\/\\\/www.facebook.com\\\/profile.php?id=100068407795273\"]},false]}<\/script>\n<!-- \/ Yoast SEO Premium plugin. -->","yoast_head_json":{"title":"Privacy Policy &#187; SD Memory Cards","description":"We recommend all readers visit our privacy policy to learn more about how visitor data and personal information is handled.","robots":{"index":"index","follow":"follow","max-snippet":"max-snippet:-1","max-image-preview":"max-image-preview:large","max-video-preview":"max-video-preview:-1"},"canonical":"https:\/\/sd-memory-cards.net\/fr\/politique-de-confidentialite\/","og_locale":"fr_FR","og_type":"article","og_title":"Privacy Policy","og_description":"We recommend all readers visit our privacy policy to learn more about how visitor data and personal information is handled.","og_url":"https:\/\/sd-memory-cards.net\/fr\/politique-de-confidentialite\/","og_site_name":"SD Memory Cards","article_publisher":"https:\/\/www.facebook.com\/profile.php?id=100068407795273","article_modified_time":"2020-07-15T23:12:17+00:00","twitter_card":"summary_large_image","twitter_misc":{"Dur\u00e9e de lecture estim\u00e9e":"5 minutes"},"schema":{"@context":"https:\/\/schema.org","@graph":[{"@type":"WebPage","@id":"https:\/\/sd-memory-cards.net\/privacy-policy\/","url":"https:\/\/sd-memory-cards.net\/privacy-policy\/","name":"Privacy Policy &#187; SD Memory Cards","isPartOf":{"@id":"https:\/\/sd-memory-cards.net\/#website"},"datePublished":"2015-02-07T04:10:07+00:00","dateModified":"2020-07-15T23:12:17+00:00","description":"We recommend all readers visit our privacy policy to learn more about how visitor data and personal information is handled.","inLanguage":"fr-FR","potentialAction":[{"@type":"ReadAction","target":["https:\/\/sd-memory-cards.net\/privacy-policy\/"]}]},{"@type":"WebSite","@id":"https:\/\/sd-memory-cards.net\/#website","url":"https:\/\/sd-memory-cards.net\/","name":"SD Memory Cards","description":"Everything about Memory Cards &amp; Storage Devices","publisher":{"@id":"https:\/\/sd-memory-cards.net\/#organization"},"potentialAction":[{"@type":"SearchAction","target":{"@type":"EntryPoint","urlTemplate":"https:\/\/sd-memory-cards.net\/?s={search_term_string}"},"query-input":{"@type":"PropertyValueSpecification","valueRequired":true,"valueName":"search_term_string"}}],"inLanguage":"fr-FR"},{"@type":"Organization","@id":"https:\/\/sd-memory-cards.net\/#organization","name":"SD Memory Cards","url":"https:\/\/sd-memory-cards.net\/","logo":{"@type":"ImageObject","inLanguage":"fr-FR","@id":"https:\/\/sd-memory-cards.net\/#\/schema\/logo\/image\/","url":"https:\/\/sd-memory-cards.net\/wp-content\/uploads\/2022\/11\/sd-memory-cards-logo.png","contentUrl":"https:\/\/sd-memory-cards.net\/wp-content\/uploads\/2022\/11\/sd-memory-cards-logo.png","width":748,"height":148,"caption":"SD Memory Cards"},"image":{"@id":"https:\/\/sd-memory-cards.net\/#\/schema\/logo\/image\/"},"sameAs":["https:\/\/www.facebook.com\/profile.php?id=100068407795273"]},false]}},"yasr_visitor_votes":{"stars_attributes":{"read_only":false,"span_bottom":false},"number_of_votes":0,"sum_votes":0},"amp_enabled":true,"_links":{"self":[{"href":"https:\/\/sd-memory-cards.net\/fr\/wp-json\/wp\/v2\/pages\/9508","targetHints":{"allow":["GET"]}}],"collection":[{"href":"https:\/\/sd-memory-cards.net\/fr\/wp-json\/wp\/v2\/pages"}],"about":[{"href":"https:\/\/sd-memory-cards.net\/fr\/wp-json\/wp\/v2\/types\/page"}],"author":[{"embeddable":true,"href":"https:\/\/sd-memory-cards.net\/fr\/wp-json\/wp\/v2\/users\/11"}],"replies":[{"embeddable":true,"href":"https:\/\/sd-memory-cards.net\/fr\/wp-json\/wp\/v2\/comments?post=9508"}],"version-history":[{"count":0,"href":"https:\/\/sd-memory-cards.net\/fr\/wp-json\/wp\/v2\/pages\/9508\/revisions"}],"wp:attachment":[{"href":"https:\/\/sd-memory-cards.net\/fr\/wp-json\/wp\/v2\/media?parent=9508"}],"curies":[{"name":"wp","href":"https:\/\/api.w.org\/{rel}","templated":true}]}}