{"id":13888,"date":"2018-12-14T05:40:36","date_gmt":"2018-12-14T13:40:36","guid":{"rendered":"https:\/\/sd-memory-cards.net\/?page_id=13888"},"modified":"2020-06-21T04:50:12","modified_gmt":"2020-06-21T12:50:12","slug":"terms-and-conditions","status":"publish","type":"page","link":"https:\/\/sd-memory-cards.net\/it\/termini-e-condizioni\/","title":{"rendered":"Termini e condizioni"},"content":{"rendered":"[et_pb_section bb_built=&#8221;1&#8243;][et_pb_row][et_pb_column type=&#8221;4_4&#8243;][et_pb_text _builder_version=&#8221;3.19.18&#8243;]\n<p>Questi termini e condizioni delineano le norme e i regolamenti per l'utilizzo del sito Web di SD Memory Cards. Accedendo al sito web si presume che l'utente accetti integralmente tali termini e condizioni. Non continuare a utilizzare il sito web sd-memory-cards.net se non si accettano tutti i termini e le condizioni indicati in questa pagina.<\/p>\n<p>La seguente terminologia si applica ai presenti termini e condizioni, all'informativa sulla privacy e all'avviso di esclusione di responsabilit\u00e0 e a qualsiasi altro accordo: \"Cliente\", \"Lei\" e \"Suo\" si riferiscono a Lei, la persona che accede a questo sito web e accetta i termini e le condizioni della societ\u00e0. \"La Societ\u00e0\", \"Noi\", \"Noi\", \"Nostro\" e \"Noi\", si riferisce alla nostra Societ\u00e0. \"Parte\", \"Parti\" o \"Noi\" si riferiscono sia al cliente che a noi stessi, oppure al cliente o a noi stessi.<\/p>\n<p>Tutti i termini si riferiscono all'offerta, all'accettazione e al corrispettivo necessario per intraprendere il processo di assistenza al cliente nel modo pi\u00f9 appropriato, sia attraverso incontri formali di durata prestabilita, sia con qualsiasi altro mezzo, allo scopo esplicito di soddisfare le esigenze del cliente in relazione alla fornitura dei servizi\/prodotti dichiarati dalla societ\u00e0, in conformit\u00e0 e nel rispetto della legge vigente negli Stati Uniti. Qualsiasi uso della terminologia di cui sopra o di altre parole al singolare, al plurale, con la maiuscola e\/o lui\/lei o loro, sono considerati intercambiabili e quindi riferiti allo stesso.<\/p>\n<h2><strong>Biscotti<\/strong><\/h2>\n<p>Utilizziamo i cookie. Utilizzando il sito web sd-memory-cards.net si acconsente all'uso dei cookie in conformit\u00e0 con la politica di sd-memory-cards.net. <a href=\"\/privacy-policy\/\">Informativa sulla privacy<\/a>. La maggior parte dei moderni siti web interattivi utilizza i cookie per consentire di recuperare i dati dell'utente per ogni visita. I cookie vengono utilizzati in alcune aree del nostro sito per consentirne la funzionalit\u00e0 e la facilit\u00e0 d'uso per le persone che lo visitano. Anche alcuni dei nostri partner affiliati\/pubblicitari possono utilizzare i cookie.<\/p>\n<h2><strong>Licenza<\/strong><\/h2>\n<p>Se non diversamente specificato, sd-memory-cards.net e\/o i suoi licenziatari detengono i diritti di propriet\u00e0 intellettuale per tutto il materiale presente su sd-memory-cards.net. Tutti i diritti di propriet\u00e0 intellettuale sono riservati. \u00c8 possibile visualizzare e\/o stampare le pagine di https:\/\/sd-memory-cards.net per uso personale, nel rispetto delle limitazioni stabilite in questi termini e condizioni.<\/p>\n<h2><strong>Non dovete:<\/strong><\/h2>\n<ul>\n<li>Ripubblicare materiale da https:\/\/sd-memory-cards.net<\/li>\n<li>Vendere, affittare o concedere in sublicenza il materiale di https:\/\/sd-memory-cards.net.<\/li>\n<li>Riprodurre, duplicare o copiare materiale da https:\/\/sd-memory-cards.net.<\/li>\n<li>Ridistribuire il contenuto di sd-memory-cards.net (a meno che il contenuto non sia stato specificamente creato per la ridistribuzione).<\/li>\n<\/ul>\n<h2><strong>Commenti degli utenti<\/strong><\/h2>\n<p>Il presente Accordo decorre dalla data del presente documento.<\/p>\n<ul>\n<li>Alcune parti di questo sito web offrono agli utenti la possibilit\u00e0 di pubblicare e scambiare opinioni, informazioni, materiale e dati (\"Commenti\") in aree del sito web. Sd-memory-cards.net non controlla, modifica, pubblica o rivede i commenti prima della loro apparizione sul sito web e i commenti non riflettono i punti di vista o le opinioni di sd-memory-cards.net, dei suoi agenti o affiliati. I commenti riflettono il punto di vista e l'opinione della persona che li pubblica. Nella misura consentita dalle leggi vigenti, sd-memory-cards.net non sar\u00e0 responsabile per i commenti o per qualsiasi perdita, costo, responsabilit\u00e0, danno o spesa causati o subiti in seguito all'uso e\/o alla pubblicazione e\/o alla comparsa dei commenti su questo sito web.<\/li>\n<li>Sd-memory-cards.net'so si riserva il diritto di monitorare tutti i commenti e di rimuovere qualsiasi commento che ritenga, a sua assoluta discrezione, inappropriato, offensivo o che comunque violi i presenti termini e condizioni.<\/li>\n<li>L'utente garantisce e dichiara che:<\/li>\n<li>L'utente \u00e8 autorizzato a pubblicare i commenti sul nostro sito web e dispone di tutte le licenze e i consensi necessari per farlo;<\/li>\n<li>I commenti non violano alcun diritto di propriet\u00e0 intellettuale, compresi, a titolo esemplificativo e non esaustivo, i diritti d'autore, i brevetti, i marchi o altri diritti di propriet\u00e0 di terzi;<\/li>\n<li>I commenti non contengono materiale diffamatorio, calunnioso, offensivo, indecente o altrimenti illegale o che costituisca una violazione della privacy.<\/li>\n<li>I commenti non saranno utilizzati per sollecitare o promuovere affari o consuetudini o presentare attivit\u00e0 commerciali o attivit\u00e0 illecite.<\/li>\n<li>L'utente concede a sd-memory-cards.net una licenza non esclusiva ed esente da royalty per utilizzare, riprodurre, modificare e autorizzare altri a utilizzare, riprodurre e modificare qualsiasi commento dell'utente in qualsiasi forma, formato o media.<\/li>\n<\/ul>\n<h2><strong>Collegamento ipertestuale ai nostri contenuti<\/strong><\/h2>\n<p>Le seguenti organizzazioni possono collegarsi al nostro sito web senza previa approvazione scritta - queste organizzazioni possono collegarsi alla nostra home page, a pubblicazioni o ad altre informazioni del sito web a condizione che il collegamento: (a) non sia in alcun modo fuorviante; (b) non implichi falsamente la sponsorizzazione, l'avallo o l'approvazione del linkante e dei suoi prodotti o servizi; e (c) si inserisca nel contesto del sito del linkante:<\/p>\n<ul>\n<li>Agenzie governative;<\/li>\n<li>Motori di ricerca;<\/li>\n<li>Organizzazioni giornalistiche;<\/li>\n<li>I distributori di elenchi online, quando ci inseriscono nell'elenco, possono inserire un link al nostro sito web nello stesso elenco.<br \/>in quanto collegamenti ipertestuali ai siti web di altre aziende elencate; e<\/li>\n<li>Attivit\u00e0 commerciali accreditate a livello di sistema, ad eccezione delle organizzazioni no-profit e dei centri commerciali di beneficenza,<br \/>e gruppi di raccolta fondi per beneficenza che non possono collegarsi al nostro sito web.<\/li>\n<\/ul>\n<p>Possiamo prendere in considerazione e approvare a nostra esclusiva discrezione altre richieste di link da parte dei seguenti tipi di organizzazioni - Approveremo le richieste di link da parte di queste organizzazioni se determineremo che: (a) il link non si rifletta sfavorevolmente su di noi o sulle nostre attivit\u00e0 accreditate (ad esempio, le associazioni di categoria o altre organizzazioni che rappresentano tipi di attivit\u00e0 intrinsecamente sospette, come le opportunit\u00e0 di lavoro a domicilio, non saranno autorizzate a inserire il link); (b) l'organizzazione non abbia precedenti insoddisfacenti con noi; (c) il beneficio per noi derivante dalla visibilit\u00e0 associata al collegamento ipertestuale sia superiore all'assenza di un link. <!--?=$companyName?-->e (d) quando il link si inserisce nel contesto di informazioni generali sulle risorse o \u00e8 altrimenti coerente con il contenuto editoriale di una newsletter o di un prodotto simile che promuove la missione dell'organizzazione:<\/p>\n<ul>\n<li>fonti di informazione sui consumatori e\/o sulle imprese comunemente conosciute, come le Camere di commercio, l'American Automobile Association, l'AARP e la Consumers Union;<\/li>\n<li>siti di comunit\u00e0 dot.com;<\/li>\n<li>associazioni o altri gruppi che rappresentano enti di beneficenza, compresi i siti di beneficenza,<\/li>\n<li>distributori di elenchi online;<\/li>\n<li>portali internet;<\/li>\n<li>societ\u00e0 di contabilit\u00e0, studi legali e di consulenza i cui clienti principali sono imprese; e<\/li>\n<li>istituzioni educative e associazioni di categoria.<\/li>\n<\/ul>\n<p>Queste organizzazioni possono inserire un link alla nostra home page, a pubblicazioni o ad altre informazioni del sito web, a condizione che il link: (a) non sia in alcun modo fuorviante; (b) non implichi falsamente la sponsorizzazione, l'avallo o l'approvazione del linkante e dei suoi prodotti o servizi; e (c) si inserisca nel contesto del sito del linkante. Se siete tra le organizzazioni elencate nel precedente paragrafo 2 e siete interessati a collegarvi al nostro sito web, dovete comunicarcelo inviando un'e-mail a sdmemorycardsworld@gmail.com.<\/p>\n<p>Vi preghiamo di includere il vostro nome, il nome della vostra organizzazione, le informazioni di contatto (come il numero di telefono e\/o l'indirizzo e-mail) e l'URL del vostro sito, un elenco di tutti gli URL da cui intendete collegarvi al nostro sito web e un elenco degli URL del nostro sito a cui vorreste collegarvi. La risposta deve arrivare entro 2-3 settimane. Le organizzazioni approvate possono collegarsi al nostro sito web come segue:<\/p>\n<ul>\n<li>Utilizzando la nostra ragione sociale; o<\/li>\n<li>Tramite l'uso del localizzatore uniforme di risorse (indirizzo web) a cui si \u00e8 collegati; oppure<\/li>\n<li>Utilizzando qualsiasi altra descrizione del nostro sito web o del materiale a cui \u00e8 collegato che abbia senso all'interno del sito web.<br \/>il contesto e il formato del contenuto del sito del linkante.<\/li>\n<\/ul>\n<h2><strong>Riserva di diritti<\/strong><\/h2>\n<p>Ci riserviamo il diritto, in qualsiasi momento e a sua esclusiva discrezione, di richiedere la rimozione di tutti i link o di un particolare link al nostro sito web. L'utente accetta di rimuovere immediatamente tutti i link al nostro sito web in seguito a tale richiesta. Ci riserviamo inoltre il diritto di modificare i presenti termini e condizioni e la politica di collegamento in qualsiasi momento. Continuando a collegarsi al nostro sito web, l'utente accetta di essere vincolato e di rispettare i presenti termini e condizioni di collegamento.<\/p>\n<h2><strong>Rimozione di link dal nostro sito web<\/strong><\/h2>\n<p>Se ritenete che un link del nostro sito web o un sito web collegato sia discutibile per qualsiasi motivo, potete contattarci al riguardo. Prenderemo in considerazione le richieste di rimozione dei link, ma non avremo alcun obbligo di farlo o di rispondere direttamente all'utente. Pur sforzandoci di garantire la correttezza delle informazioni contenute in questo sito web, non ne garantiamo la completezza o l'accuratezza, n\u00e9 ci impegniamo a garantire che il sito web rimanga disponibile o che il materiale in esso contenuto sia aggiornato.<\/p>\n<h2><strong>Responsabilit\u00e0 del contenuto<\/strong><\/h2>\n<p>Non avremo alcuna responsabilit\u00e0 per i contenuti che appaiono sul vostro sito web. L'utente accetta di indennizzarci e difenderci da qualsiasi reclamo derivante da o basato sul suo sito web. Nessun link pu\u00f2 apparire su alcuna pagina del vostro sito web o in alcun contesto contenente contenuti o materiali che possano essere interpretati come diffamatori, osceni o criminali, o che infrangano, violino in altro modo, o che sostengano la violazione o altra violazione di diritti di terzi.<\/p>\n<h2><strong>Dichiarazione di non responsabilit\u00e0<\/strong><\/h2>\n<p>Nella misura massima consentita dalla legge applicabile, escludiamo tutte le dichiarazioni, le garanzie e le condizioni relative al nostro sito web e all'uso di questo sito web (incluse, senza limitazioni, tutte le garanzie implicite per legge relative alla qualit\u00e0 soddisfacente, all'idoneit\u00e0 allo scopo e\/o all'uso di ragionevole cura e abilit\u00e0). Nulla di quanto contenuto nella presente clausola di esclusione della responsabilit\u00e0:<\/p>\n<ul>\n<li>limitare o escludere la nostra o la vostra responsabilit\u00e0 per morte o lesioni personali derivanti da negligenza;<\/li>\n<li>limitare o escludere la nostra o la vostra responsabilit\u00e0 per frode o falsa dichiarazione fraudolenta;<\/li>\n<li>limitare le nostre o le vostre responsabilit\u00e0 in qualsiasi modo che non sia consentito dalla legge applicabile; oppure<\/li>\n<li>escludere qualsiasi nostra o vostra responsabilit\u00e0 che non possa essere esclusa ai sensi della legge applicabile.<\/li>\n<\/ul>\n<p>Le limitazioni e le esclusioni di responsabilit\u00e0 indicate in questa sezione e in altre parti della presente clausola di esclusione della responsabilit\u00e0: (a) sono soggette al paragrafo precedente; e (b) disciplinano tutte le responsabilit\u00e0 derivanti dalla clausola di esclusione della responsabilit\u00e0 o in relazione all'oggetto della presente clausola di esclusione della responsabilit\u00e0, comprese le responsabilit\u00e0 derivanti da contratto, da illecito civile (compresa la negligenza) e per violazione di obblighi di legge. Nella misura in cui il sito web e le informazioni e i servizi presenti sul sito web sono forniti gratuitamente, non saremo responsabili per eventuali perdite o danni di qualsiasi natura.<\/p>\n<h2><strong>Dichiarazione di non responsabilit\u00e0<\/strong><\/h2>\n<p>Qualsiasi menzione di marchi e marche commerciali ha uno scopo puramente illustrativo ed educativo. Sd-memory-cards.net non \u00e8 associato a nessun prodotto menzionato in questo sito. Tutti i marchi sono di propriet\u00e0 dei rispettivi titolari.<\/p>\n<p>Per mantenere in vita il sito, sd-memory-cards.net riceve una piccola percentuale da Amazon per ogni prodotto acquistato tramite i link di affiliazione Amazon presenti nelle recensioni.<\/p>\n<p>\u00a0<\/p>\n<p><em>Copyright sd-memory-cards.net. \u00a9 2020 Tutti i diritti riservati.<\/em><\/p>\n[\/et_pb_text][\/et_pb_column][\/et_pb_row][\/et_pb_section]\n<div style='text-align:left' class='yasr-auto-insert-visitor'><\/div>","protected":false},"excerpt":{"rendered":"<p>These terms and conditions outline the rules and regulations for the use of SD Memory Cards website. By accessing this website we assume you&#8230;<\/p>","protected":false},"author":11,"featured_media":0,"parent":0,"menu_order":0,"comment_status":"closed","ping_status":"closed","template":"","meta":{"_et_pb_use_builder":"on","_et_pb_old_content":"","_et_gb_content_width":"","yasr_overall_rating":0,"yasr_post_is_review":"","yasr_auto_insert_disabled":"","yasr_review_type":"","footnotes":""},"class_list":["post-13888","page","type-page","status-publish","hentry"],"yoast_head":"<!-- This site is optimized with the Yoast SEO Premium plugin v19.2.1 (Yoast SEO v27.4) - https:\/\/yoast.com\/product\/yoast-seo-premium-wordpress\/ -->\n<title>Terms and Conditions &#187; SD Memory Cards<\/title>\n<meta name=\"description\" content=\"For rules and regulations regarding the use of our website (cookies, hyperlinking, commenting) please read our terms and conditions page.\" \/>\n<meta name=\"robots\" content=\"index, follow, max-snippet:-1, max-image-preview:large, max-video-preview:-1\" \/>\n<link rel=\"canonical\" href=\"https:\/\/sd-memory-cards.net\/it\/termini-e-condizioni\/\" \/>\n<meta property=\"og:locale\" content=\"it_IT\" \/>\n<meta property=\"og:type\" content=\"article\" \/>\n<meta property=\"og:title\" content=\"Terms and Conditions\" \/>\n<meta property=\"og:description\" content=\"For rules and regulations regarding the use of our website (cookies, hyperlinking, commenting) please read our terms and conditions page.\" \/>\n<meta property=\"og:url\" content=\"https:\/\/sd-memory-cards.net\/it\/termini-e-condizioni\/\" \/>\n<meta property=\"og:site_name\" content=\"SD Memory Cards\" \/>\n<meta property=\"article:publisher\" content=\"https:\/\/www.facebook.com\/profile.php?id=100068407795273\" \/>\n<meta property=\"article:modified_time\" content=\"2020-06-21T12:50:12+00:00\" \/>\n<meta name=\"twitter:card\" content=\"summary_large_image\" \/>\n<meta name=\"twitter:label1\" content=\"Tempo di lettura stimato\" \/>\n\t<meta name=\"twitter:data1\" content=\"9 minuti\" \/>\n<script type=\"application\/ld+json\" class=\"yoast-schema-graph\">{\"@context\":\"https:\\\/\\\/schema.org\",\"@graph\":[{\"@type\":\"WebPage\",\"@id\":\"https:\\\/\\\/sd-memory-cards.net\\\/terms-and-conditions\\\/\",\"url\":\"https:\\\/\\\/sd-memory-cards.net\\\/terms-and-conditions\\\/\",\"name\":\"Terms and Conditions &#187; SD Memory Cards\",\"isPartOf\":{\"@id\":\"https:\\\/\\\/sd-memory-cards.net\\\/#website\"},\"datePublished\":\"2018-12-14T13:40:36+00:00\",\"dateModified\":\"2020-06-21T12:50:12+00:00\",\"description\":\"For rules and regulations regarding the use of our website (cookies, hyperlinking, commenting) please read our terms and conditions page.\",\"inLanguage\":\"it-IT\",\"potentialAction\":[{\"@type\":\"ReadAction\",\"target\":[\"https:\\\/\\\/sd-memory-cards.net\\\/terms-and-conditions\\\/\"]}]},{\"@type\":\"WebSite\",\"@id\":\"https:\\\/\\\/sd-memory-cards.net\\\/#website\",\"url\":\"https:\\\/\\\/sd-memory-cards.net\\\/\",\"name\":\"SD Memory Cards\",\"description\":\"Everything about Memory Cards &amp; Storage Devices\",\"publisher\":{\"@id\":\"https:\\\/\\\/sd-memory-cards.net\\\/#organization\"},\"potentialAction\":[{\"@type\":\"SearchAction\",\"target\":{\"@type\":\"EntryPoint\",\"urlTemplate\":\"https:\\\/\\\/sd-memory-cards.net\\\/?s={search_term_string}\"},\"query-input\":{\"@type\":\"PropertyValueSpecification\",\"valueRequired\":true,\"valueName\":\"search_term_string\"}}],\"inLanguage\":\"it-IT\"},{\"@type\":\"Organization\",\"@id\":\"https:\\\/\\\/sd-memory-cards.net\\\/#organization\",\"name\":\"SD Memory Cards\",\"url\":\"https:\\\/\\\/sd-memory-cards.net\\\/\",\"logo\":{\"@type\":\"ImageObject\",\"inLanguage\":\"it-IT\",\"@id\":\"https:\\\/\\\/sd-memory-cards.net\\\/#\\\/schema\\\/logo\\\/image\\\/\",\"url\":\"https:\\\/\\\/sd-memory-cards.net\\\/wp-content\\\/uploads\\\/2022\\\/11\\\/sd-memory-cards-logo.png\",\"contentUrl\":\"https:\\\/\\\/sd-memory-cards.net\\\/wp-content\\\/uploads\\\/2022\\\/11\\\/sd-memory-cards-logo.png\",\"width\":748,\"height\":148,\"caption\":\"SD Memory Cards\"},\"image\":{\"@id\":\"https:\\\/\\\/sd-memory-cards.net\\\/#\\\/schema\\\/logo\\\/image\\\/\"},\"sameAs\":[\"https:\\\/\\\/www.facebook.com\\\/profile.php?id=100068407795273\"]},false]}<\/script>\n<!-- \/ Yoast SEO Premium plugin. -->","yoast_head_json":{"title":"Terms and Conditions &#187; SD Memory Cards","description":"For rules and regulations regarding the use of our website (cookies, hyperlinking, commenting) please read our terms and conditions page.","robots":{"index":"index","follow":"follow","max-snippet":"max-snippet:-1","max-image-preview":"max-image-preview:large","max-video-preview":"max-video-preview:-1"},"canonical":"https:\/\/sd-memory-cards.net\/it\/termini-e-condizioni\/","og_locale":"it_IT","og_type":"article","og_title":"Terms and Conditions","og_description":"For rules and regulations regarding the use of our website (cookies, hyperlinking, commenting) please read our terms and conditions page.","og_url":"https:\/\/sd-memory-cards.net\/it\/termini-e-condizioni\/","og_site_name":"SD Memory Cards","article_publisher":"https:\/\/www.facebook.com\/profile.php?id=100068407795273","article_modified_time":"2020-06-21T12:50:12+00:00","twitter_card":"summary_large_image","twitter_misc":{"Tempo di lettura stimato":"9 minuti"},"schema":{"@context":"https:\/\/schema.org","@graph":[{"@type":"WebPage","@id":"https:\/\/sd-memory-cards.net\/terms-and-conditions\/","url":"https:\/\/sd-memory-cards.net\/terms-and-conditions\/","name":"Terms and Conditions &#187; SD Memory Cards","isPartOf":{"@id":"https:\/\/sd-memory-cards.net\/#website"},"datePublished":"2018-12-14T13:40:36+00:00","dateModified":"2020-06-21T12:50:12+00:00","description":"For rules and regulations regarding the use of our website (cookies, hyperlinking, commenting) please read our terms and conditions page.","inLanguage":"it-IT","potentialAction":[{"@type":"ReadAction","target":["https:\/\/sd-memory-cards.net\/terms-and-conditions\/"]}]},{"@type":"WebSite","@id":"https:\/\/sd-memory-cards.net\/#website","url":"https:\/\/sd-memory-cards.net\/","name":"SD Memory Cards","description":"Everything about Memory Cards &amp; Storage Devices","publisher":{"@id":"https:\/\/sd-memory-cards.net\/#organization"},"potentialAction":[{"@type":"SearchAction","target":{"@type":"EntryPoint","urlTemplate":"https:\/\/sd-memory-cards.net\/?s={search_term_string}"},"query-input":{"@type":"PropertyValueSpecification","valueRequired":true,"valueName":"search_term_string"}}],"inLanguage":"it-IT"},{"@type":"Organization","@id":"https:\/\/sd-memory-cards.net\/#organization","name":"SD Memory Cards","url":"https:\/\/sd-memory-cards.net\/","logo":{"@type":"ImageObject","inLanguage":"it-IT","@id":"https:\/\/sd-memory-cards.net\/#\/schema\/logo\/image\/","url":"https:\/\/sd-memory-cards.net\/wp-content\/uploads\/2022\/11\/sd-memory-cards-logo.png","contentUrl":"https:\/\/sd-memory-cards.net\/wp-content\/uploads\/2022\/11\/sd-memory-cards-logo.png","width":748,"height":148,"caption":"SD Memory Cards"},"image":{"@id":"https:\/\/sd-memory-cards.net\/#\/schema\/logo\/image\/"},"sameAs":["https:\/\/www.facebook.com\/profile.php?id=100068407795273"]},false]}},"yasr_visitor_votes":{"stars_attributes":{"read_only":false,"span_bottom":false},"number_of_votes":0,"sum_votes":0},"amp_enabled":true,"_links":{"self":[{"href":"https:\/\/sd-memory-cards.net\/it\/wp-json\/wp\/v2\/pages\/13888","targetHints":{"allow":["GET"]}}],"collection":[{"href":"https:\/\/sd-memory-cards.net\/it\/wp-json\/wp\/v2\/pages"}],"about":[{"href":"https:\/\/sd-memory-cards.net\/it\/wp-json\/wp\/v2\/types\/page"}],"author":[{"embeddable":true,"href":"https:\/\/sd-memory-cards.net\/it\/wp-json\/wp\/v2\/users\/11"}],"replies":[{"embeddable":true,"href":"https:\/\/sd-memory-cards.net\/it\/wp-json\/wp\/v2\/comments?post=13888"}],"version-history":[{"count":0,"href":"https:\/\/sd-memory-cards.net\/it\/wp-json\/wp\/v2\/pages\/13888\/revisions"}],"wp:attachment":[{"href":"https:\/\/sd-memory-cards.net\/it\/wp-json\/wp\/v2\/media?parent=13888"}],"curies":[{"name":"wp","href":"https:\/\/api.w.org\/{rel}","templated":true}]}}