{"id":13888,"date":"2018-12-14T05:40:36","date_gmt":"2018-12-14T13:40:36","guid":{"rendered":"https:\/\/sd-memory-cards.net\/?page_id=13888"},"modified":"2020-06-21T04:50:12","modified_gmt":"2020-06-21T12:50:12","slug":"terms-and-conditions","status":"publish","type":"page","link":"https:\/\/sd-memory-cards.net\/pt\/termos-e-condicoes\/","title":{"rendered":"Termos e condi\u00e7\u00f5es"},"content":{"rendered":"[et_pb_section bb_built=&#8221;1&#8243;][et_pb_row][et_pb_column type=&#8221;4_4&#8243;][et_pb_text _builder_version=&#8221;3.19.18&#8243;]\n<p>Estes termos e condi\u00e7\u00f5es descrevem as regras e regulamentos para a utiliza\u00e7\u00e3o do s\u00edtio Web dos Cart\u00f5es de Mem\u00f3ria SD. Ao aceder a este s\u00edtio Web, assumimos que o utilizador aceita estes termos e condi\u00e7\u00f5es na \u00edntegra. N\u00e3o continue a utilizar o s\u00edtio Web sd-memory-cards.net se n\u00e3o aceitar todos os termos e condi\u00e7\u00f5es indicados nesta p\u00e1gina.<\/p>\n<p>A terminologia que se segue aplica-se aos presentes termos e condi\u00e7\u00f5es, \u00e0 declara\u00e7\u00e3o de privacidade e \u00e0 declara\u00e7\u00e3o de exonera\u00e7\u00e3o de responsabilidade e a todos os acordos: \"Cliente\", \"Voc\u00ea\" e \"Seu\" referem-se a si, a pessoa que acede a este s\u00edtio Web e aceita os termos e condi\u00e7\u00f5es da empresa. \"A Empresa\", \"N\u00f3s\", \"N\u00f3s\", \"Nosso\" e \"N\u00f3s\", refere-se \u00e0 nossa Empresa. \"Parte\", \"Partes\", ou \"N\u00f3s\", refere-se tanto ao cliente como a n\u00f3s pr\u00f3prios, ou tanto ao cliente como a n\u00f3s pr\u00f3prios.<\/p>\n<p>Todos os termos referem-se \u00e0 oferta, aceita\u00e7\u00e3o e considera\u00e7\u00e3o do pagamento necess\u00e1rio para levar a cabo o processo da nossa assist\u00eancia ao cliente da forma mais adequada, quer atrav\u00e9s de reuni\u00f5es formais com uma dura\u00e7\u00e3o fixa, quer por qualquer outro meio, com o objectivo expresso de satisfazer as necessidades do cliente no que diz respeito \u00e0 presta\u00e7\u00e3o dos servi\u00e7os\/produtos declarados da empresa, de acordo com e sujeito \u00e0 legisla\u00e7\u00e3o em vigor nos Estados Unidos. Qualquer utiliza\u00e7\u00e3o da terminologia acima referida ou de outras palavras no singular, no plural, em mai\u00fasculas e\/ou ele\/ela ou eles\/elas, s\u00e3o consideradas permut\u00e1veis e, por conseguinte, como referindo-se ao mesmo.<\/p>\n<h2><strong>Biscoitos<\/strong><\/h2>\n<p>Recorremos \u00e0 utiliza\u00e7\u00e3o de cookies. Ao utilizar o site sd-memory-cards.net est\u00e1 a consentir a utiliza\u00e7\u00e3o de cookies de acordo com a pol\u00edtica de cookies de sd-memory-cards.net. <a href=\"\/privacy-policy\/\">pol\u00edtica de privacidade<\/a>. A maior parte dos s\u00edtios Web interactivos modernos utiliza cookies que nos permitem recuperar os dados do utilizador em cada visita. Os cookies s\u00e3o utilizados em algumas \u00e1reas do nosso s\u00edtio para permitir a funcionalidade dessa \u00e1rea e facilitar a sua utiliza\u00e7\u00e3o pelas pessoas que a visitam. Alguns dos nossos parceiros afiliados \/ publicit\u00e1rios tamb\u00e9m podem utilizar cookies.<\/p>\n<h2><strong>Licen\u00e7a<\/strong><\/h2>\n<p>Salvo indica\u00e7\u00e3o em contr\u00e1rio, sd-memory-cards.net e\/ou os seus licenciantes det\u00eam os direitos de propriedade intelectual de todo o material em sd-memory-cards.net. Todos os direitos de propriedade intelectual s\u00e3o reservados. O utilizador pode visualizar e\/ou imprimir p\u00e1ginas de https:\/\/sd-memory-cards.net para seu uso pessoal, sujeito \u00e0s restri\u00e7\u00f5es estabelecidas nestes termos e condi\u00e7\u00f5es.<\/p>\n<h2><strong>N\u00e3o pode:<\/strong><\/h2>\n<ul>\n<li>Republicar material de https:\/\/sd-memory-cards.net<\/li>\n<li>Vender, alugar ou sublicenciar material de https:\/\/sd-memory-cards.net<\/li>\n<li>Reproduzir, duplicar ou copiar material de https:\/\/sd-memory-cards.net<\/li>\n<li>Redistribuir o conte\u00fado de sd-memory-cards.net (excepto se o conte\u00fado for especificamente concebido para redistribui\u00e7\u00e3o).<\/li>\n<\/ul>\n<h2><strong>Coment\u00e1rios dos utilizadores<\/strong><\/h2>\n<p>O presente acordo tem in\u00edcio na data do mesmo.<\/p>\n<ul>\n<li>Certas partes deste website oferecem aos utilizadores a oportunidade de publicar e trocar opini\u00f5es, informa\u00e7\u00f5es, materiais e dados (\"Coment\u00e1rios\") em \u00e1reas do website. O site sd-memory-cards.net n\u00e3o selecciona, edita, publica ou rev\u00ea os coment\u00e1rios antes de aparecerem no site e os coment\u00e1rios n\u00e3o reflectem os pontos de vista ou opini\u00f5es do site sd-memory-cards.net, dos seus agentes ou afiliados. Os coment\u00e1rios reflectem o ponto de vista e a opini\u00e3o da pessoa que os publica. Na medida do permitido pelas leis aplic\u00e1veis, a sd-memory-cards.net n\u00e3o ser\u00e1 respons\u00e1vel pelos coment\u00e1rios ou por qualquer perda, custo, responsabilidade, danos ou despesas causados ou sofridos como resultado de qualquer utiliza\u00e7\u00e3o e\/ou publica\u00e7\u00e3o e\/ou aparecimento dos coment\u00e1rios neste s\u00edtio Web.<\/li>\n<li>Sd-memory-cards.net'so reserva-se o direito de monitorizar todos os coment\u00e1rios e de remover quaisquer coment\u00e1rios que considere, a seu crit\u00e9rio absoluto, inadequados, ofensivos ou que violem estes termos e condi\u00e7\u00f5es.<\/li>\n<li>O utilizador garante e declara que:<\/li>\n<li>O utilizador tem o direito de publicar os coment\u00e1rios no nosso s\u00edtio Web e possui todas as licen\u00e7as e autoriza\u00e7\u00f5es necess\u00e1rias para o fazer;<\/li>\n<li>Os coment\u00e1rios n\u00e3o infringem qualquer direito de propriedade intelectual, incluindo, sem limita\u00e7\u00e3o, direitos de autor, patentes ou marcas registadas, ou outros direitos de propriedade de terceiros;<\/li>\n<li>Os coment\u00e1rios n\u00e3o cont\u00eam material difamat\u00f3rio, calunioso, ofensivo, indecente ou de outra forma ilegal ou material que constitua uma invas\u00e3o de privacidade<\/li>\n<li>Os coment\u00e1rios n\u00e3o ser\u00e3o utilizados para solicitar ou promover neg\u00f3cios ou costumes ou apresentar actividades comerciais ou actividades ilegais.<\/li>\n<li>Por este meio, concede a sd-memory-cards.net uma licen\u00e7a n\u00e3o exclusiva e isenta de royalties para utilizar, reproduzir, editar e autorizar outros a utilizar, reproduzir e editar quaisquer dos seus coment\u00e1rios em todas e quaisquer formas, formatos ou meios.<\/li>\n<\/ul>\n<h2><strong>Hiperliga\u00e7\u00e3o ao nosso conte\u00fado<\/strong><\/h2>\n<p>As seguintes organiza\u00e7\u00f5es podem estabelecer liga\u00e7\u00f5es ao nosso s\u00edtio Web sem aprova\u00e7\u00e3o pr\u00e9via por escrito - estas organiza\u00e7\u00f5es podem estabelecer liga\u00e7\u00f5es \u00e0 nossa p\u00e1gina inicial, a publica\u00e7\u00f5es ou a outras informa\u00e7\u00f5es do s\u00edtio Web, desde que a liga\u00e7\u00e3o (a) n\u00e3o seja de forma alguma enganadora; (b) n\u00e3o implique falsamente o patroc\u00ednio, o endosso ou a aprova\u00e7\u00e3o da parte que estabelece a liga\u00e7\u00e3o e dos seus produtos ou servi\u00e7os; e (c) se enquadre no contexto do s\u00edtio da parte que estabelece a liga\u00e7\u00e3o:<\/p>\n<ul>\n<li>Ag\u00eancias governamentais;<\/li>\n<li>Motores de pesquisa;<\/li>\n<li>Organiza\u00e7\u00f5es noticiosas;<\/li>\n<li>Os distribuidores de direct\u00f3rios em linha, ao inclu\u00edrem-nos no direct\u00f3rio, podem estabelecer uma liga\u00e7\u00e3o ao nosso s\u00edtio Web no mesmo<br \/>como hiperliga\u00e7\u00e3o para os s\u00edtios Web de outras empresas inclu\u00eddas na lista; e<\/li>\n<li>Empresas acreditadas em todo o sistema, excepto para solicitar organiza\u00e7\u00f5es sem fins lucrativos, centros comerciais de benefic\u00eancia,<br \/>e grupos de angaria\u00e7\u00e3o de fundos de caridade que n\u00e3o podem ter hiperliga\u00e7\u00f5es para o nosso s\u00edtio Web.<\/li>\n<\/ul>\n<p>Podemos considerar e aprovar, a nosso exclusivo crit\u00e9rio, outros pedidos de liga\u00e7\u00e3o dos seguintes tipos de organiza\u00e7\u00f5es - Aprovaremos os pedidos de liga\u00e7\u00e3o destas organiza\u00e7\u00f5es se determinarmos que: (a) a liga\u00e7\u00e3o n\u00e3o se reflectir\u00e1 desfavoravelmente sobre n\u00f3s ou sobre as nossas empresas acreditadas (por exemplo, associa\u00e7\u00f5es comerciais ou outras organiza\u00e7\u00f5es que representem tipos de neg\u00f3cios inerentemente suspeitos, como oportunidades de trabalho em casa, n\u00e3o ser\u00e3o autorizadas a criar uma liga\u00e7\u00e3o); (b) a organiza\u00e7\u00e3o n\u00e3o tem um registo insatisfat\u00f3rio connosco; (c) o benef\u00edcio para n\u00f3s da visibilidade associada \u00e0 hiperliga\u00e7\u00e3o compensa a aus\u00eancia de <!--?=$companyName?-->e (d) quando a liga\u00e7\u00e3o se insere no contexto de informa\u00e7\u00f5es gerais sobre recursos ou \u00e9 coerente com o conte\u00fado editorial de um boletim informativo ou produto semelhante que promova a miss\u00e3o da organiza\u00e7\u00e3o:<\/p>\n<ul>\n<li>fontes de informa\u00e7\u00e3o sobre consumidores e\/ou empresas comummente conhecidas, como as C\u00e2maras de Com\u00e9rcio, a Associa\u00e7\u00e3o Autom\u00f3vel Americana, a AARP e a Uni\u00e3o dos Consumidores;<\/li>\n<li>s\u00edtios comunit\u00e1rios dot.com;<\/li>\n<li>associa\u00e7\u00f5es ou outros grupos que representem institui\u00e7\u00f5es de solidariedade social, incluindo s\u00edtios de donativos para institui\u00e7\u00f5es de solidariedade social,<\/li>\n<li>distribuidores de direct\u00f3rios em linha;<\/li>\n<li>portais de Internet;<\/li>\n<li>empresas de contabilidade, direito e consultoria cujos principais clientes s\u00e3o empresas; e<\/li>\n<li>institui\u00e7\u00f5es de ensino e associa\u00e7\u00f5es profissionais.<\/li>\n<\/ul>\n<p>Estas organiza\u00e7\u00f5es podem estabelecer liga\u00e7\u00f5es \u00e0 nossa p\u00e1gina inicial, a publica\u00e7\u00f5es ou a outras informa\u00e7\u00f5es do s\u00edtio Web, desde que a liga\u00e7\u00e3o (a) n\u00e3o seja de forma alguma enganadora; (b) n\u00e3o implique falsamente o patroc\u00ednio, o endosso ou a aprova\u00e7\u00e3o da parte que estabelece a liga\u00e7\u00e3o e dos seus produtos ou servi\u00e7os; e (c) se enquadre no contexto do s\u00edtio da parte que estabelece a liga\u00e7\u00e3o. Se estiver entre as organiza\u00e7\u00f5es enumeradas no par\u00e1grafo 2 acima e estiver interessado em estabelecer uma liga\u00e7\u00e3o ao nosso s\u00edtio Web, deve notificar-nos enviando uma mensagem de correio electr\u00f3nico para sdmemorycardsworld@gmail.com<\/p>\n<p>Por favor, inclua o seu nome, o nome da sua organiza\u00e7\u00e3o, informa\u00e7\u00f5es de contacto (tais como um n\u00famero de telefone e\/ou endere\u00e7o de correio electr\u00f3nico), bem como o URL do seu s\u00edtio, uma lista de quaisquer URLs a partir dos quais tenciona estabelecer uma liga\u00e7\u00e3o ao nosso s\u00edtio Web e uma lista do(s) URL(s) do nosso s\u00edtio para o qual gostaria de estabelecer uma liga\u00e7\u00e3o. Aguarde 2 a 3 semanas por uma resposta. As organiza\u00e7\u00f5es aprovadas podem criar hiperliga\u00e7\u00f5es para o nosso s\u00edtio Web da seguinte forma:<\/p>\n<ul>\n<li>Atrav\u00e9s da utiliza\u00e7\u00e3o da nossa denomina\u00e7\u00e3o social; ou<\/li>\n<li>Atrav\u00e9s da utiliza\u00e7\u00e3o do localizador uniforme de recursos (endere\u00e7o Web) para o qual se est\u00e1 a ligar; ou<\/li>\n<li>Atrav\u00e9s da utiliza\u00e7\u00e3o de qualquer outra descri\u00e7\u00e3o do nosso s\u00edtio Web ou do material para o qual est\u00e1 ligado que fa\u00e7a sentido no \u00e2mbito do<br \/>contexto e formato do conte\u00fado do s\u00edtio da parte que estabelece a liga\u00e7\u00e3o.<\/li>\n<\/ul>\n<h2><strong>Reserva de direitos<\/strong><\/h2>\n<p>Reservamo-nos o direito de, a qualquer momento e segundo o seu crit\u00e9rio exclusivo, solicitar a remo\u00e7\u00e3o de todas as liga\u00e7\u00f5es ou de qualquer liga\u00e7\u00e3o espec\u00edfica ao nosso s\u00edtio Web. O utilizador concorda em remover imediatamente todas as liga\u00e7\u00f5es ao nosso s\u00edtio Web mediante tal pedido. Tamb\u00e9m nos reservamos o direito de alterar estes termos e condi\u00e7\u00f5es e a sua pol\u00edtica de liga\u00e7\u00f5es em qualquer altura. Ao continuar a estabelecer uma liga\u00e7\u00e3o ao nosso s\u00edtio Web, o utilizador concorda em estar vinculado a estes termos e condi\u00e7\u00f5es de liga\u00e7\u00e3o e em respeit\u00e1-los.<\/p>\n<h2><strong>Remo\u00e7\u00e3o de liga\u00e7\u00f5es do nosso s\u00edtio Web<\/strong><\/h2>\n<p>Se, por qualquer motivo, considerar que qualquer liga\u00e7\u00e3o no nosso s\u00edtio Web ou em qualquer s\u00edtio Web ligado \u00e9 censur\u00e1vel, pode contactar-nos. Analisaremos os pedidos de remo\u00e7\u00e3o de liga\u00e7\u00f5es, mas n\u00e3o temos qualquer obriga\u00e7\u00e3o de o fazer ou de responder directamente ao utilizador. Embora nos esforcemos por garantir que as informa\u00e7\u00f5es contidas neste s\u00edtio Web estejam correctas, n\u00e3o garantimos a sua exaustividade ou exactid\u00e3o; nem nos comprometemos a garantir que o s\u00edtio Web permane\u00e7a dispon\u00edvel ou que o material nele contido seja mantido actualizado.<\/p>\n<h2><strong>Responsabilidade pelo conte\u00fado<\/strong><\/h2>\n<p>N\u00e3o teremos qualquer responsabilidade ou obriga\u00e7\u00e3o por qualquer conte\u00fado que apare\u00e7a no seu s\u00edtio Web. O utilizador concorda em indemnizar-nos e defender-nos contra todas as reclama\u00e7\u00f5es decorrentes ou baseadas no seu s\u00edtio Web. Nenhuma liga\u00e7\u00e3o pode aparecer em qualquer p\u00e1gina do seu s\u00edtio Web ou em qualquer contexto que contenha conte\u00fados ou materiais que possam ser interpretados como difamat\u00f3rios, obscenos ou criminosos, ou que infrinjam, violem ou defendam a infrac\u00e7\u00e3o ou outra viola\u00e7\u00e3o de quaisquer direitos de terceiros.<\/p>\n<h2><strong>Declara\u00e7\u00e3o de exonera\u00e7\u00e3o de responsabilidade<\/strong><\/h2>\n<p>Na medida m\u00e1xima permitida pela lei aplic\u00e1vel, exclu\u00edmos todas as representa\u00e7\u00f5es, garantias e condi\u00e7\u00f5es relacionadas com o nosso s\u00edtio Web e a utiliza\u00e7\u00e3o deste s\u00edtio Web (incluindo, sem limita\u00e7\u00e3o, quaisquer garantias impl\u00edcitas por lei relativamente \u00e0 qualidade satisfat\u00f3ria, adequa\u00e7\u00e3o ao objectivo e\/ou utiliza\u00e7\u00e3o de cuidados e compet\u00eancias razo\u00e1veis). Nada nesta declara\u00e7\u00e3o de exonera\u00e7\u00e3o de responsabilidade ser\u00e1:<\/p>\n<ul>\n<li>limitar ou excluir a nossa ou a sua responsabilidade por morte ou danos pessoais resultantes de neglig\u00eancia;<\/li>\n<li>limitar ou excluir a nossa ou a sua responsabilidade por fraude ou falsas declara\u00e7\u00f5es fraudulentas;<\/li>\n<li>limitar qualquer uma das nossas ou das suas responsabilidades de qualquer forma que n\u00e3o seja permitida pela lei aplic\u00e1vel; ou<\/li>\n<li>excluir qualquer responsabilidade nossa ou do utilizador que n\u00e3o possa ser exclu\u00edda ao abrigo da legisla\u00e7\u00e3o aplic\u00e1vel.<\/li>\n<\/ul>\n<p>As limita\u00e7\u00f5es e exclus\u00f5es de responsabilidade estabelecidas nesta sec\u00e7\u00e3o e noutras partes da presente declara\u00e7\u00e3o de exonera\u00e7\u00e3o de responsabilidade: (a) est\u00e3o sujeitas ao par\u00e1grafo anterior; e (b) regem todas as responsabilidades decorrentes da declara\u00e7\u00e3o de exonera\u00e7\u00e3o de responsabilidade ou relacionadas com o objecto da presente declara\u00e7\u00e3o de exonera\u00e7\u00e3o de responsabilidade, incluindo responsabilidades decorrentes de contrato, delito civil (incluindo neglig\u00eancia) e viola\u00e7\u00e3o de deveres legais. Na medida em que o s\u00edtio Web e as informa\u00e7\u00f5es e servi\u00e7os nele contidos s\u00e3o fornecidos gratuitamente, n\u00e3o seremos respons\u00e1veis por quaisquer perdas ou danos de qualquer natureza.<\/p>\n<h2><strong>Declara\u00e7\u00e3o de exonera\u00e7\u00e3o de responsabilidade<\/strong><\/h2>\n<p>Qualquer men\u00e7\u00e3o de marcas e marcas registadas \u00e9 meramente para fins ilustrativos e educativos. Sd-memory-cards.net n\u00e3o est\u00e1 associado a nenhum produto mencionado neste s\u00edtio Web. Todas as marcas registadas s\u00e3o propriedade dos seus respectivos donos.<\/p>\n<p>Para manter o site activo, sd-memory-cards.net recebe uma pequena percentagem da Amazon por qualquer produto que tenha sido comprado atrav\u00e9s dos links de afiliados da Amazon presentes nas avalia\u00e7\u00f5es.<\/p>\n<p>\u00a0<\/p>\n<p><em>Direitos de autor sd-memory-cards.net. \u00a9 2020 Todos os direitos reservados.<\/em><\/p>\n[\/et_pb_text][\/et_pb_column][\/et_pb_row][\/et_pb_section]\n<div style='text-align:left' class='yasr-auto-insert-visitor'><\/div>","protected":false},"excerpt":{"rendered":"<p>These terms and conditions outline the rules and regulations for the use of SD Memory Cards website. By accessing this website we assume you&#8230;<\/p>","protected":false},"author":11,"featured_media":0,"parent":0,"menu_order":0,"comment_status":"closed","ping_status":"closed","template":"","meta":{"_et_pb_use_builder":"on","_et_pb_old_content":"","_et_gb_content_width":"","yasr_overall_rating":0,"yasr_post_is_review":"","yasr_auto_insert_disabled":"","yasr_review_type":"","footnotes":""},"class_list":["post-13888","page","type-page","status-publish","hentry"],"yoast_head":"<!-- This site is optimized with the Yoast SEO Premium plugin v19.2.1 (Yoast SEO v27.3) - https:\/\/yoast.com\/product\/yoast-seo-premium-wordpress\/ -->\n<title>Terms and Conditions &#187; SD Memory Cards<\/title>\n<meta name=\"description\" content=\"For rules and regulations regarding the use of our website (cookies, hyperlinking, commenting) please read our terms and conditions page.\" \/>\n<meta name=\"robots\" content=\"index, follow, max-snippet:-1, max-image-preview:large, max-video-preview:-1\" \/>\n<link rel=\"canonical\" href=\"https:\/\/sd-memory-cards.net\/pt\/termos-e-condicoes\/\" \/>\n<meta property=\"og:locale\" content=\"pt_PT\" \/>\n<meta property=\"og:type\" content=\"article\" \/>\n<meta property=\"og:title\" content=\"Terms and Conditions\" \/>\n<meta property=\"og:description\" content=\"For rules and regulations regarding the use of our website (cookies, hyperlinking, commenting) please read our terms and conditions page.\" \/>\n<meta property=\"og:url\" content=\"https:\/\/sd-memory-cards.net\/pt\/termos-e-condicoes\/\" \/>\n<meta property=\"og:site_name\" content=\"SD Memory Cards\" \/>\n<meta property=\"article:publisher\" content=\"https:\/\/www.facebook.com\/profile.php?id=100068407795273\" \/>\n<meta property=\"article:modified_time\" content=\"2020-06-21T12:50:12+00:00\" \/>\n<meta name=\"twitter:card\" content=\"summary_large_image\" \/>\n<meta name=\"twitter:label1\" content=\"Tempo estimado de leitura\" \/>\n\t<meta name=\"twitter:data1\" content=\"9 minutos\" \/>\n<script type=\"application\/ld+json\" class=\"yoast-schema-graph\">{\"@context\":\"https:\\\/\\\/schema.org\",\"@graph\":[{\"@type\":\"WebPage\",\"@id\":\"https:\\\/\\\/sd-memory-cards.net\\\/terms-and-conditions\\\/\",\"url\":\"https:\\\/\\\/sd-memory-cards.net\\\/terms-and-conditions\\\/\",\"name\":\"Terms and Conditions &#187; SD Memory Cards\",\"isPartOf\":{\"@id\":\"https:\\\/\\\/sd-memory-cards.net\\\/#website\"},\"datePublished\":\"2018-12-14T13:40:36+00:00\",\"dateModified\":\"2020-06-21T12:50:12+00:00\",\"description\":\"For rules and regulations regarding the use of our website (cookies, hyperlinking, commenting) please read our terms and conditions page.\",\"inLanguage\":\"pt-PT\",\"potentialAction\":[{\"@type\":\"ReadAction\",\"target\":[\"https:\\\/\\\/sd-memory-cards.net\\\/terms-and-conditions\\\/\"]}]},{\"@type\":\"WebSite\",\"@id\":\"https:\\\/\\\/sd-memory-cards.net\\\/#website\",\"url\":\"https:\\\/\\\/sd-memory-cards.net\\\/\",\"name\":\"SD Memory Cards\",\"description\":\"Everything about Memory Cards &amp; Storage Devices\",\"publisher\":{\"@id\":\"https:\\\/\\\/sd-memory-cards.net\\\/#organization\"},\"potentialAction\":[{\"@type\":\"SearchAction\",\"target\":{\"@type\":\"EntryPoint\",\"urlTemplate\":\"https:\\\/\\\/sd-memory-cards.net\\\/?s={search_term_string}\"},\"query-input\":{\"@type\":\"PropertyValueSpecification\",\"valueRequired\":true,\"valueName\":\"search_term_string\"}}],\"inLanguage\":\"pt-PT\"},{\"@type\":\"Organization\",\"@id\":\"https:\\\/\\\/sd-memory-cards.net\\\/#organization\",\"name\":\"SD Memory Cards\",\"url\":\"https:\\\/\\\/sd-memory-cards.net\\\/\",\"logo\":{\"@type\":\"ImageObject\",\"inLanguage\":\"pt-PT\",\"@id\":\"https:\\\/\\\/sd-memory-cards.net\\\/#\\\/schema\\\/logo\\\/image\\\/\",\"url\":\"https:\\\/\\\/sd-memory-cards.net\\\/wp-content\\\/uploads\\\/2022\\\/11\\\/sd-memory-cards-logo.png\",\"contentUrl\":\"https:\\\/\\\/sd-memory-cards.net\\\/wp-content\\\/uploads\\\/2022\\\/11\\\/sd-memory-cards-logo.png\",\"width\":748,\"height\":148,\"caption\":\"SD Memory Cards\"},\"image\":{\"@id\":\"https:\\\/\\\/sd-memory-cards.net\\\/#\\\/schema\\\/logo\\\/image\\\/\"},\"sameAs\":[\"https:\\\/\\\/www.facebook.com\\\/profile.php?id=100068407795273\"]},false]}<\/script>\n<!-- \/ Yoast SEO Premium plugin. -->","yoast_head_json":{"title":"Terms and Conditions &#187; SD Memory Cards","description":"For rules and regulations regarding the use of our website (cookies, hyperlinking, commenting) please read our terms and conditions page.","robots":{"index":"index","follow":"follow","max-snippet":"max-snippet:-1","max-image-preview":"max-image-preview:large","max-video-preview":"max-video-preview:-1"},"canonical":"https:\/\/sd-memory-cards.net\/pt\/termos-e-condicoes\/","og_locale":"pt_PT","og_type":"article","og_title":"Terms and Conditions","og_description":"For rules and regulations regarding the use of our website (cookies, hyperlinking, commenting) please read our terms and conditions page.","og_url":"https:\/\/sd-memory-cards.net\/pt\/termos-e-condicoes\/","og_site_name":"SD Memory Cards","article_publisher":"https:\/\/www.facebook.com\/profile.php?id=100068407795273","article_modified_time":"2020-06-21T12:50:12+00:00","twitter_card":"summary_large_image","twitter_misc":{"Tempo estimado de leitura":"9 minutos"},"schema":{"@context":"https:\/\/schema.org","@graph":[{"@type":"WebPage","@id":"https:\/\/sd-memory-cards.net\/terms-and-conditions\/","url":"https:\/\/sd-memory-cards.net\/terms-and-conditions\/","name":"Terms and Conditions &#187; SD Memory Cards","isPartOf":{"@id":"https:\/\/sd-memory-cards.net\/#website"},"datePublished":"2018-12-14T13:40:36+00:00","dateModified":"2020-06-21T12:50:12+00:00","description":"For rules and regulations regarding the use of our website (cookies, hyperlinking, commenting) please read our terms and conditions page.","inLanguage":"pt-PT","potentialAction":[{"@type":"ReadAction","target":["https:\/\/sd-memory-cards.net\/terms-and-conditions\/"]}]},{"@type":"WebSite","@id":"https:\/\/sd-memory-cards.net\/#website","url":"https:\/\/sd-memory-cards.net\/","name":"SD Memory Cards","description":"Everything about Memory Cards &amp; Storage Devices","publisher":{"@id":"https:\/\/sd-memory-cards.net\/#organization"},"potentialAction":[{"@type":"SearchAction","target":{"@type":"EntryPoint","urlTemplate":"https:\/\/sd-memory-cards.net\/?s={search_term_string}"},"query-input":{"@type":"PropertyValueSpecification","valueRequired":true,"valueName":"search_term_string"}}],"inLanguage":"pt-PT"},{"@type":"Organization","@id":"https:\/\/sd-memory-cards.net\/#organization","name":"SD Memory Cards","url":"https:\/\/sd-memory-cards.net\/","logo":{"@type":"ImageObject","inLanguage":"pt-PT","@id":"https:\/\/sd-memory-cards.net\/#\/schema\/logo\/image\/","url":"https:\/\/sd-memory-cards.net\/wp-content\/uploads\/2022\/11\/sd-memory-cards-logo.png","contentUrl":"https:\/\/sd-memory-cards.net\/wp-content\/uploads\/2022\/11\/sd-memory-cards-logo.png","width":748,"height":148,"caption":"SD Memory Cards"},"image":{"@id":"https:\/\/sd-memory-cards.net\/#\/schema\/logo\/image\/"},"sameAs":["https:\/\/www.facebook.com\/profile.php?id=100068407795273"]},false]}},"yasr_visitor_votes":{"stars_attributes":{"read_only":false,"span_bottom":false},"number_of_votes":0,"sum_votes":0},"amp_enabled":true,"_links":{"self":[{"href":"https:\/\/sd-memory-cards.net\/pt\/wp-json\/wp\/v2\/pages\/13888","targetHints":{"allow":["GET"]}}],"collection":[{"href":"https:\/\/sd-memory-cards.net\/pt\/wp-json\/wp\/v2\/pages"}],"about":[{"href":"https:\/\/sd-memory-cards.net\/pt\/wp-json\/wp\/v2\/types\/page"}],"author":[{"embeddable":true,"href":"https:\/\/sd-memory-cards.net\/pt\/wp-json\/wp\/v2\/users\/11"}],"replies":[{"embeddable":true,"href":"https:\/\/sd-memory-cards.net\/pt\/wp-json\/wp\/v2\/comments?post=13888"}],"version-history":[{"count":0,"href":"https:\/\/sd-memory-cards.net\/pt\/wp-json\/wp\/v2\/pages\/13888\/revisions"}],"wp:attachment":[{"href":"https:\/\/sd-memory-cards.net\/pt\/wp-json\/wp\/v2\/media?parent=13888"}],"curies":[{"name":"wp","href":"https:\/\/api.w.org\/{rel}","templated":true}]}}