{"id":13965,"date":"2018-12-10T15:08:13","date_gmt":"2018-12-10T23:08:13","guid":{"rendered":"https:\/\/sd-memory-cards.net\/?page_id=13965"},"modified":"2021-05-20T21:55:13","modified_gmt":"2021-05-20T20:55:13","slug":"about","status":"publish","type":"page","link":"https:\/\/sd-memory-cards.net\/pt\/sobre\/","title":{"rendered":"Sobre"},"content":{"rendered":"<p>Ol\u00e1 e bem-vindo ao SD Cart\u00f5es de Mem\u00f3ria. Neste site, o nosso principal objectivo \u00e9 fornecer an\u00e1lises \u00fateis sobre armazenamento electr\u00f3nico, desde cart\u00f5es de mem\u00f3ria SD a mem\u00f3ria RAM, HDD\/SSD, pen drives e muito mais!<\/p>\n<p>Todas as an\u00e1lises, incluindo testes de velocidade e tutoriais t\u00e9cnicos, s\u00e3o escritas pelos nossos colaboradores t\u00e9cnicos, que s\u00e3o especialistas nesta \u00e1rea e gostam de partilhar informa\u00e7\u00f5es \u00fateis com os nossos leitores atrav\u00e9s de artigos f\u00e1ceis de compreender.<\/p>\n<p>Se se enquadra numa destas descri\u00e7\u00f5es...<\/p>\n<ul>\n<li>comprou uma m\u00e1quina fotogr\u00e1fica mas n\u00e3o tem a certeza do cart\u00e3o de mem\u00f3ria a utilizar<\/li>\n<li>o seu cart\u00e3o de mem\u00f3ria est\u00e1 corrompido\/com defeito e n\u00e3o sabe o que fazer<\/li>\n<li>pretende expandir a mem\u00f3ria RAM ou o armazenamento do disco r\u00edgido do seu computador<\/li>\n<li>pretende saber mais sobre solu\u00e7\u00f5es de armazenamento<\/li>\n<\/ul>\n<p>ent\u00e3o est\u00e1 no s\u00edtio certo!<\/p>\n<h2><strong>Come\u00e7ar a trabalhar<\/strong><\/h2>\n<p>Para come\u00e7ar, recomendamos vivamente estas \u00e1reas do nosso s\u00edtio:<\/p>\n<ul>\n<li><a href=\"https:\/\/sd-memory-cards.net\/best-memory-cards\/\" target=\"_blank\" rel=\"noopener noreferrer\">Cart\u00f5es de mem\u00f3ria<\/a> - O local central para todas as nossas an\u00e1lises sobre Cart\u00f5es de Mem\u00f3ria e Adaptadores SD<\/li>\n<li><a href=\"https:\/\/sd-memory-cards.net\/hard-drives\/\" target=\"_blank\" rel=\"noopener noreferrer\">Discos r\u00edgidos<\/a> - Tudo sobre discos r\u00edgidos internos e externos para PC e Mac<\/li>\n<li><a href=\"https:\/\/sd-memory-cards.net\/ssd-drives\/\" target=\"_blank\" rel=\"noopener noreferrer\">Accionamentos SSD<\/a> - Not\u00edcias e an\u00e1lises das mais recentes unidades de estado s\u00f3lido<\/li>\n<li><a href=\"https:\/\/sd-memory-cards.net\/ram-memory\/\" target=\"_blank\" rel=\"noopener noreferrer\">Mem\u00f3ria RAM<\/a> - Precisa de aumentar a RAM do seu PC? Leia as nossas \u00faltimas an\u00e1lises de RAM DDR4 e DDR5<\/li>\n<li><a href=\"https:\/\/sd-memory-cards.net\/usb-fash-drives\/\" target=\"_blank\" rel=\"noopener noreferrer\">Unidades Flash USB<\/a> - An\u00e1lises e testes de velocidade das melhores unidades flash USB do mercado actual<\/li>\n<\/ul>\n<h2><strong>Sobre os cart\u00f5es de mem\u00f3ria SD<\/strong><\/h2>\n<p>SD Memory Cards \u00e9 gerido por Andy, <span class=\"s1\">cineasta e tamb\u00e9m criador de www.projectgo.pro, o maior s\u00edtio de forma\u00e7\u00e3o sobre c\u00e2maras de ac\u00e7\u00e3o e GoPro.<\/span><\/p>\n<p><span class=\"s1\">Criou os cart\u00f5es de mem\u00f3ria SD depois de se aperceber que os seus colegas fot\u00f3grafos e cineastas estavam constantemente \u00e0 procura de conselhos sobre o melhor SD Card para as suas c\u00e2maras, bem como de solu\u00e7\u00f5es de armazenamento em disco r\u00edgido para armazenar e fazer c\u00f3pias de seguran\u00e7a dos seus conte\u00fados em seguran\u00e7a.<\/span><\/p>\n<h2><strong>Miss\u00e3o<\/strong><\/h2>\n<p>A nossa miss\u00e3o com os Cart\u00f5es de Mem\u00f3ria SD \u00e9 fornecer informa\u00e7\u00f5es \u00fateis sobre solu\u00e7\u00f5es de armazenamento que sejam imparciais e f\u00e1ceis de compreender por qualquer pessoa, incluindo pessoas n\u00e3o t\u00e9cnicas. Estamos muito satisfeitos por ajudar centenas de fot\u00f3grafos, criadores de v\u00eddeo e todo o tipo de criadores de conte\u00fados atrav\u00e9s dos nossos recursos originais.<\/p>\n<h2><strong>Perguntas e preocupa\u00e7\u00f5es<\/strong><\/h2>\n<p>Se tiver alguma d\u00favida sobre os cart\u00f5es de mem\u00f3ria SD, consulte a nossa <a href=\"\/contact\/\">perguntas frequentes<\/a>. Em alternativa, pode encontrar-nos em <a href=\"https:\/\/www.facebook.com\/SD-Memory-Cards-106487167714650\/\" target=\"_blank\" rel=\"noopener noreferrer\">Facebook<\/a> ou por correio electr\u00f3nico para <a href=\"mailto:sdmemorycardsworld@gmail.com\" target=\"_blank\" rel=\"noopener noreferrer\">sdmemorycardsworld@gmail.com<\/a>. Agradecemos o tempo despendido para ler este texto e esperamos v\u00ea-lo no s\u00edtio!<\/p>\n<h2><strong>Colabora\u00e7\u00f5es<\/strong><\/h2>\n<p>\u00c9 um perito em tecnologia e gostaria de contribuir para o crescimento dos nossos recursos em linha? <a href=\"mailto:sdmemorycardsworld@gmail.com\">Entre em contacto connosco!<\/a><\/p>\n<div style='text-align:left' class='yasr-auto-insert-visitor'><\/div>","protected":false},"excerpt":{"rendered":"<p>Hello and welcome to SD Memory Cards. In this website our main goal is to provide helpful reviews about electronic storage, from SD memory cards&#8230;<\/p>","protected":false},"author":11,"featured_media":0,"parent":0,"menu_order":0,"comment_status":"closed","ping_status":"closed","template":"","meta":{"_et_pb_use_builder":"","_et_pb_old_content":"","_et_gb_content_width":"","yasr_overall_rating":0,"yasr_post_is_review":"","yasr_auto_insert_disabled":"","yasr_review_type":"","footnotes":""},"class_list":["post-13965","page","type-page","status-publish","hentry"],"yoast_head":"<!-- This site is optimized with the Yoast SEO Premium plugin v19.2.1 (Yoast SEO v27.3) - https:\/\/yoast.com\/product\/yoast-seo-premium-wordpress\/ -->\n<title>About &#187; SD Memory Cards<\/title>\n<meta name=\"description\" content=\"To learn more about SD Memory Cards and our mission to provide useful storage solutions to all content creators, visit our about page.\" \/>\n<meta name=\"robots\" content=\"index, follow, max-snippet:-1, max-image-preview:large, max-video-preview:-1\" \/>\n<link rel=\"canonical\" href=\"https:\/\/sd-memory-cards.net\/pt\/sobre\/\" \/>\n<meta property=\"og:locale\" content=\"pt_PT\" \/>\n<meta property=\"og:type\" content=\"article\" \/>\n<meta property=\"og:title\" content=\"About\" \/>\n<meta property=\"og:description\" content=\"To learn more about SD Memory Cards and our mission to provide useful storage solutions to all content creators, visit our about page.\" \/>\n<meta property=\"og:url\" content=\"https:\/\/sd-memory-cards.net\/pt\/sobre\/\" \/>\n<meta property=\"og:site_name\" content=\"SD Memory Cards\" \/>\n<meta property=\"article:publisher\" content=\"https:\/\/www.facebook.com\/profile.php?id=100068407795273\" \/>\n<meta property=\"article:modified_time\" content=\"2021-05-20T20:55:13+00:00\" \/>\n<meta name=\"twitter:card\" content=\"summary_large_image\" \/>\n<meta name=\"twitter:label1\" content=\"Tempo estimado de leitura\" \/>\n\t<meta name=\"twitter:data1\" content=\"2 minutos\" \/>\n<script type=\"application\/ld+json\" class=\"yoast-schema-graph\">{\"@context\":\"https:\\\/\\\/schema.org\",\"@graph\":[{\"@type\":\"WebPage\",\"@id\":\"https:\\\/\\\/sd-memory-cards.net\\\/about\\\/\",\"url\":\"https:\\\/\\\/sd-memory-cards.net\\\/about\\\/\",\"name\":\"About &#187; SD Memory Cards\",\"isPartOf\":{\"@id\":\"https:\\\/\\\/sd-memory-cards.net\\\/#website\"},\"datePublished\":\"2018-12-10T23:08:13+00:00\",\"dateModified\":\"2021-05-20T20:55:13+00:00\",\"description\":\"To learn more about SD Memory Cards and our mission to provide useful storage solutions to all content creators, visit our about page.\",\"inLanguage\":\"pt-PT\",\"potentialAction\":[{\"@type\":\"ReadAction\",\"target\":[\"https:\\\/\\\/sd-memory-cards.net\\\/about\\\/\"]}]},{\"@type\":\"WebSite\",\"@id\":\"https:\\\/\\\/sd-memory-cards.net\\\/#website\",\"url\":\"https:\\\/\\\/sd-memory-cards.net\\\/\",\"name\":\"SD Memory Cards\",\"description\":\"Everything about Memory Cards &amp; Storage Devices\",\"publisher\":{\"@id\":\"https:\\\/\\\/sd-memory-cards.net\\\/#organization\"},\"potentialAction\":[{\"@type\":\"SearchAction\",\"target\":{\"@type\":\"EntryPoint\",\"urlTemplate\":\"https:\\\/\\\/sd-memory-cards.net\\\/?s={search_term_string}\"},\"query-input\":{\"@type\":\"PropertyValueSpecification\",\"valueRequired\":true,\"valueName\":\"search_term_string\"}}],\"inLanguage\":\"pt-PT\"},{\"@type\":\"Organization\",\"@id\":\"https:\\\/\\\/sd-memory-cards.net\\\/#organization\",\"name\":\"SD Memory Cards\",\"url\":\"https:\\\/\\\/sd-memory-cards.net\\\/\",\"logo\":{\"@type\":\"ImageObject\",\"inLanguage\":\"pt-PT\",\"@id\":\"https:\\\/\\\/sd-memory-cards.net\\\/#\\\/schema\\\/logo\\\/image\\\/\",\"url\":\"https:\\\/\\\/sd-memory-cards.net\\\/wp-content\\\/uploads\\\/2022\\\/11\\\/sd-memory-cards-logo.png\",\"contentUrl\":\"https:\\\/\\\/sd-memory-cards.net\\\/wp-content\\\/uploads\\\/2022\\\/11\\\/sd-memory-cards-logo.png\",\"width\":748,\"height\":148,\"caption\":\"SD Memory Cards\"},\"image\":{\"@id\":\"https:\\\/\\\/sd-memory-cards.net\\\/#\\\/schema\\\/logo\\\/image\\\/\"},\"sameAs\":[\"https:\\\/\\\/www.facebook.com\\\/profile.php?id=100068407795273\"]},false]}<\/script>\n<!-- \/ Yoast SEO Premium plugin. -->","yoast_head_json":{"title":"About &#187; SD Memory Cards","description":"To learn more about SD Memory Cards and our mission to provide useful storage solutions to all content creators, visit our about page.","robots":{"index":"index","follow":"follow","max-snippet":"max-snippet:-1","max-image-preview":"max-image-preview:large","max-video-preview":"max-video-preview:-1"},"canonical":"https:\/\/sd-memory-cards.net\/pt\/sobre\/","og_locale":"pt_PT","og_type":"article","og_title":"About","og_description":"To learn more about SD Memory Cards and our mission to provide useful storage solutions to all content creators, visit our about page.","og_url":"https:\/\/sd-memory-cards.net\/pt\/sobre\/","og_site_name":"SD Memory Cards","article_publisher":"https:\/\/www.facebook.com\/profile.php?id=100068407795273","article_modified_time":"2021-05-20T20:55:13+00:00","twitter_card":"summary_large_image","twitter_misc":{"Tempo estimado de leitura":"2 minutos"},"schema":{"@context":"https:\/\/schema.org","@graph":[{"@type":"WebPage","@id":"https:\/\/sd-memory-cards.net\/about\/","url":"https:\/\/sd-memory-cards.net\/about\/","name":"About &#187; SD Memory Cards","isPartOf":{"@id":"https:\/\/sd-memory-cards.net\/#website"},"datePublished":"2018-12-10T23:08:13+00:00","dateModified":"2021-05-20T20:55:13+00:00","description":"To learn more about SD Memory Cards and our mission to provide useful storage solutions to all content creators, visit our about page.","inLanguage":"pt-PT","potentialAction":[{"@type":"ReadAction","target":["https:\/\/sd-memory-cards.net\/about\/"]}]},{"@type":"WebSite","@id":"https:\/\/sd-memory-cards.net\/#website","url":"https:\/\/sd-memory-cards.net\/","name":"SD Memory Cards","description":"Everything about Memory Cards &amp; Storage Devices","publisher":{"@id":"https:\/\/sd-memory-cards.net\/#organization"},"potentialAction":[{"@type":"SearchAction","target":{"@type":"EntryPoint","urlTemplate":"https:\/\/sd-memory-cards.net\/?s={search_term_string}"},"query-input":{"@type":"PropertyValueSpecification","valueRequired":true,"valueName":"search_term_string"}}],"inLanguage":"pt-PT"},{"@type":"Organization","@id":"https:\/\/sd-memory-cards.net\/#organization","name":"SD Memory Cards","url":"https:\/\/sd-memory-cards.net\/","logo":{"@type":"ImageObject","inLanguage":"pt-PT","@id":"https:\/\/sd-memory-cards.net\/#\/schema\/logo\/image\/","url":"https:\/\/sd-memory-cards.net\/wp-content\/uploads\/2022\/11\/sd-memory-cards-logo.png","contentUrl":"https:\/\/sd-memory-cards.net\/wp-content\/uploads\/2022\/11\/sd-memory-cards-logo.png","width":748,"height":148,"caption":"SD Memory Cards"},"image":{"@id":"https:\/\/sd-memory-cards.net\/#\/schema\/logo\/image\/"},"sameAs":["https:\/\/www.facebook.com\/profile.php?id=100068407795273"]},false]}},"yasr_visitor_votes":{"stars_attributes":{"read_only":false,"span_bottom":false},"number_of_votes":0,"sum_votes":0},"amp_enabled":true,"_links":{"self":[{"href":"https:\/\/sd-memory-cards.net\/pt\/wp-json\/wp\/v2\/pages\/13965","targetHints":{"allow":["GET"]}}],"collection":[{"href":"https:\/\/sd-memory-cards.net\/pt\/wp-json\/wp\/v2\/pages"}],"about":[{"href":"https:\/\/sd-memory-cards.net\/pt\/wp-json\/wp\/v2\/types\/page"}],"author":[{"embeddable":true,"href":"https:\/\/sd-memory-cards.net\/pt\/wp-json\/wp\/v2\/users\/11"}],"replies":[{"embeddable":true,"href":"https:\/\/sd-memory-cards.net\/pt\/wp-json\/wp\/v2\/comments?post=13965"}],"version-history":[{"count":0,"href":"https:\/\/sd-memory-cards.net\/pt\/wp-json\/wp\/v2\/pages\/13965\/revisions"}],"wp:attachment":[{"href":"https:\/\/sd-memory-cards.net\/pt\/wp-json\/wp\/v2\/media?parent=13965"}],"curies":[{"name":"wp","href":"https:\/\/api.w.org\/{rel}","templated":true}]}}