{"id":9508,"date":"2015-02-06T20:10:07","date_gmt":"2015-02-07T04:10:07","guid":{"rendered":"https:\/\/sd-memory-cards.net\/privacy-policy\/"},"modified":"2020-07-16T00:12:17","modified_gmt":"2020-07-15T23:12:17","slug":"privacy-policy","status":"publish","type":"page","link":"https:\/\/sd-memory-cards.net\/pt\/politica-de-privacidade\/","title":{"rendered":"Pol\u00edtica de Privacidade"},"content":{"rendered":"[et_pb_section fb_built=&#8221;1&#8243; _builder_version=&#8221;3.22&#8243;][et_pb_row _builder_version=&#8221;3.25&#8243; background_size=&#8221;initial&#8221; background_position=&#8221;top_left&#8221; background_repeat=&#8221;repeat&#8221;][et_pb_column type=&#8221;4_4&#8243; _builder_version=&#8221;3.25&#8243; custom_padding=&#8221;|||&#8221; custom_padding__hover=&#8221;|||&#8221;][et_pb_text _builder_version=&#8221;4.5.1&#8243; hover_enabled=&#8221;0&#8243;]\n<p>\u00c9 pol\u00edtica do SD-Memory-Cards.net respeitar a sua privacidade em rela\u00e7\u00e3o a qualquer informa\u00e7\u00e3o que possamos recolher durante a opera\u00e7\u00e3o do nosso site. Esta pol\u00edtica de privacidade aplica-se a SD-Memory-Cards.net (doravante, \"n\u00f3s\", \"n\u00f3s\", ou \"https:\/\/sd-memory-cards.net\"). Respeitamos a sua privacidade e estamos empenhados em proteger a informa\u00e7\u00e3o pessoal identific\u00e1vel que nos possa fornecer atrav\u00e9s do website. Adopt\u00e1mos esta pol\u00edtica de privacidade (\"Pol\u00edtica de privacidade\") para explicar que informa\u00e7\u00f5es podem ser recolhidas no nosso s\u00edtio Web, como utilizamos essas informa\u00e7\u00f5es e em que circunst\u00e2ncias podemos divulgar as informa\u00e7\u00f5es a terceiros. Esta pol\u00edtica de privacidade aplica-se apenas \u00e0s informa\u00e7\u00f5es que recolhemos atrav\u00e9s do s\u00edtio Web e n\u00e3o se aplica \u00e0 nossa recolha de informa\u00e7\u00f5es de outras fontes. Esta pol\u00edtica de privacidade, juntamente com os <a href=\"\/terms-and-conditions\/\" target=\"_blank\" rel=\"noopener noreferrer\">termos e condi\u00e7\u00f5es<\/a> publicados no nosso s\u00edtio Web, estabelecem as regras e pol\u00edticas gerais que regem a sua utiliza\u00e7\u00e3o do nosso s\u00edtio Web. Dependendo das suas actividades ao visitar o nosso s\u00edtio Web, poder\u00e1 ser-lhe pedido que aceite termos e condi\u00e7\u00f5es adicionais.<\/p>\n<h2><strong>Visitantes do s\u00edtio Web<\/strong><\/h2>\n<p>Como a maioria dos operadores de sites, o SD-Memory-Cards.net recolhe informa\u00e7\u00f5es de identifica\u00e7\u00e3o n\u00e3o pessoal do tipo que os navegadores e servidores normalmente disponibilizam, como o tipo de navegador, a prefer\u00eancia de idioma, o site de refer\u00eancia e a data e hora de cada solicita\u00e7\u00e3o de visitante. O objectivo do SD-Memory-Cards.net ao recolher informa\u00e7\u00e3o de identifica\u00e7\u00e3o n\u00e3o pessoal \u00e9 compreender melhor como \u00e9 que os visitantes do SD-Memory-Cards.net usam o seu website. SD-Memory-Cards.net tamb\u00e9m recolhe informa\u00e7\u00e3o potencialmente identificadora de pessoas, como endere\u00e7os de Protocolo de Internet (IP) para utilizadores registados e para utilizadores que deixam coment\u00e1rios nos posts do blog SD-Memory-Cards.net. SD-Memory-Cards.net s\u00f3 divulga os endere\u00e7os IP dos utilizadores e comentadores registados nas mesmas circunst\u00e2ncias em que usa e divulga informa\u00e7\u00f5es de identifica\u00e7\u00e3o pessoal conforme descrito abaixo.<\/p>\n<h2><strong>Recolha de informa\u00e7\u00f5es de identifica\u00e7\u00e3o pessoal<\/strong><\/h2>\n<p>Certos visitantes do site SD-Memory-Cards.net optam por interagir com o SD-Memory-Cards.net de maneiras que exigem que o SD-Memory-Cards.net re\u00fana informa\u00e7\u00f5es de identifica\u00e7\u00e3o pessoal. A quantidade e o tipo de informa\u00e7\u00e3o que o SD-Memory-Cards.net recolhe depende da natureza da interac\u00e7\u00e3o. Por exemplo, pedimos aos visitantes que se inscrevem num blogue em SD-Memory-Cards.net que forne\u00e7am um nome de utilizador e um endere\u00e7o de e-mail.<\/p>\n<h2><strong>Seguran\u00e7a<\/strong><\/h2>\n<p>A seguran\u00e7a das suas informa\u00e7\u00f5es pessoais \u00e9 importante para n\u00f3s, mas lembre-se que nenhum m\u00e9todo de transmiss\u00e3o atrav\u00e9s da Internet ou m\u00e9todo de armazenamento electr\u00f3nico \u00e9 100% seguro. Embora nos esforcemos por utilizar meios comercialmente aceit\u00e1veis para proteger as suas informa\u00e7\u00f5es pessoais, n\u00e3o podemos garantir a sua seguran\u00e7a absoluta.<\/p>\n<h2><strong>Protec\u00e7\u00e3o de determinadas informa\u00e7\u00f5es de identifica\u00e7\u00e3o pessoal<\/strong><\/h2>\n<p>SD-Memory-Cards.net divulga informa\u00e7\u00f5es de identifica\u00e7\u00e3o pessoal e de identifica\u00e7\u00e3o pessoal apenas para seus funcion\u00e1rios, contratados e organiza\u00e7\u00f5es afiliadas que (i) precisam saber essas informa\u00e7\u00f5es para process\u00e1-las em nome de SD-Memory-Cards.net ou para fornecer servi\u00e7os dispon\u00edveis no site SD-Memory-Cards.net e (ii) que concordaram em n\u00e3o divulg\u00e1-las a terceiros. Alguns desses funcion\u00e1rios, contratados e organiza\u00e7\u00f5es afiliadas podem estar localizados fora do seu pa\u00eds de origem; ao usar o site SD-Memory-Cards.net, voc\u00ea concorda com a transfer\u00eancia dessas informa\u00e7\u00f5es para eles. O SD-Memory-Cards.net n\u00e3o alugar\u00e1 ou vender\u00e1 informa\u00e7\u00f5es de identifica\u00e7\u00e3o pessoal a ningu\u00e9m. Al\u00e9m de seus funcion\u00e1rios, contratados e organiza\u00e7\u00f5es afiliadas, conforme descrito acima, SD-Memory-Cards.net divulga informa\u00e7\u00f5es de identifica\u00e7\u00e3o pessoal e de identifica\u00e7\u00e3o pessoal apenas em resposta a uma intima\u00e7\u00e3o, ordem judicial ou outra solicita\u00e7\u00e3o governamental, ou quando SD-Memory-Cards.net acredita de boa f\u00e9 que a divulga\u00e7\u00e3o \u00e9 razoavelmente necess\u00e1ria para proteger a propriedade ou os direitos de SD-Memory-Cards.net, terceiros ou o p\u00fablico em geral.<\/p>\n<p>Se for um utilizador registado do SD-Memory-Cards.net e tiver fornecido o seu endere\u00e7o de email, o SD-Memory-Cards.net poder\u00e1 ocasionalmente enviar-lhe um email para lhe dar a conhecer novas funcionalidades, pedir a sua opini\u00e3o, ou simplesmente mant\u00ea-lo actualizado sobre o que se passa com o SD-Memory-Cards.net e os nossos produtos. Usamos principalmente o nosso blogue para comunicar este tipo de informa\u00e7\u00e3o, por isso esperamos manter este tipo de e-mail no m\u00ednimo. Se nos enviar um pedido (por exemplo, atrav\u00e9s de um e-mail de apoio ou atrav\u00e9s de um dos nossos mecanismos de feedback), reservamo-nos o direito de o publicar para nos ajudar a esclarecer ou responder ao seu pedido ou para nos ajudar a apoiar outros utilizadores. SD-Memory-Cards.net toma todas as medidas razoavelmente necess\u00e1rias para proteger contra o acesso n\u00e3o autorizado, uso, altera\u00e7\u00e3o ou destrui\u00e7\u00e3o de informa\u00e7\u00f5es de identifica\u00e7\u00e3o pessoal e de identifica\u00e7\u00e3o pessoal.<\/p>\n<h2><strong>Biscoitos<\/strong><\/h2>\n<p>Para enriquecer e aperfei\u00e7oar a sua experi\u00eancia online, SD-Memory-Cards.net usa \"Cookies\", tecnologias similares e servi\u00e7os fornecidos por outros para mostrar conte\u00fado personalizado, publicidade apropriada e guardar as suas prefer\u00eancias no seu computador. Um cookie \u00e9 uma sequ\u00eancia de informa\u00e7\u00f5es que um site armazena no computador de um visitante, e que o navegador do visitante fornece ao site cada vez que o visitante retorna. SD-Memory-Cards.net usa cookies para ajudar SD-Memory-Cards.net a identificar e seguir os visitantes, o seu uso de SD-Memory-Cards.net, e as suas prefer\u00eancias de acesso ao site. Os visitantes do SD-Memory-Cards.net que n\u00e3o desejem que os cookies sejam colocados nos seus computadores devem configurar os seus navegadores para recusar cookies antes de usar os sites SD-Memory-Cards.net, com a desvantagem de que certas caracter\u00edsticas do site SD-Memory-Cards.net podem n\u00e3o funcionar correctamente sem a ajuda de cookies. Ao continuar a navegar no nosso s\u00edtio Web sem alterar as suas defini\u00e7\u00f5es de cookies, reconhece e concorda com a utiliza\u00e7\u00e3o de cookies por parte de SD-Memory-Cards.net.<\/p>\n<h2><strong>Altera\u00e7\u00f5es \u00e0 pol\u00edtica de privacidade<\/strong><\/h2>\n<p>Embora a maioria das altera\u00e7\u00f5es sejam provavelmente pequenas, SD-Memory-Cards.net pode alterar a sua pol\u00edtica de privacidade de tempos a tempos, e a crit\u00e9rio exclusivo de SD-Memory-Cards.net. SD-Memory-Cards.net incentiva os visitantes a verificar frequentemente esta p\u00e1gina para quaisquer altera\u00e7\u00f5es \u00e0 sua pol\u00edtica de privacidade. O uso continuado deste site ap\u00f3s qualquer altera\u00e7\u00e3o nesta pol\u00edtica de privacidade constituir\u00e1 a sua aceita\u00e7\u00e3o de tal altera\u00e7\u00e3o.<\/p>\n<h2 class=\"headline\">Divulga\u00e7\u00e3o de afiliados da Amazon<\/h2>\n<p>SD-Memory-Cards.net \u00e9 um participante no Programa de Associados da Amazon Services LLC, um programa de publicidade de afiliados concebido para fornecer um meio para os sites ganharem taxas de publicidade atrav\u00e9s da publicidade e liga\u00e7\u00e3o a amazon.com.<\/p>\n<p>&nbsp;<\/p>\n<p><em>SD-Memory-Cards.net, EUA. Copyright \u00a9 2020 Todos os direitos reservados.<\/em><\/p>\n[\/et_pb_text][\/et_pb_column][\/et_pb_row][\/et_pb_section]\n<div style='text-align:left' class='yasr-auto-insert-visitor'><\/div>","protected":false},"excerpt":{"rendered":"<p>It is SD-Memory-Cards.net&#8217;s policy to respect your privacy regarding any information we may collect while operating our website. This privacy policy applies to SD-Memory-Cards.net&#8230;<\/p>","protected":false},"author":11,"featured_media":0,"parent":0,"menu_order":0,"comment_status":"open","ping_status":"closed","template":"","meta":{"_et_pb_use_builder":"on","_et_pb_old_content":"<p>This privacy policy has been compiled to better serve those who are concerned with how their 'Personally identifiable information' (PII) is being used online. PII, as used in US privacy law and information security, is information that can be used on its own or with other information to identify, contact, or locate a single person, or to identify an individual in context. Please read our privacy policy carefully to get a clear understanding of how we collect, use, protect or otherwise handle your Personally Identifiable Information in accordance with our website.<\/p><p><strong>What personal information do we collect from the people that visit our blog, website or app?<\/strong><\/p><p>When using our site, as appropriate, you may be asked to enter your name, email address or other details to help you with your experience.<\/p><p><strong>How do we use your information?<\/strong><\/p><p>We may use the information we collect from you when you register, make a purchase, sign up for our newsletter, unlock the content, respond to a survey or marketing communication, surf the website, or use certain other site features in the following ways:<\/p><ul><li>To personalize user's experience and to allow us to deliver the type of content and product offerings in which you are most interested<\/li><li>To improve our website in order to better serve you.<\/li><li>To allow us to better service you in responding to your customer service requests.<\/li><li>To administer a contest, promotion, survey or other site feature.<\/li><li>To send periodic emails regarding your order or other products and services.<\/li><\/ul><p><strong>Do we use 'cookies'?<\/strong><\/p><p>Yes. Cookies are small files that a site or its service provider transfers to your computer's hard drive through your Web browser (if you allow) that enables the site's or service provider's systems to recognize your browser and capture and remember certain information. For instance, we use cookies to help us remember and process the items in your shopping cart. They are also used to help us understand your preferences based on previous or current site activity, which enables us to provide you with improved services. We also use cookies to help us compile aggregate data about site traffic and site interaction so that we can offer better site experiences and tools in the future.<\/p><p>We use cookies to:<\/p><ul><li>Understand and save user's preferences for future visits.<\/li><li>Memorize the users who have unlocked access to premium content.<\/li><\/ul><p>If you disable cookies off, some features will be disabled. It will affect the users experience and some of our services will not function properly.<\/p><p><strong>Third Party Disclosure<\/strong><\/p><p>We do not sell, trade, or otherwise transfer to outside parties your personally identifiable information unless we provide you with advance notice. This does not include website hosting partners and other parties who assist us in operating our website, conducting our business, or servicing you, so long as those parties agree to keep this information confidential. We may also release your information when we believe release is appropriate to comply with the law, enforce our site policies, or protect ours or others' rights, property, or safety.<\/p><p>However, non-personally identifiable visitor information may be provided to other parties for marketing, advertising, or other uses.<\/p><p><strong>Third party links<\/strong><\/p><p>Occasionally, at our discretion, we may include or offer third party products or services on our website. These third party sites have separate and independent privacy policies. We therefore have no responsibility or liability for the content and activities of these linked sites. Nonetheless, we seek to protect the integrity of our site and welcome any feedback about these sites.<\/p><p>If there are any questions regarding this privacy policy you may contact us.<\/p>","_et_gb_content_width":"","yasr_overall_rating":0,"yasr_post_is_review":"","yasr_auto_insert_disabled":"","yasr_review_type":"","footnotes":""},"class_list":["post-9508","page","type-page","status-publish","hentry"],"yoast_head":"<!-- This site is optimized with the Yoast SEO Premium plugin v19.2.1 (Yoast SEO v27.3) - https:\/\/yoast.com\/product\/yoast-seo-premium-wordpress\/ -->\n<title>Privacy Policy &#187; SD Memory Cards<\/title>\n<meta name=\"description\" content=\"We recommend all readers visit our privacy policy to learn more about how visitor data and personal information is handled.\" \/>\n<meta name=\"robots\" content=\"index, follow, max-snippet:-1, max-image-preview:large, max-video-preview:-1\" \/>\n<link rel=\"canonical\" href=\"https:\/\/sd-memory-cards.net\/pt\/politica-de-privacidade\/\" \/>\n<meta property=\"og:locale\" content=\"pt_PT\" \/>\n<meta property=\"og:type\" content=\"article\" \/>\n<meta property=\"og:title\" content=\"Privacy Policy\" \/>\n<meta property=\"og:description\" content=\"We recommend all readers visit our privacy policy to learn more about how visitor data and personal information is handled.\" \/>\n<meta property=\"og:url\" content=\"https:\/\/sd-memory-cards.net\/pt\/politica-de-privacidade\/\" \/>\n<meta property=\"og:site_name\" content=\"SD Memory Cards\" \/>\n<meta property=\"article:publisher\" content=\"https:\/\/www.facebook.com\/profile.php?id=100068407795273\" \/>\n<meta property=\"article:modified_time\" content=\"2020-07-15T23:12:17+00:00\" \/>\n<meta name=\"twitter:card\" content=\"summary_large_image\" \/>\n<meta name=\"twitter:label1\" content=\"Tempo estimado de leitura\" \/>\n\t<meta name=\"twitter:data1\" content=\"5 minutos\" \/>\n<script type=\"application\/ld+json\" class=\"yoast-schema-graph\">{\"@context\":\"https:\\\/\\\/schema.org\",\"@graph\":[{\"@type\":\"WebPage\",\"@id\":\"https:\\\/\\\/sd-memory-cards.net\\\/privacy-policy\\\/\",\"url\":\"https:\\\/\\\/sd-memory-cards.net\\\/privacy-policy\\\/\",\"name\":\"Privacy Policy &#187; SD Memory Cards\",\"isPartOf\":{\"@id\":\"https:\\\/\\\/sd-memory-cards.net\\\/#website\"},\"datePublished\":\"2015-02-07T04:10:07+00:00\",\"dateModified\":\"2020-07-15T23:12:17+00:00\",\"description\":\"We recommend all readers visit our privacy policy to learn more about how visitor data and personal information is handled.\",\"inLanguage\":\"pt-PT\",\"potentialAction\":[{\"@type\":\"ReadAction\",\"target\":[\"https:\\\/\\\/sd-memory-cards.net\\\/privacy-policy\\\/\"]}]},{\"@type\":\"WebSite\",\"@id\":\"https:\\\/\\\/sd-memory-cards.net\\\/#website\",\"url\":\"https:\\\/\\\/sd-memory-cards.net\\\/\",\"name\":\"SD Memory Cards\",\"description\":\"Everything about Memory Cards &amp; Storage Devices\",\"publisher\":{\"@id\":\"https:\\\/\\\/sd-memory-cards.net\\\/#organization\"},\"potentialAction\":[{\"@type\":\"SearchAction\",\"target\":{\"@type\":\"EntryPoint\",\"urlTemplate\":\"https:\\\/\\\/sd-memory-cards.net\\\/?s={search_term_string}\"},\"query-input\":{\"@type\":\"PropertyValueSpecification\",\"valueRequired\":true,\"valueName\":\"search_term_string\"}}],\"inLanguage\":\"pt-PT\"},{\"@type\":\"Organization\",\"@id\":\"https:\\\/\\\/sd-memory-cards.net\\\/#organization\",\"name\":\"SD Memory Cards\",\"url\":\"https:\\\/\\\/sd-memory-cards.net\\\/\",\"logo\":{\"@type\":\"ImageObject\",\"inLanguage\":\"pt-PT\",\"@id\":\"https:\\\/\\\/sd-memory-cards.net\\\/#\\\/schema\\\/logo\\\/image\\\/\",\"url\":\"https:\\\/\\\/sd-memory-cards.net\\\/wp-content\\\/uploads\\\/2022\\\/11\\\/sd-memory-cards-logo.png\",\"contentUrl\":\"https:\\\/\\\/sd-memory-cards.net\\\/wp-content\\\/uploads\\\/2022\\\/11\\\/sd-memory-cards-logo.png\",\"width\":748,\"height\":148,\"caption\":\"SD Memory Cards\"},\"image\":{\"@id\":\"https:\\\/\\\/sd-memory-cards.net\\\/#\\\/schema\\\/logo\\\/image\\\/\"},\"sameAs\":[\"https:\\\/\\\/www.facebook.com\\\/profile.php?id=100068407795273\"]},false]}<\/script>\n<!-- \/ Yoast SEO Premium plugin. -->","yoast_head_json":{"title":"Privacy Policy &#187; SD Memory Cards","description":"We recommend all readers visit our privacy policy to learn more about how visitor data and personal information is handled.","robots":{"index":"index","follow":"follow","max-snippet":"max-snippet:-1","max-image-preview":"max-image-preview:large","max-video-preview":"max-video-preview:-1"},"canonical":"https:\/\/sd-memory-cards.net\/pt\/politica-de-privacidade\/","og_locale":"pt_PT","og_type":"article","og_title":"Privacy Policy","og_description":"We recommend all readers visit our privacy policy to learn more about how visitor data and personal information is handled.","og_url":"https:\/\/sd-memory-cards.net\/pt\/politica-de-privacidade\/","og_site_name":"SD Memory Cards","article_publisher":"https:\/\/www.facebook.com\/profile.php?id=100068407795273","article_modified_time":"2020-07-15T23:12:17+00:00","twitter_card":"summary_large_image","twitter_misc":{"Tempo estimado de leitura":"5 minutos"},"schema":{"@context":"https:\/\/schema.org","@graph":[{"@type":"WebPage","@id":"https:\/\/sd-memory-cards.net\/privacy-policy\/","url":"https:\/\/sd-memory-cards.net\/privacy-policy\/","name":"Privacy Policy &#187; SD Memory Cards","isPartOf":{"@id":"https:\/\/sd-memory-cards.net\/#website"},"datePublished":"2015-02-07T04:10:07+00:00","dateModified":"2020-07-15T23:12:17+00:00","description":"We recommend all readers visit our privacy policy to learn more about how visitor data and personal information is handled.","inLanguage":"pt-PT","potentialAction":[{"@type":"ReadAction","target":["https:\/\/sd-memory-cards.net\/privacy-policy\/"]}]},{"@type":"WebSite","@id":"https:\/\/sd-memory-cards.net\/#website","url":"https:\/\/sd-memory-cards.net\/","name":"SD Memory Cards","description":"Everything about Memory Cards &amp; Storage Devices","publisher":{"@id":"https:\/\/sd-memory-cards.net\/#organization"},"potentialAction":[{"@type":"SearchAction","target":{"@type":"EntryPoint","urlTemplate":"https:\/\/sd-memory-cards.net\/?s={search_term_string}"},"query-input":{"@type":"PropertyValueSpecification","valueRequired":true,"valueName":"search_term_string"}}],"inLanguage":"pt-PT"},{"@type":"Organization","@id":"https:\/\/sd-memory-cards.net\/#organization","name":"SD Memory Cards","url":"https:\/\/sd-memory-cards.net\/","logo":{"@type":"ImageObject","inLanguage":"pt-PT","@id":"https:\/\/sd-memory-cards.net\/#\/schema\/logo\/image\/","url":"https:\/\/sd-memory-cards.net\/wp-content\/uploads\/2022\/11\/sd-memory-cards-logo.png","contentUrl":"https:\/\/sd-memory-cards.net\/wp-content\/uploads\/2022\/11\/sd-memory-cards-logo.png","width":748,"height":148,"caption":"SD Memory Cards"},"image":{"@id":"https:\/\/sd-memory-cards.net\/#\/schema\/logo\/image\/"},"sameAs":["https:\/\/www.facebook.com\/profile.php?id=100068407795273"]},false]}},"yasr_visitor_votes":{"stars_attributes":{"read_only":false,"span_bottom":false},"number_of_votes":0,"sum_votes":0},"amp_enabled":true,"_links":{"self":[{"href":"https:\/\/sd-memory-cards.net\/pt\/wp-json\/wp\/v2\/pages\/9508","targetHints":{"allow":["GET"]}}],"collection":[{"href":"https:\/\/sd-memory-cards.net\/pt\/wp-json\/wp\/v2\/pages"}],"about":[{"href":"https:\/\/sd-memory-cards.net\/pt\/wp-json\/wp\/v2\/types\/page"}],"author":[{"embeddable":true,"href":"https:\/\/sd-memory-cards.net\/pt\/wp-json\/wp\/v2\/users\/11"}],"replies":[{"embeddable":true,"href":"https:\/\/sd-memory-cards.net\/pt\/wp-json\/wp\/v2\/comments?post=9508"}],"version-history":[{"count":0,"href":"https:\/\/sd-memory-cards.net\/pt\/wp-json\/wp\/v2\/pages\/9508\/revisions"}],"wp:attachment":[{"href":"https:\/\/sd-memory-cards.net\/pt\/wp-json\/wp\/v2\/media?parent=9508"}],"curies":[{"name":"wp","href":"https:\/\/api.w.org\/{rel}","templated":true}]}}